{"id":5580,"date":"2024-11-22T14:43:03","date_gmt":"2024-11-22T06:43:03","guid":{"rendered":"https:\/\/fayshing.com\/?post_type=product&#038;p=5580"},"modified":"2025-08-08T15:49:45","modified_gmt":"2025-08-08T07:49:45","slug":"42x46mm-schaukelverschluss-klein-messingfarbener-riegel-fs1087","status":"publish","type":"product","link":"https:\/\/fayshing.com\/de-de\/product\/42x46mm-schaukelverschluss-klein-messingfarbener-riegel-fs1087\/","title":{"rendered":"Kleiner Drehverschluss mit Messingoberfl\u00e4che 42\u00d746mm FS1087"},"content":{"rendered":"<p data-start=\"162\" data-end=\"415\">Der <strong data-start=\"166\" data-end=\"194\">FS1087 Schwenkriegelverschluss<\/strong> ist eine kompakte und vielseitige Verschlussl\u00f6sung f\u00fcr kleine Schachteln, Kisten und dekorative Aufbewahrungsbeh\u00e4lter. Messung <strong data-start=\"308\" data-end=\"321\">42 \u00d7 46 mm<\/strong>Sie bietet eine sichere Befestigungsmethode und verleiht Ihrem Projekt einen raffinierten, klassischen Touch.<\/p>\n<p data-start=\"417\" data-end=\"724\">Hergestellt aus <strong data-start=\"427\" data-end=\"444\">haltbarer Stahl<\/strong> und erh\u00e4ltlich in <strong data-start=\"462\" data-end=\"470\">Gold<\/strong>, <strong data-start=\"472\" data-end=\"482\">Chrom<\/strong>, oder <strong data-start=\"487\" data-end=\"496\">schwarz<\/strong> Der FS1087 ist sowohl f\u00fcr funktionale als auch f\u00fcr dekorative Zwecke geeignet. Sein Schwenkverschluss erm\u00f6glicht ein schnelles \u00d6ffnen und Schlie\u00dfen und ist somit ideal f\u00fcr Schmuckk\u00e4stchen, Geschenkboxen, Aufbewahrungstruhen und kleine Holzkisten.<\/p>\n<p data-start=\"726\" data-end=\"745\"><strong data-start=\"726\" data-end=\"743\">Wesentliche Merkmale:<\/strong><\/p>\n<ul data-start=\"746\" data-end=\"1015\">\n<li data-start=\"746\" data-end=\"770\">\n<p data-start=\"748\" data-end=\"770\">Produkt-Code: FS1087<\/p>\n<\/li>\n<li data-start=\"771\" data-end=\"804\">\n<p data-start=\"773\" data-end=\"804\">Typ: Kleines Schwenkriegelschloss<\/p>\n<\/li>\n<li data-start=\"805\" data-end=\"824\">\n<p data-start=\"807\" data-end=\"824\">Gr\u00f6\u00dfe: 42 \u00d7 46 mm<\/p>\n<\/li>\n<li data-start=\"825\" data-end=\"844\">\n<p data-start=\"827\" data-end=\"844\">Material: Stahl<\/p>\n<\/li>\n<li data-start=\"845\" data-end=\"886\">\n<p data-start=\"847\" data-end=\"886\">Ausf\u00fchrungsoptionen: Gold \/ Chrom \/ Schwarz<\/p>\n<\/li>\n<li data-start=\"887\" data-end=\"933\">\n<p data-start=\"889\" data-end=\"933\">Kompaktes, dekoratives und funktionales Design<\/p>\n<\/li>\n<li data-start=\"934\" data-end=\"1015\">\n<p data-start=\"936\" data-end=\"1015\">Anwendungen: Schmuckk\u00e4stchen, Geschenkk\u00e4stchen, Aufbewahrungstruhen, kleine Aufbewahrungsbeh\u00e4lter<\/p>\n<\/li>\n<\/ul>\n<p data-start=\"1017\" data-end=\"1150\">Der FS1087 ist die perfekte Wahl f\u00fcr das Hinzuf\u00fcgen von sowohl <strong data-start=\"1066\" data-end=\"1087\">praktischer Abschluss<\/strong> Und <strong data-start=\"1092\" data-end=\"1112\">\u00e4sthetischer Anklang<\/strong> f\u00fcr kleine Bastel- oder Aufbewahrungsprojekte.<\/p>","protected":false},"excerpt":{"rendered":"<ul>\n<li>Gr\u00f6\u00dfe: 42\u00d746mm;<\/li>\n<li>Material: Stahl;<\/li>\n<li>Finish: Gold, Chrom, Schwarz<\/li>\n<\/ul>","protected":false},"featured_media":5581,"comment_status":"open","ping_status":"closed","template":"","meta":{"_acf_changed":false},"product_brand":[],"product_cat":[273,23],"product_tag":[],"class_list":{"0":"post-5580","1":"product","2":"type-product","3":"status-publish","4":"has-post-thumbnail","6":"product_cat-jewelry-box-latch-hasp","7":"product_cat-latches","8":"description-off","10":"first","11":"instock","12":"shipping-taxable","13":"product-type-simple"},"acf":[],"_links":{"self":[{"href":"https:\/\/fayshing.com\/de-de\/wp-json\/wp\/v2\/product\/5580","targetHints":{"allow":["GET"]}}],"collection":[{"href":"https:\/\/fayshing.com\/de-de\/wp-json\/wp\/v2\/product"}],"about":[{"href":"https:\/\/fayshing.com\/de-de\/wp-json\/wp\/v2\/types\/product"}],"replies":[{"embeddable":true,"href":"https:\/\/fayshing.com\/de-de\/wp-json\/wp\/v2\/comments?post=5580"}],"wp:featuredmedia":[{"embeddable":true,"href":"https:\/\/fayshing.com\/de-de\/wp-json\/wp\/v2\/media\/5581"}],"wp:attachment":[{"href":"https:\/\/fayshing.com\/de-de\/wp-json\/wp\/v2\/media?parent=5580"}],"wp:term":[{"taxonomy":"product_brand","embeddable":true,"href":"https:\/\/fayshing.com\/de-de\/wp-json\/wp\/v2\/product_brand?post=5580"},{"taxonomy":"product_cat","embeddable":true,"href":"https:\/\/fayshing.com\/de-de\/wp-json\/wp\/v2\/product_cat?post=5580"},{"taxonomy":"product_tag","embeddable":true,"href":"https:\/\/fayshing.com\/de-de\/wp-json\/wp\/v2\/product_tag?post=5580"}],"curies":[{"name":"wp","href":"https:\/\/api.w.org\/{rel}","templated":true}]}}