{"id":5489,"date":"2024-11-11T16:12:16","date_gmt":"2024-11-11T08:12:16","guid":{"rendered":"https:\/\/fayshing.com\/?post_type=product&#038;p=5489"},"modified":"2025-08-08T16:00:51","modified_gmt":"2025-08-08T08:00:51","slug":"kleines-klavierscharnier-fur-schmuckkastchen-fs5063","status":"publish","type":"product","link":"https:\/\/fayshing.com\/de-de\/product\/kleines-klavierscharnier-fur-schmuckkastchen-fs5063\/","title":{"rendered":"Kleine Klavier-Scharniere f\u00fcr Schmuckk\u00e4stchen FS5063"},"content":{"rendered":"<p data-start=\"148\" data-end=\"444\">Der <strong data-start=\"152\" data-end=\"180\">FS5063 Kleines Klavierscharnier<\/strong> ist eine elegante und langlebige Scharnierl\u00f6sung f\u00fcr Schmuckk\u00e4stchen, Geschenkboxen, Aufbewahrungstruhen und andere kleine Holzkisten. Messung <strong data-start=\"316\" data-end=\"329\">100 \u00d7 9mm<\/strong> und mit <strong data-start=\"344\" data-end=\"369\">6 gleichm\u00e4\u00dfig verteilte L\u00f6cher<\/strong>Er sorgt f\u00fcr einen reibungslosen Betrieb und eine zuverl\u00e4ssige Ausrichtung von Deckeln und T\u00fcren.<\/p>\n<p data-start=\"446\" data-end=\"729\">Hergestellt aus <strong data-start=\"456\" data-end=\"478\">Qualit\u00e4tsstahl<\/strong> und erh\u00e4ltlich in <strong data-start=\"496\" data-end=\"506\">Chrom<\/strong>, <strong data-start=\"508\" data-end=\"516\">Gold<\/strong>, oder <strong data-start=\"521\" data-end=\"530\">schwarz<\/strong> Der FS5063 bietet sowohl St\u00e4rke als auch Stil und passt damit zu einer Vielzahl von Schachteldesigns. Durch seine kompakte Gr\u00f6\u00dfe ist er perfekt f\u00fcr heikle Projekte, bei denen Pr\u00e4zision und \u00c4sthetik gleicherma\u00dfen wichtig sind.<\/p>\n<p data-start=\"731\" data-end=\"750\"><strong data-start=\"731\" data-end=\"748\">Wesentliche Merkmale:<\/strong><\/p>\n<ul data-start=\"751\" data-end=\"1051\">\n<li data-start=\"751\" data-end=\"775\">\n<p data-start=\"753\" data-end=\"775\">Produkt-Code: FS5063<\/p>\n<\/li>\n<li data-start=\"776\" data-end=\"821\">\n<p data-start=\"778\" data-end=\"821\">Typ: Kleines Klavierscharnier f\u00fcr Schmuckschatullen<\/p>\n<\/li>\n<li data-start=\"822\" data-end=\"841\">\n<p data-start=\"824\" data-end=\"841\">Gr\u00f6\u00dfe: 100 \u00d7 9 mm<\/p>\n<\/li>\n<li data-start=\"842\" data-end=\"892\">\n<p data-start=\"844\" data-end=\"892\">Anzahl der L\u00f6cher: 6 L\u00f6cher f\u00fcr sichere Montage<\/p>\n<\/li>\n<li data-start=\"893\" data-end=\"912\">\n<p data-start=\"895\" data-end=\"912\">Material: Stahl<\/p>\n<\/li>\n<li data-start=\"913\" data-end=\"954\">\n<p data-start=\"915\" data-end=\"954\">Ausf\u00fchrungsoptionen: Chrom \/ Gold \/ Schwarz<\/p>\n<\/li>\n<li data-start=\"955\" data-end=\"1051\">\n<p data-start=\"957\" data-end=\"1051\">Anwendungen: Schmuckk\u00e4stchen, Geschenkk\u00e4stchen, Aufbewahrungstruhen, Bastelprojekte, kleine Holzkisten<\/p>\n<\/li>\n<\/ul>\n<p data-start=\"1053\" data-end=\"1195\">Der FS5063 eignet sich sowohl f\u00fcr <strong data-start=\"1082\" data-end=\"1106\">neue Boxkonstruktion<\/strong> Und <strong data-start=\"1111\" data-end=\"1131\">Restaurierungsarbeiten<\/strong>und verbindet Funktionalit\u00e4t mit einem raffinierten, professionellen Design.<\/p>","protected":false},"excerpt":{"rendered":"<ul>\n<li>6 L\u00f6cher, kleine Klavier-Scharniere f\u00fcr Schmuckk\u00e4stchen<\/li>\n<li>100 x 9 mm<\/li>\n<li>Chrom \/ Gold \/ Schwarz<\/li>\n<li>Stahl<\/li>\n<\/ul>","protected":false},"featured_media":5490,"comment_status":"open","ping_status":"closed","template":"","meta":{"_acf_changed":false},"product_brand":[],"product_cat":[114,131],"product_tag":[],"class_list":{"0":"post-5489","1":"product","2":"type-product","3":"status-publish","4":"has-post-thumbnail","6":"product_cat-hinges-lid-stays","7":"product_cat-rectangle-hinges","8":"pa_material-iron","9":"pa_parts-no-fs5063","10":"pa_surface-treatment-black","11":"pa_surface-treatment-chrome","12":"pa_surface-treatment-golden","13":"description-off","15":"first","16":"instock","17":"shipping-taxable","18":"product-type-simple"},"acf":[],"_links":{"self":[{"href":"https:\/\/fayshing.com\/de-de\/wp-json\/wp\/v2\/product\/5489","targetHints":{"allow":["GET"]}}],"collection":[{"href":"https:\/\/fayshing.com\/de-de\/wp-json\/wp\/v2\/product"}],"about":[{"href":"https:\/\/fayshing.com\/de-de\/wp-json\/wp\/v2\/types\/product"}],"replies":[{"embeddable":true,"href":"https:\/\/fayshing.com\/de-de\/wp-json\/wp\/v2\/comments?post=5489"}],"wp:featuredmedia":[{"embeddable":true,"href":"https:\/\/fayshing.com\/de-de\/wp-json\/wp\/v2\/media\/5490"}],"wp:attachment":[{"href":"https:\/\/fayshing.com\/de-de\/wp-json\/wp\/v2\/media?parent=5489"}],"wp:term":[{"taxonomy":"product_brand","embeddable":true,"href":"https:\/\/fayshing.com\/de-de\/wp-json\/wp\/v2\/product_brand?post=5489"},{"taxonomy":"product_cat","embeddable":true,"href":"https:\/\/fayshing.com\/de-de\/wp-json\/wp\/v2\/product_cat?post=5489"},{"taxonomy":"product_tag","embeddable":true,"href":"https:\/\/fayshing.com\/de-de\/wp-json\/wp\/v2\/product_tag?post=5489"}],"curies":[{"name":"wp","href":"https:\/\/api.w.org\/{rel}","templated":true}]}}