{"id":4843,"date":"2024-06-07T11:42:24","date_gmt":"2024-06-07T03:42:24","guid":{"rendered":"https:\/\/fayshing.com\/?post_type=product&#038;p=4843"},"modified":"2025-08-06T17:39:05","modified_gmt":"2025-08-06T09:39:05","slug":"metal-small-wooden-box-hinge-180-degree-fs-5004","status":"publish","type":"product","link":"https:\/\/fayshing.com\/de-de\/product\/metal-small-wooden-box-hinge-180-degree-fs-5004\/","title":{"rendered":"Scharnier f\u00fcr kleine Holzkisten aus Metall, 180 Grad, FS-5004"},"content":{"rendered":"<p>Scharnier f\u00fcr kleine Holzkisten aus Metall, 180 Grad, FS-5004<\/p>\n<p>Breite Anwendung: Weit verbreitet in verschiedenen Arten von Holzkisten und -kisten, Werkzeugkisten usw.<\/p>\n<hr \/>\n<p><strong>Beschreibung :<\/strong><\/p>\n<ul>\n<li>Seite: 26 \u00d7 24 mm \/ 1,02 \u00d7 0,94 Zoll<\/li>\n<li>Material: Eisen<\/li>\n<li>Chrom: Chrom \/ Gold \/ Schwarz<\/li>\n<\/ul>\n<hr \/>\n<p><strong>Notiz :<\/strong><\/p>\n<ul>\n<li>Aufgrund manueller Messung ist eine Abweichung von 1\u20132 mm m\u00f6glich. Unterschiedliche Aufnahmelichtverh\u00e4ltnisse und unterschiedliche Monitore k\u00f6nnen dazu f\u00fchren, dass die Farbe des Produkts auf dem Bild leicht von dem tats\u00e4chlichen Produkt abweicht.<\/li>\n<li>Bitte <a href=\"https:\/\/fayshing.com\/de-de\/contact-us\/\">kontaktiere uns<\/a> \u00dcberpr\u00fcfen Sie unsere Produktgr\u00f6\u00dfen sorgf\u00e4ltig und lesen Sie die Gr\u00f6\u00dfenbeschreibungen der Produkte vor dem Kauf, um m\u00f6glicherweise unangenehme Einkaufserlebnisse zu vermeiden.<\/li>\n<\/ul>","protected":false},"excerpt":{"rendered":"<ul>\n<li>Seite: 26 \u00d7 24 mm \/ 1,02 \u00d7 0,94 Zoll<\/li>\n<li>Material: Eisen<\/li>\n<li>Chrom: Chrom \/ Gold \/ Schwarz<\/li>\n<li>180 Grad<\/li>\n<\/ul>","protected":false},"featured_media":4844,"comment_status":"open","ping_status":"closed","template":"","meta":{"_acf_changed":false},"product_brand":[],"product_cat":[114,130],"product_tag":[],"class_list":{"0":"post-4843","1":"product","2":"type-product","3":"status-publish","4":"has-post-thumbnail","6":"product_cat-hinges-lid-stays","7":"product_cat-plum-shaped-hinges","8":"description-off","10":"first","11":"instock","12":"shipping-taxable","13":"product-type-simple"},"acf":[],"_links":{"self":[{"href":"https:\/\/fayshing.com\/de-de\/wp-json\/wp\/v2\/product\/4843","targetHints":{"allow":["GET"]}}],"collection":[{"href":"https:\/\/fayshing.com\/de-de\/wp-json\/wp\/v2\/product"}],"about":[{"href":"https:\/\/fayshing.com\/de-de\/wp-json\/wp\/v2\/types\/product"}],"replies":[{"embeddable":true,"href":"https:\/\/fayshing.com\/de-de\/wp-json\/wp\/v2\/comments?post=4843"}],"wp:featuredmedia":[{"embeddable":true,"href":"https:\/\/fayshing.com\/de-de\/wp-json\/wp\/v2\/media\/4844"}],"wp:attachment":[{"href":"https:\/\/fayshing.com\/de-de\/wp-json\/wp\/v2\/media?parent=4843"}],"wp:term":[{"taxonomy":"product_brand","embeddable":true,"href":"https:\/\/fayshing.com\/de-de\/wp-json\/wp\/v2\/product_brand?post=4843"},{"taxonomy":"product_cat","embeddable":true,"href":"https:\/\/fayshing.com\/de-de\/wp-json\/wp\/v2\/product_cat?post=4843"},{"taxonomy":"product_tag","embeddable":true,"href":"https:\/\/fayshing.com\/de-de\/wp-json\/wp\/v2\/product_tag?post=4843"}],"curies":[{"name":"wp","href":"https:\/\/api.w.org\/{rel}","templated":true}]}}