{"id":4839,"date":"2024-06-07T11:23:28","date_gmt":"2024-06-07T03:23:28","guid":{"rendered":"https:\/\/fayshing.com\/?post_type=product&#038;p=4839"},"modified":"2025-08-05T13:41:09","modified_gmt":"2025-08-05T05:41:09","slug":"metal-small-wooden-box-hinges-180-degree-fs-5002","status":"publish","type":"product","link":"https:\/\/fayshing.com\/de-de\/product\/metal-small-wooden-box-hinges-180-degree-fs-5002\/","title":{"rendered":"Metallscharniere f\u00fcr kleine Holzkiste 180 Grad FS-5002"},"content":{"rendered":"<p data-start=\"129\" data-end=\"476\">Verleihen Sie Ihren handgefertigten Schachteln einen raffinierten Schliff mit dem <strong data-start=\"194\" data-end=\"241\">FS-5002 Metallscharniere f\u00fcr kleine Holzkisten<\/strong>. Diese kompakten, auf Form und Funktion ausgerichteten <strong data-start=\"303\" data-end=\"324\">180-Grad-Scharniere<\/strong> bieten einen reibungslosen Betrieb und einen weiten \u00d6ffnungswinkel, wodurch sie sich ideal f\u00fcr Schmuckk\u00e4stchen, Andenkenkisten, Geschenkboxen und andere kleine Holzbeh\u00e4lter eignen.<\/p>\n<p data-start=\"478\" data-end=\"833\">Einfach messen <strong data-start=\"493\" data-end=\"525\">26,5\u00d721mm (1,04\u00d70,83 Zoll)<\/strong>sind diese Scharniere aus langlebigem <strong data-start=\"562\" data-end=\"570\">Eisen<\/strong> und sind in drei stilvollen Ausf\u00fchrungen erh\u00e4ltlich: <strong data-start=\"616\" data-end=\"626\">Chrom<\/strong>, <strong data-start=\"628\" data-end=\"636\">Gold<\/strong>und <strong data-start=\"642\" data-end=\"651\">schwarz<\/strong>, um eine Vielzahl von Design-\u00c4sthetiken zu erf\u00fcllen. Ganz gleich, ob Sie eine alte Schachtel restaurieren oder etwas Neues basteln, diese <strong data-start=\"765\" data-end=\"798\">Scharniere f\u00fcr kleine Holzkisten<\/strong> bieten sowohl Stabilit\u00e4t als auch Eleganz.<\/p>\n<p data-start=\"835\" data-end=\"852\"><strong data-start=\"835\" data-end=\"852\">Wesentliche Merkmale:<\/strong><\/p>\n<ul data-start=\"853\" data-end=\"1096\">\n<li data-start=\"853\" data-end=\"878\">\n<p data-start=\"855\" data-end=\"878\">Produkt-Code: FS-5002<\/p>\n<\/li>\n<li data-start=\"879\" data-end=\"925\">\n<p data-start=\"881\" data-end=\"925\">Anwendung: Scharniere f\u00fcr kleine Holzkisten<\/p>\n<\/li>\n<li data-start=\"926\" data-end=\"944\">\n<p data-start=\"928\" data-end=\"944\">Material: Eisen<\/p>\n<\/li>\n<li data-start=\"945\" data-end=\"984\">\n<p data-start=\"947\" data-end=\"984\">Ausf\u00fchrungsoptionen: Chrom, Gold, Schwarz<\/p>\n<\/li>\n<li data-start=\"985\" data-end=\"1021\">\n<p data-start=\"987\" data-end=\"1021\">Gr\u00f6\u00dfe: 26,5\u00d721mm \/ 1,04\u00d70,83 Zoll<\/p>\n<\/li>\n<li data-start=\"1022\" data-end=\"1045\">\n<p data-start=\"1024\" data-end=\"1045\">\u00d6ffnungswinkel: 180\u00b0<\/p>\n<\/li>\n<li data-start=\"1046\" data-end=\"1096\">\n<p data-start=\"1048\" data-end=\"1096\">Schlankes, kompaktes Design f\u00fcr eine pr\u00e4zise Installation<\/p>\n<\/li>\n<\/ul>\n<p data-start=\"1098\" data-end=\"1235\">Das FS-5002 ist eine zuverl\u00e4ssige und optisch ansprechende Scharnierl\u00f6sung, die sich perfekt f\u00fcr Heimwerkerprojekte, Bastelarbeiten oder die professionelle Herstellung von Schachteln eignet.<\/p>","protected":false},"excerpt":{"rendered":"<ul>\n<li>Scharniere f\u00fcr kleine Holzkisten<\/li>\n<li>Seite: 26,5 \u00d7 21 mm \/ 1,04 \u00d7 0,83 Zoll<\/li>\n<li>Material: Eisen<\/li>\n<li>Chrom: Chrom \/ Gold \/ Schwarz<\/li>\n<li>180 Grad<\/li>\n<\/ul>","protected":false},"featured_media":4840,"comment_status":"open","ping_status":"closed","template":"","meta":{"_acf_changed":false},"product_brand":[],"product_cat":[114,130],"product_tag":[],"class_list":{"0":"post-4839","1":"product","2":"type-product","3":"status-publish","4":"has-post-thumbnail","6":"product_cat-hinges-lid-stays","7":"product_cat-plum-shaped-hinges","8":"description-off","10":"first","11":"instock","12":"shipping-taxable","13":"product-type-simple"},"acf":[],"_links":{"self":[{"href":"https:\/\/fayshing.com\/de-de\/wp-json\/wp\/v2\/product\/4839","targetHints":{"allow":["GET"]}}],"collection":[{"href":"https:\/\/fayshing.com\/de-de\/wp-json\/wp\/v2\/product"}],"about":[{"href":"https:\/\/fayshing.com\/de-de\/wp-json\/wp\/v2\/types\/product"}],"replies":[{"embeddable":true,"href":"https:\/\/fayshing.com\/de-de\/wp-json\/wp\/v2\/comments?post=4839"}],"wp:featuredmedia":[{"embeddable":true,"href":"https:\/\/fayshing.com\/de-de\/wp-json\/wp\/v2\/media\/4840"}],"wp:attachment":[{"href":"https:\/\/fayshing.com\/de-de\/wp-json\/wp\/v2\/media?parent=4839"}],"wp:term":[{"taxonomy":"product_brand","embeddable":true,"href":"https:\/\/fayshing.com\/de-de\/wp-json\/wp\/v2\/product_brand?post=4839"},{"taxonomy":"product_cat","embeddable":true,"href":"https:\/\/fayshing.com\/de-de\/wp-json\/wp\/v2\/product_cat?post=4839"},{"taxonomy":"product_tag","embeddable":true,"href":"https:\/\/fayshing.com\/de-de\/wp-json\/wp\/v2\/product_tag?post=4839"}],"curies":[{"name":"wp","href":"https:\/\/api.w.org\/{rel}","templated":true}]}}