{"id":4164,"date":"2022-07-27T15:10:39","date_gmt":"2022-07-27T07:10:39","guid":{"rendered":"https:\/\/fayshing.com\/?post_type=product&#038;p=4164"},"modified":"2025-08-07T09:40:13","modified_gmt":"2025-08-07T01:40:13","slug":"eva-pinhole-cotton-40-degrees-thick-20mm","status":"publish","type":"product","link":"https:\/\/fayshing.com\/de-de\/product\/eva-pinhole-cotton-40-degrees-thick-20mm\/","title":{"rendered":"EVA Flightcase Schaumstoff Pinhole Baumwolle 20mm dick FS-C014"},"content":{"rendered":"<p><strong>EVA Flightcase Schaumstoff Pinhole Baumwolle 20mm dick FS-C014<\/strong><\/p>\n<ol>\n<li>Gr\u00f6\u00dfe: 1000*2000*20mm oder kundenspezifisch;<\/li>\n<li>Material: EVA<\/li>\n<li>Vorteile: Mitteldichter Schaumstoff bietet hervorragenden Schutz, Einfacher Einbau in kompatible Flightcases \/ verschiedene Koffer;<\/li>\n<li>Verwendet: Flight Case-Schaum, Trolly Case-Schaum, M\u00f6beldekoration, etc.<\/li>\n<\/ol>\n<p>Flightcase-Schaumstoffeins\u00e4tze sind so konzipiert, dass sie in kompatiblen Flightcases zus\u00e4tzlichen Schutz bieten. Die Schaumstoffplatten mittlerer Dichte sichern und sch\u00fctzen, halten an Ort und Stelle und absorbieren St\u00f6\u00dfe, um empfindliche Ger\u00e4te w\u00e4hrend des Transports zu sch\u00fctzen.<\/p>\n<p>Mit Flightcase-Schaumstoffeinlagen k\u00f6nnen Sie die Form des Schaumstoffschutzes schnell und einfach an Ihre Bed\u00fcrfnisse anpassen. Mit vorgestanzten Schaumstoffw\u00fcrfeln, die ohne Werkzeug entfernt werden k\u00f6nnen, m\u00fcssen Sie nur einen Abschnitt entfernen, der der Form Ihrer Ausr\u00fcstung entspricht.<\/p>","protected":false},"excerpt":{"rendered":"<ol>\n<li>Gr\u00f6\u00dfe: 1000*2000*20mm oder kundenspezifisch;<\/li>\n<li>Material: EVA<\/li>\n<li>Vorteile: Mitteldichter Schaumstoff bietet hervorragenden Schutz, Einfacher Einbau in kompatible Flightcases \/ verschiedene Koffer;<\/li>\n<li>Verwendet: Flight Case-Schaum, Trolly Case-Schaum, M\u00f6beldekoration, etc.<\/li>\n<\/ol>","protected":false},"featured_media":4166,"comment_status":"closed","ping_status":"closed","template":"","meta":{"_acf_changed":false},"product_brand":[],"product_cat":[110],"product_tag":[],"class_list":{"0":"post-4164","1":"product","2":"type-product","3":"status-publish","4":"has-post-thumbnail","6":"product_cat-panels-and-laminates","7":"pa_application-flight-case-trolly-case-furniture-decoration-etc","8":"pa_delivery-time-please-contact-sales-staff","9":"pa_material-eva","10":"description-off","12":"first","13":"instock","14":"shipping-taxable","15":"product-type-simple"},"acf":[],"_links":{"self":[{"href":"https:\/\/fayshing.com\/de-de\/wp-json\/wp\/v2\/product\/4164","targetHints":{"allow":["GET"]}}],"collection":[{"href":"https:\/\/fayshing.com\/de-de\/wp-json\/wp\/v2\/product"}],"about":[{"href":"https:\/\/fayshing.com\/de-de\/wp-json\/wp\/v2\/types\/product"}],"replies":[{"embeddable":true,"href":"https:\/\/fayshing.com\/de-de\/wp-json\/wp\/v2\/comments?post=4164"}],"wp:featuredmedia":[{"embeddable":true,"href":"https:\/\/fayshing.com\/de-de\/wp-json\/wp\/v2\/media\/4166"}],"wp:attachment":[{"href":"https:\/\/fayshing.com\/de-de\/wp-json\/wp\/v2\/media?parent=4164"}],"wp:term":[{"taxonomy":"product_brand","embeddable":true,"href":"https:\/\/fayshing.com\/de-de\/wp-json\/wp\/v2\/product_brand?post=4164"},{"taxonomy":"product_cat","embeddable":true,"href":"https:\/\/fayshing.com\/de-de\/wp-json\/wp\/v2\/product_cat?post=4164"},{"taxonomy":"product_tag","embeddable":true,"href":"https:\/\/fayshing.com\/de-de\/wp-json\/wp\/v2\/product_tag?post=4164"}],"curies":[{"name":"wp","href":"https:\/\/api.w.org\/{rel}","templated":true}]}}