{"id":4161,"date":"2022-07-27T14:59:58","date_gmt":"2022-07-27T06:59:58","guid":{"rendered":"https:\/\/fayshing.com\/?post_type=product&#038;p=4161"},"modified":"2025-08-07T09:34:18","modified_gmt":"2025-08-07T01:34:18","slug":"high-density-eva-egg-crate-foam-insert","status":"publish","type":"product","link":"https:\/\/fayshing.com\/de-de\/product\/high-density-eva-egg-crate-foam-insert\/","title":{"rendered":"Comstom High Density Flight Case Schaumstoffeinsatz EVA"},"content":{"rendered":"<ol>\n<li>Gr\u00f6\u00dfe: 1500 * 3000 * 20 mm oder individuell;<\/li>\n<li>Material: EVA<\/li>\n<li>Vorteile: Hochdichter Flightcase-Schaumstoff bietet ausgezeichneten Schutz, Einfacher Einbau in kompatiblen Flightcase-Schaumstoffeinsatz \/ verschiedene Koffer-Schaumstoffeinsatz;<\/li>\n<li>Verwendung: Flightcase, Trolleycase, M\u00f6beldekoration, etc.<\/li>\n<\/ol>\n<p>Das Set mit Schaumstoffeinlagen aus hochdichtem Flightcase-Schaumstoff bietet zus\u00e4tzlichen Schutz in kompatiblen Flightcases. Die Schaumstoffplatten mittlerer Dichte sichern und sch\u00fctzen, halten an Ort und Stelle und absorbieren St\u00f6\u00dfe, um empfindliche Ger\u00e4te w\u00e4hrend des Transports zu sch\u00fctzen.<\/p>\n<p>Mit Flightcase-Schaumstoffeinlagen k\u00f6nnen Sie die Form des Schaumstoffschutzes schnell und einfach an Ihre Bed\u00fcrfnisse anpassen. Mit vorgestanzten Schaumstoffw\u00fcrfeln, die ohne Werkzeug entfernt werden k\u00f6nnen, m\u00fcssen Sie nur einen Abschnitt entfernen, der der Form Ihrer Ausr\u00fcstung entspricht.<\/p>","protected":false},"excerpt":{"rendered":"<ol>\n<li>Gr\u00f6\u00dfe: 1500 * 3000 * 20 mm oder individuell;<\/li>\n<li>Material: EVA<\/li>\n<li>Vorteile: Dichter Schaumstoff bietet hervorragenden Schutz, Einfache Installation in kompatiblen Flightcases\/verschiedenen Koffern;<\/li>\n<li>Verwendung: Flightcase, Trolleycase, M\u00f6beldekoration, etc.<\/li>\n<\/ol>","protected":false},"featured_media":4163,"comment_status":"closed","ping_status":"closed","template":"","meta":{"_acf_changed":false},"product_brand":[],"product_cat":[110],"product_tag":[],"class_list":{"0":"post-4161","1":"product","2":"type-product","3":"status-publish","4":"has-post-thumbnail","6":"product_cat-panels-and-laminates","7":"pa_application-flight-case-trolly-case-furniture-decoration-etc","8":"pa_delivery-time-please-contact-sales-staff","9":"pa_material-eva","10":"description-off","12":"first","13":"instock","14":"shipping-taxable","15":"product-type-simple"},"acf":[],"_links":{"self":[{"href":"https:\/\/fayshing.com\/de-de\/wp-json\/wp\/v2\/product\/4161","targetHints":{"allow":["GET"]}}],"collection":[{"href":"https:\/\/fayshing.com\/de-de\/wp-json\/wp\/v2\/product"}],"about":[{"href":"https:\/\/fayshing.com\/de-de\/wp-json\/wp\/v2\/types\/product"}],"replies":[{"embeddable":true,"href":"https:\/\/fayshing.com\/de-de\/wp-json\/wp\/v2\/comments?post=4161"}],"wp:featuredmedia":[{"embeddable":true,"href":"https:\/\/fayshing.com\/de-de\/wp-json\/wp\/v2\/media\/4163"}],"wp:attachment":[{"href":"https:\/\/fayshing.com\/de-de\/wp-json\/wp\/v2\/media?parent=4161"}],"wp:term":[{"taxonomy":"product_brand","embeddable":true,"href":"https:\/\/fayshing.com\/de-de\/wp-json\/wp\/v2\/product_brand?post=4161"},{"taxonomy":"product_cat","embeddable":true,"href":"https:\/\/fayshing.com\/de-de\/wp-json\/wp\/v2\/product_cat?post=4161"},{"taxonomy":"product_tag","embeddable":true,"href":"https:\/\/fayshing.com\/de-de\/wp-json\/wp\/v2\/product_tag?post=4161"}],"curies":[{"name":"wp","href":"https:\/\/api.w.org\/{rel}","templated":true}]}}