{"id":4138,"date":"2022-07-27T14:13:37","date_gmt":"2022-07-27T06:13:37","guid":{"rendered":"https:\/\/fayshing.com\/?post_type=product&#038;p=4138"},"modified":"2025-08-06T18:06:00","modified_gmt":"2025-08-06T10:06:00","slug":"yellow-flight-case-universal-panels-fs8009","status":"publish","type":"product","link":"https:\/\/fayshing.com\/de-de\/product\/yellow-flight-case-universal-panels-fs8009\/","title":{"rendered":"Gelbe Flightcase-Universalplatten FS8009"},"content":{"rendered":"<ol>\n<li>Gr\u00f6\u00dfe: 1220 x 2440 mm oder individuell angepasst;<\/li>\n<li>Material: Eukalyptus + Aluminium + Phenol;<\/li>\n<li>Vorteile: Silbergraue wurmartige Textur;<\/li>\n<li>Verwendung: Flightcase, Trolleycase, M\u00f6beldekoration, etc.<\/li>\n<\/ol>\n<p>Vorteile:<\/p>\n<ul>\n<li>Geringes Gewicht: Als Grundmaterial w\u00e4hlen wir hochwertiges Eukalyptusholz und Pappel, die sehr leicht sind.<\/li>\n<li>Leicht zu schneiden: Das Sperrholz l\u00e4sst sich leicht schneiden, sodass die Schalung je nach Konstruktion auf die erforderlichen Gr\u00f6\u00dfen zugeschnitten werden kann.<\/li>\n<li>Keine Verformung: Auch filmbeschichtetes Sperrholz ist ganz, weist aber nach 72 Stunden Kochen in kochendem Wasser keine Verformungen oder Absplitterungen auf.<\/li>\n<li>Hochwertige Folie: Filmbeschichtetes Sperrholz wird mit einer aus Finnland importierten Dynea-Folie \u00fcberzogen. Sie sch\u00fctzt die Schalungsoberfl\u00e4che vor Korrosion und macht die Schalung haltbar, verbessert die Ebenheit der Betonoberfl\u00e4che und erm\u00f6glicht, dass die Betonoberfl\u00e4che nicht ein zweites Mal verputzt werden muss, wodurch viel Bauarbeit eingespart werden kann.<\/li>\n<li>Wasserdicht, feuerfest, schmutzabweisend und abriebfest<\/li>\n<\/ul>","protected":false},"excerpt":{"rendered":"<ol>\n<li>Gr\u00f6\u00dfe: 1220 x 2440 mm oder individuell angepasst;<\/li>\n<li>Material: Eukalyptus + Aluminium + Phenol;<\/li>\n<li>Vorteile: Silbergraue wurmartige Textur;<\/li>\n<li>Verwendung: Flightcase, Trolleycase, M\u00f6beldekoration, etc.<\/li>\n<\/ol>","protected":false},"featured_media":4140,"comment_status":"closed","ping_status":"closed","template":"","meta":{"_acf_changed":false},"product_brand":[],"product_cat":[110],"product_tag":[],"class_list":{"0":"post-4138","1":"product","2":"type-product","3":"status-publish","4":"has-post-thumbnail","6":"product_cat-panels-and-laminates","7":"pa_application-flight-case-trolly-case-furniture-decoration-etc","8":"pa_delivery-time-please-contact-sales-staff","9":"pa_material-eucalyptus-alluminum-phenolic","10":"pa_parts-no-fs8009","11":"description-off","13":"first","14":"instock","15":"shipping-taxable","16":"product-type-simple"},"acf":[],"_links":{"self":[{"href":"https:\/\/fayshing.com\/de-de\/wp-json\/wp\/v2\/product\/4138","targetHints":{"allow":["GET"]}}],"collection":[{"href":"https:\/\/fayshing.com\/de-de\/wp-json\/wp\/v2\/product"}],"about":[{"href":"https:\/\/fayshing.com\/de-de\/wp-json\/wp\/v2\/types\/product"}],"replies":[{"embeddable":true,"href":"https:\/\/fayshing.com\/de-de\/wp-json\/wp\/v2\/comments?post=4138"}],"wp:featuredmedia":[{"embeddable":true,"href":"https:\/\/fayshing.com\/de-de\/wp-json\/wp\/v2\/media\/4140"}],"wp:attachment":[{"href":"https:\/\/fayshing.com\/de-de\/wp-json\/wp\/v2\/media?parent=4138"}],"wp:term":[{"taxonomy":"product_brand","embeddable":true,"href":"https:\/\/fayshing.com\/de-de\/wp-json\/wp\/v2\/product_brand?post=4138"},{"taxonomy":"product_cat","embeddable":true,"href":"https:\/\/fayshing.com\/de-de\/wp-json\/wp\/v2\/product_cat?post=4138"},{"taxonomy":"product_tag","embeddable":true,"href":"https:\/\/fayshing.com\/de-de\/wp-json\/wp\/v2\/product_tag?post=4138"}],"curies":[{"name":"wp","href":"https:\/\/api.w.org\/{rel}","templated":true}]}}