{"id":3240,"date":"2022-05-17T10:15:44","date_gmt":"2022-05-17T02:15:44","guid":{"rendered":"https:\/\/fayshing.com\/index.php\/product\/fayshing-6034-5mm-lockable-latch-hasp-fs-1133\/"},"modified":"2024-08-27T15:49:20","modified_gmt":"2024-08-27T07:49:20","slug":"fayshing-6034-5mm-lockable-latch-hasp-fs-1133","status":"publish","type":"product","link":"https:\/\/fayshing.com\/de-de\/product\/fayshing-6034-5mm-lockable-latch-hasp-fs-1133\/","title":{"rendered":"Abschlie\u00dfbarer Aktenkoffer-Verschluss-Haspe FS-1147"},"content":{"rendered":"<h5>Wir haben Schnallen und Schl\u00f6sser f\u00fcr Boxen\/Koffer in verschiedenen Formen und Farben, um Ihren unterschiedlichen Anforderungen gerecht zu werden. Alle m\u00f6glichen sch\u00f6nen Designs, die Ihre Box sch\u00fctzen und gleichzeitig Ihre Box\/Ihren Koffer schm\u00fccken.<\/h5>\n<p>[Produktabmessungen]: 60*34,5 mm.<br \/>\n[Einfach zu bedienen:] Zum \u00d6ffnen einfach den Zugarm anheben.<br \/>\n[Verschiedene Anwendungen: Gitarrenkoffer, Musikinstrumentenkoffer, Gep\u00e4ck, Koffer, Werkzeugkiste, Holzkiste, Ger\u00e4tekiste, etc.<br \/>\n[Produktmerkmal]: Mit Zugkraft, einfache Struktur, einfach zu installieren, langlebig.<br \/>\n[Einbau]: Nach den Produktspezifikationen, eine gute Gr\u00f6\u00dfe festgelegt, dann verwenden Sie Nieten \/ Schrauben \/ Punktschwei\u00dfen Operationen.<\/p>","protected":false},"excerpt":{"rendered":"<ul>\n<li>Gr\u00f6\u00dfe: 60*34,5 mm<\/li>\n<li>Material: Kalte Platte\/Eisendraht<\/li>\n<li>Fertig: Gold, Chrom, Schwarz<\/li>\n<li>Beschreibung: Seite H\u00f6her<\/li>\n<li>Versetzte Sch\u00fcssel: 13 mm<\/li>\n<li>Sperren: Verriegelung<\/li>\n<li>Schloss-Zylinder: Schwarz, Kunststoff<\/li>\n<\/ul>","protected":false},"featured_media":5271,"comment_status":"closed","ping_status":"closed","template":"","meta":{"_acf_changed":false},"product_brand":[],"product_cat":[162,23],"product_tag":[],"class_list":{"0":"post-3240","1":"product","2":"type-product","3":"status-publish","4":"has-post-thumbnail","6":"product_cat-briefcase-draw-latches","7":"product_cat-latches","8":"description-off","10":"first","11":"instock","12":"shipping-taxable","13":"product-type-simple"},"acf":[],"_links":{"self":[{"href":"https:\/\/fayshing.com\/de-de\/wp-json\/wp\/v2\/product\/3240","targetHints":{"allow":["GET"]}}],"collection":[{"href":"https:\/\/fayshing.com\/de-de\/wp-json\/wp\/v2\/product"}],"about":[{"href":"https:\/\/fayshing.com\/de-de\/wp-json\/wp\/v2\/types\/product"}],"replies":[{"embeddable":true,"href":"https:\/\/fayshing.com\/de-de\/wp-json\/wp\/v2\/comments?post=3240"}],"wp:featuredmedia":[{"embeddable":true,"href":"https:\/\/fayshing.com\/de-de\/wp-json\/wp\/v2\/media\/5271"}],"wp:attachment":[{"href":"https:\/\/fayshing.com\/de-de\/wp-json\/wp\/v2\/media?parent=3240"}],"wp:term":[{"taxonomy":"product_brand","embeddable":true,"href":"https:\/\/fayshing.com\/de-de\/wp-json\/wp\/v2\/product_brand?post=3240"},{"taxonomy":"product_cat","embeddable":true,"href":"https:\/\/fayshing.com\/de-de\/wp-json\/wp\/v2\/product_cat?post=3240"},{"taxonomy":"product_tag","embeddable":true,"href":"https:\/\/fayshing.com\/de-de\/wp-json\/wp\/v2\/product_tag?post=3240"}],"curies":[{"name":"wp","href":"https:\/\/api.w.org\/{rel}","templated":true}]}}