{"id":3238,"date":"2022-05-17T10:15:43","date_gmt":"2022-05-17T02:15:43","guid":{"rendered":"https:\/\/fayshing.com\/index.php\/product\/fayshing-5534mm-latch-hasp-fs-1149\/"},"modified":"2025-08-18T10:40:28","modified_gmt":"2025-08-18T02:40:28","slug":"fayshing-5534mm-latch-hasp-fs-1149","status":"publish","type":"product","link":"https:\/\/fayshing.com\/de-de\/product\/fayshing-5534mm-latch-hasp-fs-1149\/","title":{"rendered":"Aktenkoffer-Verschluss-Haspe FS1149"},"content":{"rendered":"<p data-start=\"177\" data-end=\"456\">Der <strong data-start=\"181\" data-end=\"213\">Aktenkoffer-Verschluss Hasp FS-1149<\/strong> ist ein stabiler und praktischer, nicht abschlie\u00dfbarer Verschluss f\u00fcr Aktenkoffer, Aufbewahrungsbeh\u00e4lter und Werkzeugk\u00e4sten. Mit seiner kompakten ovalen Form mit flachem Boden und versetzter Schale bietet er einen zuverl\u00e4ssigen Verschluss und sorgt gleichzeitig f\u00fcr ein sauberes, professionelles Aussehen.<\/p>\n<h3 data-start=\"458\" data-end=\"489\">Produktspezifikationen<\/h3>\n<ul data-start=\"490\" data-end=\"714\">\n<li data-start=\"490\" data-end=\"512\">\n<p data-start=\"492\" data-end=\"512\"><strong data-start=\"492\" data-end=\"502\">Modell:<\/strong> FS-1149<\/p>\n<\/li>\n<li data-start=\"513\" data-end=\"537\">\n<p data-start=\"515\" data-end=\"537\"><strong data-start=\"515\" data-end=\"524\">Gr\u00f6\u00dfe:<\/strong> 55 \u00d7 34 mm<\/p>\n<\/li>\n<li data-start=\"538\" data-end=\"578\">\n<p data-start=\"540\" data-end=\"578\"><strong data-start=\"540\" data-end=\"553\">Material:<\/strong> K\u00fchlplatte \/ Eisendraht<\/p>\n<\/li>\n<li data-start=\"579\" data-end=\"637\">\n<p data-start=\"581\" data-end=\"637\"><strong data-start=\"581\" data-end=\"592\">Entwurf:<\/strong> Ovale Form, flacher Boden, 13 mm versetzte Schale<\/p>\n<\/li>\n<li data-start=\"638\" data-end=\"683\">\n<p data-start=\"640\" data-end=\"683\"><strong data-start=\"640\" data-end=\"659\">Ausf\u00fchrungsoptionen:<\/strong> Golden, Chrom, Schwarz<\/p>\n<\/li>\n<li data-start=\"684\" data-end=\"714\">\n<p data-start=\"686\" data-end=\"714\"><strong data-start=\"686\" data-end=\"700\">Schloss-Typ:<\/strong> Nicht verriegelbar<\/p>\n<\/li>\n<\/ul>\n<h3 data-start=\"716\" data-end=\"748\">Hauptmerkmale und Vorteile<\/h3>\n<ul data-start=\"749\" data-end=\"1266\">\n<li data-start=\"749\" data-end=\"876\">\n<p data-start=\"751\" data-end=\"876\"><strong data-start=\"751\" data-end=\"776\">Langlebige Konstruktion:<\/strong> Hergestellt aus kaltgewalztem Stahl und verst\u00e4rktem Eisendraht f\u00fcr hervorragende Festigkeit und lange Lebensdauer.<\/p>\n<\/li>\n<li data-start=\"877\" data-end=\"964\">\n<p data-start=\"879\" data-end=\"964\"><strong data-start=\"879\" data-end=\"902\">Kompakte ovale Form:<\/strong> 55\u00d734 mm gro\u00df, mit flachem Boden f\u00fcr eine einfache Installation des Geh\u00e4uses.<\/p>\n<\/li>\n<li data-start=\"965\" data-end=\"1066\">\n<p data-start=\"967\" data-end=\"1066\"><strong data-start=\"967\" data-end=\"990\">Nicht-verriegelnde Konstruktion:<\/strong> Einfache \u00d6ffnungs-\/Schlie\u00dffunktion f\u00fcr Anwendungen, bei denen ein schneller Zugriff erforderlich ist.<\/p>\n<\/li>\n<li data-start=\"1067\" data-end=\"1161\">\n<p data-start=\"1069\" data-end=\"1161\"><strong data-start=\"1069\" data-end=\"1085\">Versetzte Schale:<\/strong> 13 mm Versatz sorgen f\u00fcr einen stabilen Sitz und einen b\u00fcndigen Abschluss auf den Geh\u00e4useoberfl\u00e4chen.<\/p>\n<\/li>\n<li data-start=\"1162\" data-end=\"1266\">\n<p data-start=\"1164\" data-end=\"1266\"><strong data-start=\"1164\" data-end=\"1187\">Vielseitige Ausf\u00fchrungen:<\/strong> Verf\u00fcgbar in <strong data-start=\"1201\" data-end=\"1230\">Gold, Chrom und Schwarz<\/strong> zur Anpassung an verschiedene Geh\u00e4useteile.<\/p>\n<\/li>\n<\/ul>\n<h3 data-start=\"1268\" data-end=\"1289\">Anwendungen<\/h3>\n<p data-start=\"1290\" data-end=\"1373\">Der Aktenkofferverschluss FS-1149 ist f\u00fcr eine Vielzahl von Anwendungen geeignet, z. B:<\/p>\n<ul data-start=\"1374\" data-end=\"1530\">\n<li data-start=\"1374\" data-end=\"1416\">\n<p data-start=\"1376\" data-end=\"1416\">Aktentaschen und Dokumententaschen f\u00fcr Unternehmen<\/p>\n<\/li>\n<li data-start=\"1417\" data-end=\"1457\">\n<p data-start=\"1419\" data-end=\"1457\">Tragbare Werkzeugk\u00e4sten und Aufbewahrungsboxen<\/p>\n<\/li>\n<li data-start=\"1458\" data-end=\"1486\">\n<p data-start=\"1460\" data-end=\"1486\">Musikinstrumentenkoffer<\/p>\n<\/li>\n<li data-start=\"1487\" data-end=\"1530\">\n<p data-start=\"1489\" data-end=\"1530\">Reisegep\u00e4ck, ma\u00dfgeschneiderte Koffer und Flightcases<\/p>\n<\/li>\n<\/ul>\n<h3 data-start=\"1532\" data-end=\"1560\">Warum FS-1149 w\u00e4hlen?<\/h3>\n<ul data-start=\"1561\" data-end=\"1885\">\n<li data-start=\"1561\" data-end=\"1649\">\n<p data-start=\"1563\" data-end=\"1649\">Hervorragende Ersatzoption f\u00fcr besch\u00e4digte oder fehlende <strong data-start=\"1615\" data-end=\"1647\">Schl\u00f6sser und Verschl\u00fcsse f\u00fcr Aktentaschen<\/strong><\/p>\n<\/li>\n<li data-start=\"1650\" data-end=\"1734\">\n<p data-start=\"1652\" data-end=\"1734\">Professionelle Finish-Optionen f\u00fcr die OEM-Produktion und die Reparatur auf dem Nachr\u00fcstungsmarkt<\/p>\n<\/li>\n<li data-start=\"1735\" data-end=\"1808\">\n<p data-start=\"1737\" data-end=\"1808\">Einfache Installation mit kompaktem Design f\u00fcr kleine bis mittelgro\u00dfe Geh\u00e4use<\/p>\n<\/li>\n<li data-start=\"1809\" data-end=\"1885\">\n<p data-start=\"1811\" data-end=\"1885\">Verf\u00fcgbar f\u00fcr <strong data-start=\"1825\" data-end=\"1883\">Gro\u00dfeinkauf, Lieferung im Gro\u00dfhandel und OEM-Anpassung<\/strong><\/p>\n<\/li>\n<\/ul>","protected":false},"excerpt":{"rendered":"<p>Gr\u00f6\u00dfe: 55*34mm<br \/>\nMaterial: Kalte Platte\/Eisendraht<br \/>\nFertig: Gold, Chrom, Schwarz<br \/>\nBeschreibung: Oval, Oval, Unterseite ist flach<br \/>\nVersetzte Sch\u00fcssel: 13 mm<br \/>\nSchloss: Nicht verriegelnd<\/p>","protected":false},"featured_media":5275,"comment_status":"closed","ping_status":"closed","template":"","meta":{"_acf_changed":false},"product_brand":[],"product_cat":[23,162],"product_tag":[],"class_list":{"0":"post-3238","1":"product","2":"type-product","3":"status-publish","4":"has-post-thumbnail","6":"product_cat-latches","7":"product_cat-briefcase-draw-latches","8":"description-off","10":"first","11":"instock","12":"shipping-taxable","13":"product-type-simple"},"acf":[],"_links":{"self":[{"href":"https:\/\/fayshing.com\/de-de\/wp-json\/wp\/v2\/product\/3238","targetHints":{"allow":["GET"]}}],"collection":[{"href":"https:\/\/fayshing.com\/de-de\/wp-json\/wp\/v2\/product"}],"about":[{"href":"https:\/\/fayshing.com\/de-de\/wp-json\/wp\/v2\/types\/product"}],"replies":[{"embeddable":true,"href":"https:\/\/fayshing.com\/de-de\/wp-json\/wp\/v2\/comments?post=3238"}],"wp:featuredmedia":[{"embeddable":true,"href":"https:\/\/fayshing.com\/de-de\/wp-json\/wp\/v2\/media\/5275"}],"wp:attachment":[{"href":"https:\/\/fayshing.com\/de-de\/wp-json\/wp\/v2\/media?parent=3238"}],"wp:term":[{"taxonomy":"product_brand","embeddable":true,"href":"https:\/\/fayshing.com\/de-de\/wp-json\/wp\/v2\/product_brand?post=3238"},{"taxonomy":"product_cat","embeddable":true,"href":"https:\/\/fayshing.com\/de-de\/wp-json\/wp\/v2\/product_cat?post=3238"},{"taxonomy":"product_tag","embeddable":true,"href":"https:\/\/fayshing.com\/de-de\/wp-json\/wp\/v2\/product_tag?post=3238"}],"curies":[{"name":"wp","href":"https:\/\/api.w.org\/{rel}","templated":true}]}}