{"id":3237,"date":"2022-05-17T10:15:43","date_gmt":"2022-05-17T02:15:43","guid":{"rendered":"https:\/\/fayshing.com\/index.php\/product\/fayshing-5534mm-latch-hasp-fs-1148\/"},"modified":"2025-06-23T11:29:00","modified_gmt":"2025-06-23T03:29:00","slug":"fayshing-5534mm-latch-hasp-fs-1148","status":"publish","type":"product","link":"https:\/\/fayshing.com\/de-de\/product\/fayshing-5534mm-latch-hasp-fs-1148\/","title":{"rendered":"Aktenkoffer-Verschluss FS1150"},"content":{"rendered":"<h5>Wir haben Schnallen und Schl\u00f6sser f\u00fcr Boxen\/Koffer in verschiedenen Formen und Farben, um Ihren unterschiedlichen Anforderungen gerecht zu werden. Alle m\u00f6glichen sch\u00f6nen Designs, die Ihre Box sch\u00fctzen und gleichzeitig Ihre Box\/Ihren Koffer schm\u00fccken.<\/h5>\n<p>\u2605 Gr\u00f6\u00dfe: 55*34 mm.<br \/>\n\u2605 Qualit\u00e4t: 100% brandneu, mit einem exquisiten und sch\u00f6nen Design.<br \/>\n\u2605 Material: Aus gutem Eisen, robust und langlebig, rostet nicht leicht.<br \/>\n\u2605 Anwendung: Der Knebelverschluss wird normalerweise in Aluminiumkoffern, Werkzeugk\u00e4sten, Koffern, Aktentaschen, Kosmetikboxen, Schmuckk\u00e4stchen usw. verwendet.<br \/>\n\u2605 Hinweis: Alle Gr\u00f6\u00dfenangaben dienen nur zu Ihrer Information. Abweichungen von 1\u20132 mm sind zul\u00e4ssig. Vielen Dank f\u00fcr Ihr Verst\u00e4ndnis.<\/p>","protected":false},"excerpt":{"rendered":"<p>Gr\u00f6\u00dfe: 55*34mm<br \/>\nMaterial: Kalte Platte\/Eisendraht<br \/>\nFertig: Gold, Chrom, Schwarz<br \/>\nBeschreibung: Oval<br \/>\nVersetzte Sch\u00fcssel: 13 mm<br \/>\nSchloss: Nicht verriegelnd<\/p>","protected":false},"featured_media":5274,"comment_status":"closed","ping_status":"closed","template":"","meta":{"_acf_changed":false},"product_brand":[],"product_cat":[23,162],"product_tag":[],"class_list":{"0":"post-3237","1":"product","2":"type-product","3":"status-publish","4":"has-post-thumbnail","6":"product_cat-latches","7":"product_cat-briefcase-draw-latches","8":"description-off","10":"first","11":"instock","12":"shipping-taxable","13":"product-type-simple"},"acf":[],"_links":{"self":[{"href":"https:\/\/fayshing.com\/de-de\/wp-json\/wp\/v2\/product\/3237","targetHints":{"allow":["GET"]}}],"collection":[{"href":"https:\/\/fayshing.com\/de-de\/wp-json\/wp\/v2\/product"}],"about":[{"href":"https:\/\/fayshing.com\/de-de\/wp-json\/wp\/v2\/types\/product"}],"replies":[{"embeddable":true,"href":"https:\/\/fayshing.com\/de-de\/wp-json\/wp\/v2\/comments?post=3237"}],"wp:featuredmedia":[{"embeddable":true,"href":"https:\/\/fayshing.com\/de-de\/wp-json\/wp\/v2\/media\/5274"}],"wp:attachment":[{"href":"https:\/\/fayshing.com\/de-de\/wp-json\/wp\/v2\/media?parent=3237"}],"wp:term":[{"taxonomy":"product_brand","embeddable":true,"href":"https:\/\/fayshing.com\/de-de\/wp-json\/wp\/v2\/product_brand?post=3237"},{"taxonomy":"product_cat","embeddable":true,"href":"https:\/\/fayshing.com\/de-de\/wp-json\/wp\/v2\/product_cat?post=3237"},{"taxonomy":"product_tag","embeddable":true,"href":"https:\/\/fayshing.com\/de-de\/wp-json\/wp\/v2\/product_tag?post=3237"}],"curies":[{"name":"wp","href":"https:\/\/api.w.org\/{rel}","templated":true}]}}