{"id":3234,"date":"2022-05-17T10:15:42","date_gmt":"2022-05-17T02:15:42","guid":{"rendered":"https:\/\/fayshing.com\/index.php\/product\/fayshing-5534mm-latch-hasp-fs-1038\/"},"modified":"2025-08-18T10:33:44","modified_gmt":"2025-08-18T02:33:44","slug":"fayshing-5534mm-latch-hasp-fs-1038","status":"publish","type":"product","link":"https:\/\/fayshing.com\/de-de\/product\/fayshing-5534mm-latch-hasp-fs-1038\/","title":{"rendered":"Aktenkoffer-Verschluss Hasp FS-1038"},"content":{"rendered":"<p data-start=\"131\" data-end=\"438\">Der <strong data-start=\"135\" data-end=\"167\">Aktenkoffer-Verschluss Hasp FS-1038<\/strong> ist ein strapazierf\u00e4higes und praktisches Hardware-Zubeh\u00f6r, das f\u00fcr die Sicherung von Aktentaschen, Gep\u00e4ck, Werkzeugk\u00e4sten und Lagerkoffern entwickelt wurde. Mit seinem kompakten ovalen Design und der nicht-verriegelnden Funktion bietet dieser Verschluss Zuverl\u00e4ssigkeit und Komfort f\u00fcr den t\u00e4glichen Gebrauch und industrielle Anwendungen.<\/p>\n<h3 data-start=\"440\" data-end=\"471\">Produktspezifikationen<\/h3>\n<ul data-start=\"472\" data-end=\"696\">\n<li data-start=\"472\" data-end=\"494\">\n<p data-start=\"474\" data-end=\"494\"><strong data-start=\"474\" data-end=\"484\">Modell:<\/strong> FS-1038<\/p>\n<\/li>\n<li data-start=\"495\" data-end=\"519\">\n<p data-start=\"497\" data-end=\"519\"><strong data-start=\"497\" data-end=\"506\">Gr\u00f6\u00dfe:<\/strong> 55 \u00d7 34 mm<\/p>\n<\/li>\n<li data-start=\"520\" data-end=\"560\">\n<p data-start=\"522\" data-end=\"560\"><strong data-start=\"522\" data-end=\"535\">Material:<\/strong> K\u00fchlplatte \/ Eisendraht<\/p>\n<\/li>\n<li data-start=\"561\" data-end=\"619\">\n<p data-start=\"563\" data-end=\"619\"><strong data-start=\"563\" data-end=\"574\">Entwurf:<\/strong> Ovale Form, flacher Boden, 13 mm versetzte Schale<\/p>\n<\/li>\n<li data-start=\"620\" data-end=\"665\">\n<p data-start=\"622\" data-end=\"665\"><strong data-start=\"622\" data-end=\"641\">Ausf\u00fchrungsoptionen:<\/strong> Golden, Chrom, Schwarz<\/p>\n<\/li>\n<li data-start=\"666\" data-end=\"696\">\n<p data-start=\"668\" data-end=\"696\"><strong data-start=\"668\" data-end=\"682\">Schloss-Typ:<\/strong> Nicht verriegelbar<\/p>\n<\/li>\n<\/ul>\n<h3 data-start=\"698\" data-end=\"730\">Hauptmerkmale und Vorteile<\/h3>\n<ul data-start=\"731\" data-end=\"1309\">\n<li data-start=\"731\" data-end=\"867\">\n<p data-start=\"733\" data-end=\"867\"><strong data-start=\"733\" data-end=\"755\">Stark und verl\u00e4sslich:<\/strong> Hergestellt aus hochwertigem Kaltbandstahl mit verst\u00e4rktem Eisendraht, der eine lange Lebensdauer gew\u00e4hrleistet.<\/p>\n<\/li>\n<li data-start=\"868\" data-end=\"971\">\n<p data-start=\"870\" data-end=\"971\"><strong data-start=\"870\" data-end=\"889\">Kompaktes Design:<\/strong> 55\u00d734 mm, ovale Form, geeignet f\u00fcr kleine und mittlere F\u00e4lle.<\/p>\n<\/li>\n<li data-start=\"972\" data-end=\"1087\">\n<p data-start=\"974\" data-end=\"1087\"><strong data-start=\"974\" data-end=\"996\">Einfache Installation:<\/strong> Die standardm\u00e4\u00dfig versetzte Schalenform (13 mm) erm\u00f6glicht die einfache Montage auf verschiedenen Geh\u00e4useoberfl\u00e4chen.<\/p>\n<\/li>\n<li data-start=\"1088\" data-end=\"1191\">\n<p data-start=\"1090\" data-end=\"1191\"><strong data-start=\"1090\" data-end=\"1113\">Nicht-verriegelnder Zugang:<\/strong> Praktisch f\u00fcr Anwendungen, bei denen eine schnelle \u00d6ffnungs-\/Schlie\u00dffunktion gew\u00fcnscht wird.<\/p>\n<\/li>\n<li data-start=\"1192\" data-end=\"1309\">\n<p data-start=\"1194\" data-end=\"1309\"><strong data-start=\"1194\" data-end=\"1216\">Mehrere Ausf\u00fchrungen:<\/strong> Verf\u00fcgbar in <strong data-start=\"1230\" data-end=\"1259\">Gold, Chrom und Schwarz<\/strong> zur Anpassung an verschiedene Geh\u00e4usedesigns und \u00c4sthetiken.<\/p>\n<\/li>\n<\/ul>\n<h3 data-start=\"1311\" data-end=\"1332\">Anwendungen<\/h3>\n<p data-start=\"1333\" data-end=\"1427\">Die FS-1038 Fallenfalle wird in vielen verschiedenen Branchen und Koffertypen eingesetzt, z. B:<\/p>\n<ul data-start=\"1428\" data-end=\"1590\">\n<li data-start=\"1428\" data-end=\"1470\">\n<p data-start=\"1430\" data-end=\"1470\">Aktentaschen und Dokumententaschen f\u00fcr Unternehmen<\/p>\n<\/li>\n<li data-start=\"1471\" data-end=\"1511\">\n<p data-start=\"1473\" data-end=\"1511\">Aufbewahrungsboxen und tragbare Werkzeugk\u00e4sten<\/p>\n<\/li>\n<li data-start=\"1512\" data-end=\"1540\">\n<p data-start=\"1514\" data-end=\"1540\">Musikinstrumentenkoffer<\/p>\n<\/li>\n<li data-start=\"1541\" data-end=\"1590\">\n<p data-start=\"1543\" data-end=\"1590\">Reisegep\u00e4ck, Flugtaschen und ma\u00dfgefertigte Koffer<\/p>\n<\/li>\n<\/ul>\n<h3 data-start=\"1592\" data-end=\"1620\">Warum FS-1038 w\u00e4hlen?<\/h3>\n<ul data-start=\"1621\" data-end=\"2001\">\n<li data-start=\"1621\" data-end=\"1700\">\n<p data-start=\"1623\" data-end=\"1700\">Ersatzl\u00f6sung f\u00fcr gebrochene oder fehlende <strong data-start=\"1666\" data-end=\"1698\">Schl\u00f6sser und Verschl\u00fcsse f\u00fcr Aktentaschen<\/strong><\/p>\n<\/li>\n<li data-start=\"1701\" data-end=\"1802\">\n<p data-start=\"1703\" data-end=\"1802\">Kompatibel mit einer Vielzahl von Geh\u00e4usedesigns, daher vielseitig einsetzbar f\u00fcr Hersteller und Werkst\u00e4tten<\/p>\n<\/li>\n<li data-start=\"1803\" data-end=\"1884\">\n<p data-start=\"1805\" data-end=\"1884\">Professionelle Veredelungsoptionen, die sowohl f\u00fcr Verbraucher als auch f\u00fcr gewerbliche M\u00e4rkte geeignet sind<\/p>\n<\/li>\n<li data-start=\"1885\" data-end=\"2001\">\n<p data-start=\"1887\" data-end=\"2001\">Gro\u00dfeinkauf und OEM-Anpassung verf\u00fcgbar f\u00fcr <strong data-start=\"1937\" data-end=\"1999\">Geh\u00e4usehersteller, Eisenwarenh\u00e4ndler und Gro\u00dfh\u00e4ndler<\/strong><\/p>\n<\/li>\n<\/ul>","protected":false},"excerpt":{"rendered":"<ul>\n<li>Gr\u00f6\u00dfe: 55*34 mm<\/li>\n<li>Material: Kalte Platte\/Eisendraht<\/li>\n<li>Fertig: Gold, Chrom, Schwarz<\/li>\n<li>Beschreibung: Oval, Unterseite ist flach<\/li>\n<li>Versetzte Sch\u00fcssel: 13 mm<\/li>\n<li>Schloss: Nicht verriegelnd<\/li>\n<\/ul>","protected":false},"featured_media":5244,"comment_status":"closed","ping_status":"closed","template":"","meta":{"_acf_changed":false},"product_brand":[],"product_cat":[23,162],"product_tag":[],"class_list":{"0":"post-3234","1":"product","2":"type-product","3":"status-publish","4":"has-post-thumbnail","6":"product_cat-latches","7":"product_cat-briefcase-draw-latches","8":"description-off","10":"first","11":"instock","12":"shipping-taxable","13":"product-type-simple"},"acf":[],"_links":{"self":[{"href":"https:\/\/fayshing.com\/de-de\/wp-json\/wp\/v2\/product\/3234","targetHints":{"allow":["GET"]}}],"collection":[{"href":"https:\/\/fayshing.com\/de-de\/wp-json\/wp\/v2\/product"}],"about":[{"href":"https:\/\/fayshing.com\/de-de\/wp-json\/wp\/v2\/types\/product"}],"replies":[{"embeddable":true,"href":"https:\/\/fayshing.com\/de-de\/wp-json\/wp\/v2\/comments?post=3234"}],"wp:featuredmedia":[{"embeddable":true,"href":"https:\/\/fayshing.com\/de-de\/wp-json\/wp\/v2\/media\/5244"}],"wp:attachment":[{"href":"https:\/\/fayshing.com\/de-de\/wp-json\/wp\/v2\/media?parent=3234"}],"wp:term":[{"taxonomy":"product_brand","embeddable":true,"href":"https:\/\/fayshing.com\/de-de\/wp-json\/wp\/v2\/product_brand?post=3234"},{"taxonomy":"product_cat","embeddable":true,"href":"https:\/\/fayshing.com\/de-de\/wp-json\/wp\/v2\/product_cat?post=3234"},{"taxonomy":"product_tag","embeddable":true,"href":"https:\/\/fayshing.com\/de-de\/wp-json\/wp\/v2\/product_tag?post=3234"}],"curies":[{"name":"wp","href":"https:\/\/api.w.org\/{rel}","templated":true}]}}