{"id":3228,"date":"2022-05-17T10:15:39","date_gmt":"2022-05-17T02:15:39","guid":{"rendered":"https:\/\/fayshing.com\/index.php\/product\/fayshing-6034-5mm-latch-hasp-fs-1032\/"},"modified":"2025-08-08T14:46:19","modified_gmt":"2025-08-08T06:46:19","slug":"fayshing-6034-5mm-latch-hasp-fs-1032","status":"publish","type":"product","link":"https:\/\/fayshing.com\/de-de\/product\/fayshing-6034-5mm-latch-hasp-fs-1032\/","title":{"rendered":"Aktenkoffer-Verschluss Hasp FS-1032"},"content":{"rendered":"<p data-start=\"117\" data-end=\"398\">Der <strong data-start=\"121\" data-end=\"153\">FS-1032 Aktenkoffer-Verschluss Haspel<\/strong> ist eine kompakte, robuste Verschlussl\u00f6sung f\u00fcr Aktentaschen, Instrumentenkoffer und kleine Aufbewahrungsboxen. Ausgestattet mit einem <strong data-start=\"273\" data-end=\"288\">Seite h\u00f6her<\/strong> Profil und <strong data-start=\"301\" data-end=\"321\">13mm Offset-Schale<\/strong>Dieser Verschluss bietet einen sicheren Halt und erm\u00f6glicht ein reibungsloses \u00d6ffnen und Schlie\u00dfen.<\/p>\n<p data-start=\"400\" data-end=\"753\">Gefertigt aus <strong data-start=\"418\" data-end=\"459\">kaltgewalztes Stahlblech und Eisendraht<\/strong>Der FS-1032 kombiniert St\u00e4rke mit einem sauberen, professionellen Aussehen. Verf\u00fcgbar in <strong data-start=\"537\" data-end=\"547\">goldene<\/strong>, <strong data-start=\"549\" data-end=\"559\">Chrom<\/strong>, oder <strong data-start=\"564\" data-end=\"573\">schwarz<\/strong> Oberfl\u00e4chen kann es zu einer Vielzahl von Geh\u00e4usedesigns passen. Diese <strong data-start=\"629\" data-end=\"644\">nicht abschlie\u00dfbar<\/strong> Riegel ist ideal f\u00fcr Anwendungen, bei denen ein schneller Zugang gew\u00fcnscht wird, ohne dass die Zuverl\u00e4ssigkeit des Verschlusses beeintr\u00e4chtigt wird.<\/p>\n<p data-start=\"755\" data-end=\"772\"><strong data-start=\"755\" data-end=\"772\">Wesentliche Merkmale:<\/strong><\/p>\n<ul data-start=\"773\" data-end=\"1102\">\n<li data-start=\"773\" data-end=\"798\">\n<p data-start=\"775\" data-end=\"798\">Produkt-Code: FS-1032<\/p>\n<\/li>\n<li data-start=\"799\" data-end=\"829\">\n<p data-start=\"801\" data-end=\"829\">Typ: Aktenkoffer Verschlusshaspel<\/p>\n<\/li>\n<li data-start=\"830\" data-end=\"851\">\n<p data-start=\"832\" data-end=\"851\">Gr\u00f6\u00dfe: 60 \u00d7 34,5 mm<\/p>\n<\/li>\n<li data-start=\"852\" data-end=\"888\">\n<p data-start=\"854\" data-end=\"888\">Material: K\u00fchlplatte &amp; Eisendraht<\/p>\n<\/li>\n<li data-start=\"889\" data-end=\"926\">\n<p data-start=\"891\" data-end=\"926\">Ausf\u00fchrungen: Golden \/ Chrom \/ Schwarz<\/p>\n<\/li>\n<li data-start=\"927\" data-end=\"980\">\n<p data-start=\"929\" data-end=\"980\">Konstruktion: Seitlich h\u00f6heres Profil mit 13 mm versetzter Schale<\/p>\n<\/li>\n<li data-start=\"981\" data-end=\"1020\">\n<p data-start=\"983\" data-end=\"1020\">Verriegelung: Nicht abschlie\u00dfbar - schneller Zugriff<\/p>\n<\/li>\n<li data-start=\"1021\" data-end=\"1102\">\n<p data-start=\"1023\" data-end=\"1102\">Anwendungen: Aktenkoffer, Instrumentenkoffer, Werkzeugkoffer und kundenspezifische Geh\u00e4use<\/p>\n<\/li>\n<\/ul>\n<p data-start=\"1104\" data-end=\"1243\">Der FS-1032 ist ein zuverl\u00e4ssiger und eleganter Beschlag f\u00fcr einen sicheren und bequemen Verschluss und eignet sich perfekt f\u00fcr Kofferhersteller und Reparaturprojekte.<\/p>","protected":false},"excerpt":{"rendered":"<ul>\n<li>Gr\u00f6\u00dfe: 60*34,5mm<\/li>\n<li>Material: Kalte Platte\/Eisendraht<\/li>\n<li>Fertig: Gold, Chrom, Schwarz<\/li>\n<li>Beschreibung: Seite H\u00f6her<\/li>\n<li>Versetzte Sch\u00fcssel: 13 mm<\/li>\n<li>Schloss: Nicht verriegelnd<\/li>\n<\/ul>","protected":false},"featured_media":6381,"comment_status":"closed","ping_status":"closed","template":"","meta":{"_acf_changed":false},"product_brand":[],"product_cat":[23,162],"product_tag":[],"class_list":{"0":"post-3228","1":"product","2":"type-product","3":"status-publish","4":"has-post-thumbnail","6":"product_cat-latches","7":"product_cat-briefcase-draw-latches","8":"description-off","10":"first","11":"instock","12":"shipping-taxable","13":"product-type-simple"},"acf":[],"_links":{"self":[{"href":"https:\/\/fayshing.com\/de-de\/wp-json\/wp\/v2\/product\/3228","targetHints":{"allow":["GET"]}}],"collection":[{"href":"https:\/\/fayshing.com\/de-de\/wp-json\/wp\/v2\/product"}],"about":[{"href":"https:\/\/fayshing.com\/de-de\/wp-json\/wp\/v2\/types\/product"}],"replies":[{"embeddable":true,"href":"https:\/\/fayshing.com\/de-de\/wp-json\/wp\/v2\/comments?post=3228"}],"wp:featuredmedia":[{"embeddable":true,"href":"https:\/\/fayshing.com\/de-de\/wp-json\/wp\/v2\/media\/6381"}],"wp:attachment":[{"href":"https:\/\/fayshing.com\/de-de\/wp-json\/wp\/v2\/media?parent=3228"}],"wp:term":[{"taxonomy":"product_brand","embeddable":true,"href":"https:\/\/fayshing.com\/de-de\/wp-json\/wp\/v2\/product_brand?post=3228"},{"taxonomy":"product_cat","embeddable":true,"href":"https:\/\/fayshing.com\/de-de\/wp-json\/wp\/v2\/product_cat?post=3228"},{"taxonomy":"product_tag","embeddable":true,"href":"https:\/\/fayshing.com\/de-de\/wp-json\/wp\/v2\/product_tag?post=3228"}],"curies":[{"name":"wp","href":"https:\/\/api.w.org\/{rel}","templated":true}]}}