{"id":3227,"date":"2022-05-17T10:15:38","date_gmt":"2022-05-17T02:15:38","guid":{"rendered":"https:\/\/fayshing.com\/index.php\/product\/fayshing-6034-5mm-lockable-latch-hasp-fs-1031\/"},"modified":"2025-06-23T11:04:13","modified_gmt":"2025-06-23T03:04:13","slug":"fayshing-6034-5mm-lockable-latch-hasp-fs-1031","status":"publish","type":"product","link":"https:\/\/fayshing.com\/de-de\/product\/fayshing-6034-5mm-lockable-latch-hasp-fs-1031\/","title":{"rendered":"Abschlie\u00dfbarer Riegel Haspel FS-1031"},"content":{"rendered":"<h5>Wir haben Schnallen und Schl\u00f6sser f\u00fcr Boxen\/Koffer in verschiedenen Formen und Farben, um Ihren unterschiedlichen Anforderungen gerecht zu werden. Alle m\u00f6glichen sch\u00f6nen Designs, die Ihre Box sch\u00fctzen und gleichzeitig Ihre Box\/Ihren Koffer schm\u00fccken.<\/h5>\n<p>[Produktabmessungen]: 60*34,5 mm.<br \/>\n[Einfach zu bedienen:] Zum \u00d6ffnen einfach den Zugarm anheben.<br \/>\n[Verschiedene Anwendungen]: Verwendet f\u00fcr Aluminiumkoffer, Werkzeugkasten, Koffer, Truhe, Schmuckk\u00e4stchen und vieles mehr!<br \/>\n[Produktmerkmal]: Mit Zugkraft, einfache Struktur, einfach zu installieren, langlebig.<br \/>\n[Einbau]: Nach den Produktspezifikationen, eine gute Gr\u00f6\u00dfe festgelegt, dann verwenden Sie Nieten \/ Schrauben \/ Punktschwei\u00dfen Operationen.<\/p>","protected":false},"excerpt":{"rendered":"<ul>\n<li>Gr\u00f6\u00dfe: 60*34,5mm<\/li>\n<li>Material: Kalte Platte\/Eisendraht<\/li>\n<li>Fertig: Gold, Chrom, Schwarz<\/li>\n<li>Beschreibung: Seite H\u00f6her<\/li>\n<li>Versetzte Sch\u00fcssel: 13 mm<\/li>\n<li>Sperren: Verriegelung<\/li>\n<li>Schlie\u00dfzylinder: Kupfer<\/li>\n<\/ul>","protected":false},"featured_media":3288,"comment_status":"closed","ping_status":"closed","template":"","meta":{"_acf_changed":false},"product_brand":[],"product_cat":[23,162],"product_tag":[],"class_list":{"0":"post-3227","1":"product","2":"type-product","3":"status-publish","4":"has-post-thumbnail","6":"product_cat-latches","7":"product_cat-briefcase-draw-latches","8":"description-off","10":"first","11":"instock","12":"shipping-taxable","13":"product-type-simple"},"acf":[],"_links":{"self":[{"href":"https:\/\/fayshing.com\/de-de\/wp-json\/wp\/v2\/product\/3227","targetHints":{"allow":["GET"]}}],"collection":[{"href":"https:\/\/fayshing.com\/de-de\/wp-json\/wp\/v2\/product"}],"about":[{"href":"https:\/\/fayshing.com\/de-de\/wp-json\/wp\/v2\/types\/product"}],"replies":[{"embeddable":true,"href":"https:\/\/fayshing.com\/de-de\/wp-json\/wp\/v2\/comments?post=3227"}],"wp:featuredmedia":[{"embeddable":true,"href":"https:\/\/fayshing.com\/de-de\/wp-json\/wp\/v2\/media\/3288"}],"wp:attachment":[{"href":"https:\/\/fayshing.com\/de-de\/wp-json\/wp\/v2\/media?parent=3227"}],"wp:term":[{"taxonomy":"product_brand","embeddable":true,"href":"https:\/\/fayshing.com\/de-de\/wp-json\/wp\/v2\/product_brand?post=3227"},{"taxonomy":"product_cat","embeddable":true,"href":"https:\/\/fayshing.com\/de-de\/wp-json\/wp\/v2\/product_cat?post=3227"},{"taxonomy":"product_tag","embeddable":true,"href":"https:\/\/fayshing.com\/de-de\/wp-json\/wp\/v2\/product_tag?post=3227"}],"curies":[{"name":"wp","href":"https:\/\/api.w.org\/{rel}","templated":true}]}}