{"id":3224,"date":"2022-05-17T10:15:35","date_gmt":"2022-05-17T02:15:35","guid":{"rendered":"https:\/\/fayshing.com\/index.php\/product\/fayshing-6333-5mm-latch-hasp-fs-1028\/"},"modified":"2025-08-08T17:23:55","modified_gmt":"2025-08-08T09:23:55","slug":"fayshing-6333-5mm-latch-hasp-fs-1028","status":"publish","type":"product","link":"https:\/\/fayshing.com\/de-de\/product\/fayshing-6333-5mm-latch-hasp-fs-1028\/","title":{"rendered":"Aktenkoffer-Verschluss Hasp FS-1028"},"content":{"rendered":"<p data-start=\"116\" data-end=\"383\">Der <strong data-start=\"120\" data-end=\"152\">FS-1028 Aktenkoffer-Verschluss Haspel<\/strong> ist eine kompakte und robuste Verschlussl\u00f6sung f\u00fcr Aktentaschen, Instrumentenkoffer, Werkzeugkoffer und individuelle Aufbewahrungsboxen. Messung <strong data-start=\"286\" data-end=\"301\">63 \u00d7 33,5 mm<\/strong>bietet es eine <strong data-start=\"317\" data-end=\"337\">13mm Offset-Schale<\/strong> f\u00fcr eine pr\u00e4zise Ausrichtung und sichere Befestigung.<\/p>\n<p data-start=\"385\" data-end=\"673\">Gefertigt aus <strong data-start=\"403\" data-end=\"430\">kaltgewalztes Stahlblech<\/strong> Und <strong data-start=\"435\" data-end=\"448\">Eisendraht<\/strong>Dieser Riegel bietet dauerhafte Leistung bei gleichzeitig professionellem Aussehen. Verf\u00fcgbar in <strong data-start=\"545\" data-end=\"555\">goldene<\/strong>, <strong data-start=\"557\" data-end=\"567\">Chrom<\/strong>, oder <strong data-start=\"572\" data-end=\"581\">schwarz<\/strong> Der FS-1028 ist ideal f\u00fcr Projekte, bei denen ein schneller, nicht verriegelnder Zugang gew\u00fcnscht wird.<\/p>\n<p data-start=\"675\" data-end=\"694\"><strong data-start=\"675\" data-end=\"692\">Wesentliche Merkmale:<\/strong><\/p>\n<ul data-start=\"695\" data-end=\"1003\">\n<li data-start=\"695\" data-end=\"720\">\n<p data-start=\"697\" data-end=\"720\">Produkt-Code: FS-1028<\/p>\n<\/li>\n<li data-start=\"721\" data-end=\"751\">\n<p data-start=\"723\" data-end=\"751\">Typ: Aktenkoffer Verschlusshaspel<\/p>\n<\/li>\n<li data-start=\"752\" data-end=\"773\">\n<p data-start=\"754\" data-end=\"773\">Gr\u00f6\u00dfe: 63 \u00d7 33,5 mm<\/p>\n<\/li>\n<li data-start=\"774\" data-end=\"810\">\n<p data-start=\"776\" data-end=\"810\">Material: K\u00fchlplatte &amp; Eisendraht<\/p>\n<\/li>\n<li data-start=\"811\" data-end=\"854\">\n<p data-start=\"813\" data-end=\"854\">Ausf\u00fchrungsoptionen: Golden \/ Chrom \/ Schwarz<\/p>\n<\/li>\n<li data-start=\"855\" data-end=\"876\">\n<p data-start=\"857\" data-end=\"876\">Versetzte Sch\u00fcssel: 13 mm<\/p>\n<\/li>\n<li data-start=\"877\" data-end=\"929\">\n<p data-start=\"879\" data-end=\"929\">Verriegelung: Nicht abschlie\u00dfbar - schneller Zugriff ohne Schl\u00fcssel<\/p>\n<\/li>\n<li data-start=\"930\" data-end=\"1003\">\n<p data-start=\"932\" data-end=\"1003\">Anwendungen: Aktenkoffer, Instrumentenkoffer, Werkzeugkoffer, Aufbewahrungsboxen<\/p>\n<\/li>\n<\/ul>\n<p data-start=\"1005\" data-end=\"1161\">Der FS-1028 bietet <strong data-start=\"1026\" data-end=\"1084\">Sicherer Verschluss, reibungsloser Betrieb und eine raffinierte Verarbeitung<\/strong>Das macht sie zu einer zuverl\u00e4ssigen Wahl sowohl f\u00fcr Neubauten als auch f\u00fcr Ersatzinvestitionen.<\/p>","protected":false},"excerpt":{"rendered":"<ul>\n<li>Gr\u00f6\u00dfe: 63*33,5mm<\/li>\n<li>Material: Kalte Platte\/Eisendraht<\/li>\n<li>Fertig: Gold, Chrom, Schwarz<\/li>\n<li>Versetzte Sch\u00fcssel: 13 mm<\/li>\n<li>Schloss: Nicht verriegelnd<\/li>\n<\/ul>","protected":false},"featured_media":3299,"comment_status":"closed","ping_status":"closed","template":"","meta":{"_acf_changed":false},"product_brand":[],"product_cat":[23,162],"product_tag":[],"class_list":{"0":"post-3224","1":"product","2":"type-product","3":"status-publish","4":"has-post-thumbnail","6":"product_cat-latches","7":"product_cat-briefcase-draw-latches","8":"description-off","10":"first","11":"instock","12":"shipping-taxable","13":"product-type-simple"},"acf":[],"_links":{"self":[{"href":"https:\/\/fayshing.com\/de-de\/wp-json\/wp\/v2\/product\/3224","targetHints":{"allow":["GET"]}}],"collection":[{"href":"https:\/\/fayshing.com\/de-de\/wp-json\/wp\/v2\/product"}],"about":[{"href":"https:\/\/fayshing.com\/de-de\/wp-json\/wp\/v2\/types\/product"}],"replies":[{"embeddable":true,"href":"https:\/\/fayshing.com\/de-de\/wp-json\/wp\/v2\/comments?post=3224"}],"wp:featuredmedia":[{"embeddable":true,"href":"https:\/\/fayshing.com\/de-de\/wp-json\/wp\/v2\/media\/3299"}],"wp:attachment":[{"href":"https:\/\/fayshing.com\/de-de\/wp-json\/wp\/v2\/media?parent=3224"}],"wp:term":[{"taxonomy":"product_brand","embeddable":true,"href":"https:\/\/fayshing.com\/de-de\/wp-json\/wp\/v2\/product_brand?post=3224"},{"taxonomy":"product_cat","embeddable":true,"href":"https:\/\/fayshing.com\/de-de\/wp-json\/wp\/v2\/product_cat?post=3224"},{"taxonomy":"product_tag","embeddable":true,"href":"https:\/\/fayshing.com\/de-de\/wp-json\/wp\/v2\/product_tag?post=3224"}],"curies":[{"name":"wp","href":"https:\/\/api.w.org\/{rel}","templated":true}]}}