{"id":3222,"date":"2022-05-17T10:15:35","date_gmt":"2022-05-17T02:15:35","guid":{"rendered":"https:\/\/fayshing.com\/index.php\/product\/fayshing-5533mm-latch-hasp-fs-1026\/"},"modified":"2025-01-06T09:52:50","modified_gmt":"2025-01-06T01:52:50","slug":"fayshing-5533mm-latch-hasp-fs-1026","status":"publish","type":"product","link":"https:\/\/fayshing.com\/de-de\/product\/fayshing-5533mm-latch-hasp-fs-1026\/","title":{"rendered":"Aktenkoffer-Verschluss Hasp FS-1026"},"content":{"rendered":"<h5>Wir haben Schnallen und Schl\u00f6sser f\u00fcr Boxen\/Koffer in verschiedenen Formen und Farben, um Ihren unterschiedlichen Anforderungen gerecht zu werden. Alle m\u00f6glichen sch\u00f6nen Designs, die Ihre Box sch\u00fctzen und gleichzeitig Ihre Box\/Ihren Koffer schm\u00fccken.<\/h5>\n<p>\u2605 Gr\u00f6\u00dfe: 55*33 mm.<br \/>\n\u2605 Qualit\u00e4t: 100% brandneu, mit einem exquisiten und sch\u00f6nen Design.<br \/>\n\u2605 Material: Aus gutem Eisen, robust und langlebig, rostet nicht leicht.<br \/>\n\u2605 Anwendung: Der Knebelverschluss wird normalerweise in Aluminiumkoffern, Werkzeugk\u00e4sten, Koffern, Aktentaschen, Kosmetikboxen, Schmuckk\u00e4stchen usw. verwendet.<br \/>\n\u2605 Hinweis: Alle Gr\u00f6\u00dfenangaben dienen nur zu Ihrer Information. Abweichungen von 1\u20132 mm sind zul\u00e4ssig. Vielen Dank f\u00fcr Ihr Verst\u00e4ndnis.<\/p>","protected":false},"excerpt":{"rendered":"<ul>\n<li>Gr\u00f6\u00dfe: 55*33mm<\/li>\n<li>Material: Kalte Platte\/Eisendraht<\/li>\n<li>Fertig: Gold, Chrom, Schwarz<\/li>\n<li>Versetzte Sch\u00fcssel: 13 mm<\/li>\n<li>Schloss: Nicht verriegelnd<\/li>\n<\/ul>","protected":false},"featured_media":3294,"comment_status":"closed","ping_status":"closed","template":"","meta":{"_acf_changed":false},"product_brand":[],"product_cat":[162],"product_tag":[],"class_list":{"0":"post-3222","1":"product","2":"type-product","3":"status-publish","4":"has-post-thumbnail","6":"product_cat-briefcase-draw-latches","7":"description-off","9":"first","10":"instock","11":"shipping-taxable","12":"product-type-simple"},"acf":[],"_links":{"self":[{"href":"https:\/\/fayshing.com\/de-de\/wp-json\/wp\/v2\/product\/3222","targetHints":{"allow":["GET"]}}],"collection":[{"href":"https:\/\/fayshing.com\/de-de\/wp-json\/wp\/v2\/product"}],"about":[{"href":"https:\/\/fayshing.com\/de-de\/wp-json\/wp\/v2\/types\/product"}],"replies":[{"embeddable":true,"href":"https:\/\/fayshing.com\/de-de\/wp-json\/wp\/v2\/comments?post=3222"}],"wp:featuredmedia":[{"embeddable":true,"href":"https:\/\/fayshing.com\/de-de\/wp-json\/wp\/v2\/media\/3294"}],"wp:attachment":[{"href":"https:\/\/fayshing.com\/de-de\/wp-json\/wp\/v2\/media?parent=3222"}],"wp:term":[{"taxonomy":"product_brand","embeddable":true,"href":"https:\/\/fayshing.com\/de-de\/wp-json\/wp\/v2\/product_brand?post=3222"},{"taxonomy":"product_cat","embeddable":true,"href":"https:\/\/fayshing.com\/de-de\/wp-json\/wp\/v2\/product_cat?post=3222"},{"taxonomy":"product_tag","embeddable":true,"href":"https:\/\/fayshing.com\/de-de\/wp-json\/wp\/v2\/product_tag?post=3222"}],"curies":[{"name":"wp","href":"https:\/\/api.w.org\/{rel}","templated":true}]}}