{"id":3218,"date":"2022-05-17T10:15:30","date_gmt":"2022-05-17T02:15:30","guid":{"rendered":"https:\/\/fayshing.com\/index.php\/product\/fayshing-6333-5mm-latch-hasp-fs-1022\/"},"modified":"2025-08-08T17:24:54","modified_gmt":"2025-08-08T09:24:54","slug":"fayshing-6333-5mm-latch-hasp-fs-1022","status":"publish","type":"product","link":"https:\/\/fayshing.com\/de-de\/product\/fayshing-6333-5mm-latch-hasp-fs-1022\/","title":{"rendered":"Aktenkoffer-Verschluss Hasp FS-1022"},"content":{"rendered":"<p data-start=\"116\" data-end=\"374\">Der <strong data-start=\"120\" data-end=\"152\">FS-1022 Aktenkoffer-Verschluss Haspel<\/strong> ist eine kompakte, zuverl\u00e4ssige Verschlussl\u00f6sung f\u00fcr Aktenkoffer, Instrumentenkoffer, Werkzeugkoffer und Aufbewahrungsboxen. Messung <strong data-start=\"277\" data-end=\"292\">63 \u00d7 33,5 mm<\/strong>bietet es eine <strong data-start=\"308\" data-end=\"328\">13mm Offset-Schale<\/strong> f\u00fcr eine pr\u00e4zise Ausrichtung und sichere Befestigung.<\/p>\n<p data-start=\"376\" data-end=\"740\">Gefertigt aus <strong data-start=\"389\" data-end=\"416\">kaltgewalztes Stahlblech<\/strong> Und <strong data-start=\"421\" data-end=\"434\">Eisendraht<\/strong>Der FS-1022 bietet Haltbarkeit und lang anhaltende Leistung. Verf\u00fcgbar in <strong data-start=\"509\" data-end=\"519\">goldene<\/strong>, <strong data-start=\"521\" data-end=\"531\">Chrom<\/strong>, oder <strong data-start=\"536\" data-end=\"545\">schwarz<\/strong> kombiniert er Funktionalit\u00e4t mit einem professionellen Erscheinungsbild. Diese <strong data-start=\"619\" data-end=\"634\">nicht abschlie\u00dfbar<\/strong> Das Design sorgt f\u00fcr einen schnellen und bequemen Zugriff und ist damit ideal f\u00fcr Anwendungen, bei denen es auf Geschwindigkeit ankommt.<\/p>\n<p data-start=\"742\" data-end=\"761\"><strong data-start=\"742\" data-end=\"759\">Wesentliche Merkmale:<\/strong><\/p>\n<ul data-start=\"762\" data-end=\"1070\">\n<li data-start=\"762\" data-end=\"787\">\n<p data-start=\"764\" data-end=\"787\">Produkt-Code: FS-1022<\/p>\n<\/li>\n<li data-start=\"788\" data-end=\"818\">\n<p data-start=\"790\" data-end=\"818\">Typ: Aktenkoffer Verschlusshaspel<\/p>\n<\/li>\n<li data-start=\"819\" data-end=\"840\">\n<p data-start=\"821\" data-end=\"840\">Gr\u00f6\u00dfe: 63 \u00d7 33,5 mm<\/p>\n<\/li>\n<li data-start=\"841\" data-end=\"877\">\n<p data-start=\"843\" data-end=\"877\">Material: K\u00fchlplatte &amp; Eisendraht<\/p>\n<\/li>\n<li data-start=\"878\" data-end=\"921\">\n<p data-start=\"880\" data-end=\"921\">Ausf\u00fchrungsoptionen: Golden \/ Chrom \/ Schwarz<\/p>\n<\/li>\n<li data-start=\"922\" data-end=\"943\">\n<p data-start=\"924\" data-end=\"943\">Versetzte Sch\u00fcssel: 13 mm<\/p>\n<\/li>\n<li data-start=\"944\" data-end=\"996\">\n<p data-start=\"946\" data-end=\"996\">Verriegelung: Nicht abschlie\u00dfbar - schneller Zugriff ohne Schl\u00fcssel<\/p>\n<\/li>\n<li data-start=\"997\" data-end=\"1070\">\n<p data-start=\"999\" data-end=\"1070\">Anwendungen: Aktenkoffer, Instrumentenkoffer, Werkzeugkoffer, Aufbewahrungsboxen<\/p>\n<\/li>\n<\/ul>\n<p data-start=\"1072\" data-end=\"1219\">Der FS-1022 liefert <strong data-start=\"1093\" data-end=\"1145\">sicherer Verschluss, einfache Bedienung und sauberes Aussehen<\/strong>Dadurch eignet es sich sowohl f\u00fcr den Neubau als auch f\u00fcr den Austausch von Geh\u00e4usen.<\/p>","protected":false},"excerpt":{"rendered":"<ul>\n<li>Gr\u00f6\u00dfe: 63*33,5 mm<\/li>\n<li>Material: Kalte Platte\/Eisendraht<\/li>\n<li>Fertig: Gold, Chrom, Schwarz<\/li>\n<li>Versetzte Sch\u00fcssel: 13 mm<\/li>\n<li>Schloss: Nicht verriegelnd<\/li>\n<\/ul>","protected":false},"featured_media":3342,"comment_status":"closed","ping_status":"closed","template":"","meta":{"_acf_changed":false},"product_brand":[],"product_cat":[23,162],"product_tag":[],"class_list":{"0":"post-3218","1":"product","2":"type-product","3":"status-publish","4":"has-post-thumbnail","6":"product_cat-latches","7":"product_cat-briefcase-draw-latches","8":"description-off","10":"first","11":"instock","12":"shipping-taxable","13":"product-type-simple"},"acf":[],"_links":{"self":[{"href":"https:\/\/fayshing.com\/de-de\/wp-json\/wp\/v2\/product\/3218","targetHints":{"allow":["GET"]}}],"collection":[{"href":"https:\/\/fayshing.com\/de-de\/wp-json\/wp\/v2\/product"}],"about":[{"href":"https:\/\/fayshing.com\/de-de\/wp-json\/wp\/v2\/types\/product"}],"replies":[{"embeddable":true,"href":"https:\/\/fayshing.com\/de-de\/wp-json\/wp\/v2\/comments?post=3218"}],"wp:featuredmedia":[{"embeddable":true,"href":"https:\/\/fayshing.com\/de-de\/wp-json\/wp\/v2\/media\/3342"}],"wp:attachment":[{"href":"https:\/\/fayshing.com\/de-de\/wp-json\/wp\/v2\/media?parent=3218"}],"wp:term":[{"taxonomy":"product_brand","embeddable":true,"href":"https:\/\/fayshing.com\/de-de\/wp-json\/wp\/v2\/product_brand?post=3218"},{"taxonomy":"product_cat","embeddable":true,"href":"https:\/\/fayshing.com\/de-de\/wp-json\/wp\/v2\/product_cat?post=3218"},{"taxonomy":"product_tag","embeddable":true,"href":"https:\/\/fayshing.com\/de-de\/wp-json\/wp\/v2\/product_tag?post=3218"}],"curies":[{"name":"wp","href":"https:\/\/api.w.org\/{rel}","templated":true}]}}