{"id":3217,"date":"2022-05-17T10:15:30","date_gmt":"2022-05-17T02:15:30","guid":{"rendered":"https:\/\/fayshing.com\/index.php\/product\/fayshing-6333-5mm-lockable-latch-hasp-fs-1021\/"},"modified":"2025-08-08T17:06:32","modified_gmt":"2025-08-08T09:06:32","slug":"fayshing-6333-5mm-lockable-latch-hasp-fs-1021","status":"publish","type":"product","link":"https:\/\/fayshing.com\/de-de\/product\/fayshing-6333-5mm-lockable-latch-hasp-fs-1021\/","title":{"rendered":"Abschlie\u00dfbarer Aktenkoffer-Verschluss Hasp FS-1021"},"content":{"rendered":"<p data-start=\"144\" data-end=\"410\">Der <strong data-start=\"148\" data-end=\"189\">FS-1021 Abschlie\u00dfbarer Aktenkofferverschluss Haspel<\/strong> ist eine sichere und dauerhafte Verschlussl\u00f6sung f\u00fcr Aktentaschen, Instrumentenkoffer und individuelle Aufbewahrungsboxen. Messung <strong data-start=\"301\" data-end=\"316\">63 \u00d7 33,5 mm<\/strong>bietet es eine <strong data-start=\"332\" data-end=\"352\">13mm Offset-Schale<\/strong> und eine <strong data-start=\"359\" data-end=\"385\">eingebauter Schlie\u00dfzylinder<\/strong> f\u00fcr mehr Sicherheit.<\/p>\n<p data-start=\"412\" data-end=\"703\">Gefertigt aus <strong data-start=\"425\" data-end=\"452\">kaltgewalztes Stahlblech<\/strong> Und <strong data-start=\"457\" data-end=\"470\">Eisendraht<\/strong>, mit einer <strong data-start=\"479\" data-end=\"503\">Kupferschlosszylinder<\/strong>Dieser Riegel kombiniert St\u00e4rke mit reibungsloser Verriegelung. Verf\u00fcgbar in <strong data-start=\"580\" data-end=\"590\">goldene<\/strong>, <strong data-start=\"592\" data-end=\"602\">Chrom<\/strong>, oder <strong data-start=\"607\" data-end=\"616\">schwarz<\/strong> Der FS-1021 bietet sowohl funktionale Sicherheit als auch ein professionelles Aussehen.<\/p>\n<p data-start=\"705\" data-end=\"724\"><strong data-start=\"705\" data-end=\"722\">Wesentliche Merkmale:<\/strong><\/p>\n<ul data-start=\"725\" data-end=\"1047\">\n<li data-start=\"725\" data-end=\"750\">\n<p data-start=\"727\" data-end=\"750\">Produkt-Code: FS-1021<\/p>\n<\/li>\n<li data-start=\"751\" data-end=\"790\">\n<p data-start=\"753\" data-end=\"790\">Typ: Abschlie\u00dfbarer Aktenkoffer-Verschlusshaken<\/p>\n<\/li>\n<li data-start=\"791\" data-end=\"812\">\n<p data-start=\"793\" data-end=\"812\">Gr\u00f6\u00dfe: 63 \u00d7 33,5 mm<\/p>\n<\/li>\n<li data-start=\"813\" data-end=\"849\">\n<p data-start=\"815\" data-end=\"849\">Material: K\u00fchlplatte &amp; Eisendraht<\/p>\n<\/li>\n<li data-start=\"850\" data-end=\"900\">\n<p data-start=\"852\" data-end=\"900\">Verriegelung: Ja - integrierter Kupfer-Schlie\u00dfzylinder<\/p>\n<\/li>\n<li data-start=\"901\" data-end=\"922\">\n<p data-start=\"903\" data-end=\"922\">Versetzte Sch\u00fcssel: 13 mm<\/p>\n<\/li>\n<li data-start=\"923\" data-end=\"966\">\n<p data-start=\"925\" data-end=\"966\">Ausf\u00fchrungsoptionen: Golden \/ Chrom \/ Schwarz<\/p>\n<\/li>\n<li data-start=\"967\" data-end=\"1047\">\n<p data-start=\"969\" data-end=\"1047\">Anwendungen: Aktenkoffer, Instrumentenkoffer, Werkzeugkoffer, individuelle Aufbewahrungsboxen<\/p>\n<\/li>\n<\/ul>\n<p data-start=\"1049\" data-end=\"1201\">Ob Sie ein neues Geh\u00e4use bauen oder ein bestehendes aufr\u00fcsten, das FS-1021 bietet <strong data-start=\"1136\" data-end=\"1178\">verl\u00e4ssliche Sicherheit und eine raffinierte Verarbeitung<\/strong> in kompakter Bauweise.<\/p>","protected":false},"excerpt":{"rendered":"<ul>\n<li>Gr\u00f6\u00dfe: 63*33,5mm<\/li>\n<li>Material: Kalte Platte\/Eisendraht<\/li>\n<li>Fertig: Gold, Chrom, Schwarz<\/li>\n<li>Versetzte Sch\u00fcssel: 13 mm<\/li>\n<li>Sperren: Verriegelung<\/li>\n<li>Schlie\u00dfzylinder: Kupfer<\/li>\n<\/ul>","protected":false},"featured_media":3339,"comment_status":"closed","ping_status":"closed","template":"","meta":{"_acf_changed":false},"product_brand":[],"product_cat":[23,162],"product_tag":[],"class_list":{"0":"post-3217","1":"product","2":"type-product","3":"status-publish","4":"has-post-thumbnail","6":"product_cat-latches","7":"product_cat-briefcase-draw-latches","8":"description-off","10":"first","11":"instock","12":"shipping-taxable","13":"product-type-simple"},"acf":[],"_links":{"self":[{"href":"https:\/\/fayshing.com\/de-de\/wp-json\/wp\/v2\/product\/3217","targetHints":{"allow":["GET"]}}],"collection":[{"href":"https:\/\/fayshing.com\/de-de\/wp-json\/wp\/v2\/product"}],"about":[{"href":"https:\/\/fayshing.com\/de-de\/wp-json\/wp\/v2\/types\/product"}],"replies":[{"embeddable":true,"href":"https:\/\/fayshing.com\/de-de\/wp-json\/wp\/v2\/comments?post=3217"}],"wp:featuredmedia":[{"embeddable":true,"href":"https:\/\/fayshing.com\/de-de\/wp-json\/wp\/v2\/media\/3339"}],"wp:attachment":[{"href":"https:\/\/fayshing.com\/de-de\/wp-json\/wp\/v2\/media?parent=3217"}],"wp:term":[{"taxonomy":"product_brand","embeddable":true,"href":"https:\/\/fayshing.com\/de-de\/wp-json\/wp\/v2\/product_brand?post=3217"},{"taxonomy":"product_cat","embeddable":true,"href":"https:\/\/fayshing.com\/de-de\/wp-json\/wp\/v2\/product_cat?post=3217"},{"taxonomy":"product_tag","embeddable":true,"href":"https:\/\/fayshing.com\/de-de\/wp-json\/wp\/v2\/product_tag?post=3217"}],"curies":[{"name":"wp","href":"https:\/\/api.w.org\/{rel}","templated":true}]}}