{"id":3210,"date":"2022-05-17T10:09:15","date_gmt":"2022-05-17T02:09:15","guid":{"rendered":"https:\/\/fayshing.com\/index.php\/product\/fayshing-6535mm-small-draw-latch-with-padlock-ring-fs-1145\/"},"modified":"2025-02-12T10:32:12","modified_gmt":"2025-02-12T02:32:12","slug":"fayshing-6535mm-small-draw-latch-with-padlock-ring-fs-1145","status":"publish","type":"product","link":"https:\/\/fayshing.com\/de-de\/product\/fayshing-6535mm-small-draw-latch-with-padlock-ring-fs-1145\/","title":{"rendered":"Kleiner Aktentaschenverschluss mit Vorh\u00e4ngeschlossring FS-1141"},"content":{"rendered":"<h5>Wir haben Schnallen und Schl\u00f6sser f\u00fcr Boxen\/Koffer in verschiedenen Formen und Farben, um Ihren unterschiedlichen Anforderungen gerecht zu werden. Alle m\u00f6glichen sch\u00f6nen Designs, die Ihre Box sch\u00fctzen und gleichzeitig Ihre Box\/Ihren Koffer schm\u00fccken.<\/h5>\n<p>\u2606 Produktabmessungen: 65*35 mm.<br \/>\n\u2606 Haspenriegel-Material: Haspenriegel aus hochwertigem Eisen mit verchromter Oberfl\u00e4che, mit hervorragenden Korrosionsschutzeigenschaften, robust und langlebig f\u00fcr den Langzeitgebrauch.<br \/>\n\u2606 Anwendung: Haspenverschluss, geeignet f\u00fcr Schubladen, Schr\u00e4nke, normale Kisten, Instrumentenkoffer usw.<br \/>\n\u2606 Einfache Installation des Haspenverschlusses: Mit einfacher Struktur, zum \u00d6ffnen einfach den Zugarm anheben, einfach zu installieren und zu verwenden.<br \/>\n\u2606 Tipps: An einem trockenen Ort aufbewahren, nicht an einem feuchten, kalten Ort stapeln, um Rost oder Oxidation des Produkts zu vermeiden.<\/p>","protected":false},"excerpt":{"rendered":"<ul>\n<li>Gr\u00f6\u00dfe: 65*35mm<\/li>\n<li>Material: Kalte Platte\/Eisendraht<\/li>\n<li>Fertig: Gold, Chrom, Schwarz<\/li>\n<li>Schloss: Nicht verriegelnd<\/li>\n<\/ul>","protected":false},"featured_media":3355,"comment_status":"closed","ping_status":"closed","template":"","meta":{"_acf_changed":false},"product_brand":[],"product_cat":[162],"product_tag":[],"class_list":{"0":"post-3210","1":"product","2":"type-product","3":"status-publish","4":"has-post-thumbnail","6":"product_cat-briefcase-draw-latches","7":"description-off","9":"first","10":"instock","11":"shipping-taxable","12":"product-type-simple"},"acf":[],"_links":{"self":[{"href":"https:\/\/fayshing.com\/de-de\/wp-json\/wp\/v2\/product\/3210","targetHints":{"allow":["GET"]}}],"collection":[{"href":"https:\/\/fayshing.com\/de-de\/wp-json\/wp\/v2\/product"}],"about":[{"href":"https:\/\/fayshing.com\/de-de\/wp-json\/wp\/v2\/types\/product"}],"replies":[{"embeddable":true,"href":"https:\/\/fayshing.com\/de-de\/wp-json\/wp\/v2\/comments?post=3210"}],"wp:featuredmedia":[{"embeddable":true,"href":"https:\/\/fayshing.com\/de-de\/wp-json\/wp\/v2\/media\/3355"}],"wp:attachment":[{"href":"https:\/\/fayshing.com\/de-de\/wp-json\/wp\/v2\/media?parent=3210"}],"wp:term":[{"taxonomy":"product_brand","embeddable":true,"href":"https:\/\/fayshing.com\/de-de\/wp-json\/wp\/v2\/product_brand?post=3210"},{"taxonomy":"product_cat","embeddable":true,"href":"https:\/\/fayshing.com\/de-de\/wp-json\/wp\/v2\/product_cat?post=3210"},{"taxonomy":"product_tag","embeddable":true,"href":"https:\/\/fayshing.com\/de-de\/wp-json\/wp\/v2\/product_tag?post=3210"}],"curies":[{"name":"wp","href":"https:\/\/api.w.org\/{rel}","templated":true}]}}