{"id":3207,"date":"2022-05-17T10:09:14","date_gmt":"2022-05-17T02:09:14","guid":{"rendered":"https:\/\/fayshing.com\/index.php\/product\/fayshing-6138mm-lockable-draw-latch-fs-1142\/"},"modified":"2025-02-12T09:59:45","modified_gmt":"2025-02-12T01:59:45","slug":"fayshing-6138mm-lockable-draw-latch-fs-1142","status":"publish","type":"product","link":"https:\/\/fayshing.com\/de-de\/product\/fayshing-6138mm-lockable-draw-latch-fs-1142\/","title":{"rendered":"Abschlie\u00dfbarer Aktenkoffer-Schubladenverschluss FS-1135"},"content":{"rendered":"<h5>Wir haben Schnallen und Schl\u00f6sser f\u00fcr Boxen\/Koffer in verschiedenen Formen und Farben, um Ihren unterschiedlichen Anforderungen gerecht zu werden. Alle m\u00f6glichen sch\u00f6nen Designs, die Ihre Box sch\u00fctzen und gleichzeitig Ihre Box\/Ihren Koffer schm\u00fccken.<\/h5>\n<p>\u3010Produkt Dimension\u3011 61*38mm.<br \/>\n\u3010Hochwertiges Material\u3011 Hergestellt aus hochwertigem Eisen, die ihr Aussehen eleganter, Anti-Korrosion, gute Verschlei\u00dffestigkeit macht.<br \/>\n\u3010Product Features\u3011Die Schnalle hat ein exquisites Design und eine exquisite Verarbeitung. Die reservierten Schraubenl\u00f6cher sind einfach zu installieren. Nach der Befestigung sieht Ihre Box sch\u00f6ner aus.<br \/>\n\u3010Wide Applications\u3011Der Kipphebelverschluss wird normalerweise in Werkzeugk\u00e4sten, Schubladen, Koffern, Schmuckk\u00e4stchen oder anderen Ger\u00e4ten verwendet.<br \/>\n\u3010Customer is First\u3011We try out best to make good quality produts,and hope for your 100% Satisfaction. Jede Frage pls f\u00fchlen sich frei, uns wissen zu lassen.<\/p>","protected":false},"excerpt":{"rendered":"<ul>\n<li>Gr\u00f6\u00dfe: 61*38mm<\/li>\n<li>Material: Kalte Platte\/Eisendraht<\/li>\n<li>Fertig: Gold, Chrom, Schwarz<\/li>\n<li>Versetzte Sch\u00fcssel: 13 mm<\/li>\n<li>Sperren: Verriegelung<\/li>\n<li>Schlie\u00dfzylinder: Schwarz, Kunststoff<\/li>\n<\/ul>","protected":false},"featured_media":3361,"comment_status":"closed","ping_status":"closed","template":"","meta":{"_acf_changed":false},"product_brand":[],"product_cat":[162],"product_tag":[],"class_list":{"0":"post-3207","1":"product","2":"type-product","3":"status-publish","4":"has-post-thumbnail","6":"product_cat-briefcase-draw-latches","7":"description-off","9":"first","10":"instock","11":"shipping-taxable","12":"product-type-simple"},"acf":[],"_links":{"self":[{"href":"https:\/\/fayshing.com\/de-de\/wp-json\/wp\/v2\/product\/3207","targetHints":{"allow":["GET"]}}],"collection":[{"href":"https:\/\/fayshing.com\/de-de\/wp-json\/wp\/v2\/product"}],"about":[{"href":"https:\/\/fayshing.com\/de-de\/wp-json\/wp\/v2\/types\/product"}],"replies":[{"embeddable":true,"href":"https:\/\/fayshing.com\/de-de\/wp-json\/wp\/v2\/comments?post=3207"}],"wp:featuredmedia":[{"embeddable":true,"href":"https:\/\/fayshing.com\/de-de\/wp-json\/wp\/v2\/media\/3361"}],"wp:attachment":[{"href":"https:\/\/fayshing.com\/de-de\/wp-json\/wp\/v2\/media?parent=3207"}],"wp:term":[{"taxonomy":"product_brand","embeddable":true,"href":"https:\/\/fayshing.com\/de-de\/wp-json\/wp\/v2\/product_brand?post=3207"},{"taxonomy":"product_cat","embeddable":true,"href":"https:\/\/fayshing.com\/de-de\/wp-json\/wp\/v2\/product_cat?post=3207"},{"taxonomy":"product_tag","embeddable":true,"href":"https:\/\/fayshing.com\/de-de\/wp-json\/wp\/v2\/product_tag?post=3207"}],"curies":[{"name":"wp","href":"https:\/\/api.w.org\/{rel}","templated":true}]}}