{"id":3205,"date":"2022-05-17T10:09:13","date_gmt":"2022-05-17T02:09:13","guid":{"rendered":"https:\/\/fayshing.com\/index.php\/product\/fayshing-7245mm-draw-latch-fs-1140\/"},"modified":"2025-02-10T10:17:49","modified_gmt":"2025-02-10T02:17:49","slug":"fayshing-7245mm-draw-latch-fs-1140","status":"publish","type":"product","link":"https:\/\/fayshing.com\/de-de\/product\/fayshing-7245mm-draw-latch-fs-1140\/","title":{"rendered":"Fayshing 72*45mm Ziehklinke FS-1133"},"content":{"rendered":"<p>\u2606 Produktabmessung: 72 x 45 mm.<br \/>\n\u2606 Haspenriegel-Material: Haspenriegel aus hochwertigem Eisen mit verchromter Oberfl\u00e4che, mit hervorragenden Korrosionsschutzeigenschaften, robust und langlebig f\u00fcr den Langzeitgebrauch.<br \/>\n\u2606 Anwendung: Haspenverschluss, geeignet f\u00fcr Schubladen, Schr\u00e4nke, normale Kisten, Instrumentenkoffer usw.<br \/>\n\u2606 Einfache Installation des Haspenverschlusses: Mit einfacher Struktur, zum \u00d6ffnen einfach den Zugarm anheben, einfach zu installieren und zu verwenden.<br \/>\n\u2606 Tipps: An einem trockenen Ort aufbewahren, nicht an einem feuchten, kalten Ort stapeln, um Rost oder Oxidation des Produkts zu vermeiden.<\/p>","protected":false},"excerpt":{"rendered":"<ul>\n<li>Material: Stahl;<\/li>\n<li>Fertiggestellt: Golden \/ Chrom \/ Schwarz;<\/li>\n<li>Gr\u00f6\u00dfe: 72 \u00d7 45 mm;<\/li>\n<li>Die Unterseite des Verschlusskopfes ist niedriger\uff1b.<\/li>\n<\/ul>","protected":false},"featured_media":3368,"comment_status":"open","ping_status":"closed","template":"","meta":{"_acf_changed":false},"product_brand":[],"product_cat":[162,23],"product_tag":[],"class_list":{"0":"post-3205","1":"product","2":"type-product","3":"status-publish","4":"has-post-thumbnail","6":"product_cat-briefcase-draw-latches","7":"product_cat-latches","8":"description-off","10":"first","11":"instock","12":"shipping-taxable","13":"product-type-simple"},"acf":[],"_links":{"self":[{"href":"https:\/\/fayshing.com\/de-de\/wp-json\/wp\/v2\/product\/3205","targetHints":{"allow":["GET"]}}],"collection":[{"href":"https:\/\/fayshing.com\/de-de\/wp-json\/wp\/v2\/product"}],"about":[{"href":"https:\/\/fayshing.com\/de-de\/wp-json\/wp\/v2\/types\/product"}],"replies":[{"embeddable":true,"href":"https:\/\/fayshing.com\/de-de\/wp-json\/wp\/v2\/comments?post=3205"}],"wp:featuredmedia":[{"embeddable":true,"href":"https:\/\/fayshing.com\/de-de\/wp-json\/wp\/v2\/media\/3368"}],"wp:attachment":[{"href":"https:\/\/fayshing.com\/de-de\/wp-json\/wp\/v2\/media?parent=3205"}],"wp:term":[{"taxonomy":"product_brand","embeddable":true,"href":"https:\/\/fayshing.com\/de-de\/wp-json\/wp\/v2\/product_brand?post=3205"},{"taxonomy":"product_cat","embeddable":true,"href":"https:\/\/fayshing.com\/de-de\/wp-json\/wp\/v2\/product_cat?post=3205"},{"taxonomy":"product_tag","embeddable":true,"href":"https:\/\/fayshing.com\/de-de\/wp-json\/wp\/v2\/product_tag?post=3205"}],"curies":[{"name":"wp","href":"https:\/\/api.w.org\/{rel}","templated":true}]}}