{"id":3198,"date":"2022-05-17T10:09:05","date_gmt":"2022-05-17T02:09:05","guid":{"rendered":"https:\/\/fayshing.com\/index.php\/product\/fayshing-6138mm-small-lockable-draw-latch-fs-1015\/"},"modified":"2025-01-08T10:45:31","modified_gmt":"2025-01-08T02:45:31","slug":"fayshing-6138mm-small-lockable-draw-latch-fs-1015","status":"publish","type":"product","link":"https:\/\/fayshing.com\/de-de\/product\/fayshing-6138mm-small-lockable-draw-latch-fs-1015\/","title":{"rendered":"Fayshing 61*38mm kleine abschlie\u00dfbare Schubladenverriegelung FS-1015"},"content":{"rendered":"<p>\u3010Produkt Dimension\u3011 61*38mm.<br \/>\n\u3010Hochwertiges Material\u3011 Hergestellt aus hochwertigem Eisen, die ihr Aussehen eleganter, Anti-Korrosion, gute Verschlei\u00dffestigkeit macht.<br \/>\n\u3010Product Features\u3011Die Schnalle hat ein exquisites Design und eine exquisite Verarbeitung. Die reservierten Schraubenl\u00f6cher sind einfach zu installieren. Nach der Befestigung sieht Ihre Box sch\u00f6ner aus.<br \/>\n\u3010Wide Applications\u3011Der Kipphebelverschluss wird normalerweise in Werkzeugk\u00e4sten, Schubladen, Koffern, Schmuckk\u00e4stchen oder anderen Ger\u00e4ten verwendet.<br \/>\n\u3010Customer is First\u3011We try out best to make good quality produts,and hope for your 100% Satisfaction. Jede Frage pls f\u00fchlen sich frei, uns wissen zu lassen.<\/p>","protected":false},"excerpt":{"rendered":"<ul>\n<li>Zugverschluss<\/li>\n<li>Material: Stahl<\/li>\n<li>Oberfl\u00e4che: Gold \/ Chrom \/ Schwarz<\/li>\n<\/ul>","protected":false},"featured_media":3383,"comment_status":"open","ping_status":"closed","template":"","meta":{"_acf_changed":false},"product_brand":[],"product_cat":[162,23],"product_tag":[],"class_list":{"0":"post-3198","1":"product","2":"type-product","3":"status-publish","4":"has-post-thumbnail","6":"product_cat-briefcase-draw-latches","7":"product_cat-latches","8":"description-off","10":"first","11":"instock","12":"shipping-taxable","13":"product-type-simple"},"acf":[],"_links":{"self":[{"href":"https:\/\/fayshing.com\/de-de\/wp-json\/wp\/v2\/product\/3198","targetHints":{"allow":["GET"]}}],"collection":[{"href":"https:\/\/fayshing.com\/de-de\/wp-json\/wp\/v2\/product"}],"about":[{"href":"https:\/\/fayshing.com\/de-de\/wp-json\/wp\/v2\/types\/product"}],"replies":[{"embeddable":true,"href":"https:\/\/fayshing.com\/de-de\/wp-json\/wp\/v2\/comments?post=3198"}],"wp:featuredmedia":[{"embeddable":true,"href":"https:\/\/fayshing.com\/de-de\/wp-json\/wp\/v2\/media\/3383"}],"wp:attachment":[{"href":"https:\/\/fayshing.com\/de-de\/wp-json\/wp\/v2\/media?parent=3198"}],"wp:term":[{"taxonomy":"product_brand","embeddable":true,"href":"https:\/\/fayshing.com\/de-de\/wp-json\/wp\/v2\/product_brand?post=3198"},{"taxonomy":"product_cat","embeddable":true,"href":"https:\/\/fayshing.com\/de-de\/wp-json\/wp\/v2\/product_cat?post=3198"},{"taxonomy":"product_tag","embeddable":true,"href":"https:\/\/fayshing.com\/de-de\/wp-json\/wp\/v2\/product_tag?post=3198"}],"curies":[{"name":"wp","href":"https:\/\/api.w.org\/{rel}","templated":true}]}}