{"id":3193,"date":"2022-05-17T10:09:03","date_gmt":"2022-05-17T02:09:03","guid":{"rendered":"https:\/\/fayshing.com\/index.php\/product\/fayshing-7245mm-lockable-draw-latch-fs-1010\/"},"modified":"2025-01-09T14:40:46","modified_gmt":"2025-01-09T06:40:46","slug":"fayshing-7245mm-lockable-draw-latch-fs-1010","status":"publish","type":"product","link":"https:\/\/fayshing.com\/de-de\/product\/fayshing-7245mm-lockable-draw-latch-fs-1010\/","title":{"rendered":"Fayshing 72*45mm Abschlie\u00dfbare Schubladenverriegelung mit Offset FS-1010"},"content":{"rendered":"<p>\u3010Produkt Dimension\u3011 72*45mm.<br \/>\n\u3010Hochwertiges Material\u3011 Hergestellt aus hochwertigem Eisen, die ihr Aussehen eleganter, Anti-Korrosion, gute Verschlei\u00dffestigkeit macht.<br \/>\n\u3010Product Features\u3011Die Schnalle hat ein exquisites Design und eine exquisite Verarbeitung. Die reservierten Schraubenl\u00f6cher sind einfach zu installieren. Nach der Befestigung sieht Ihre Box sch\u00f6ner aus.<br \/>\n\u3010Wide Applications\u3011Der Kipphebelverschluss wird normalerweise in Werkzeugk\u00e4sten, Schubladen, Koffern, Schmuckk\u00e4stchen oder anderen Ger\u00e4ten verwendet.<br \/>\n\u3010Customer is First\u3011We try out best to make good quality produts,and hope for your 100% Satisfaction. Jede Frage pls f\u00fchlen sich frei, uns wissen zu lassen.<\/p>","protected":false},"excerpt":{"rendered":"<ul>\n<li>Abschlie\u00dfbarer Ziehverschluss<\/li>\n<li>Material: Stahl<\/li>\n<li>Oberfl\u00e4che: Gold \/ Chrom \/ Schwarz<\/li>\n<li>Versetzt<\/li>\n<\/ul>","protected":false},"featured_media":5262,"comment_status":"open","ping_status":"closed","template":"","meta":{"_acf_changed":false},"product_brand":[],"product_cat":[162],"product_tag":[],"class_list":{"0":"post-3193","1":"product","2":"type-product","3":"status-publish","4":"has-post-thumbnail","6":"product_cat-briefcase-draw-latches","7":"description-off","9":"first","10":"instock","11":"shipping-taxable","12":"product-type-simple"},"acf":[],"_links":{"self":[{"href":"https:\/\/fayshing.com\/de-de\/wp-json\/wp\/v2\/product\/3193","targetHints":{"allow":["GET"]}}],"collection":[{"href":"https:\/\/fayshing.com\/de-de\/wp-json\/wp\/v2\/product"}],"about":[{"href":"https:\/\/fayshing.com\/de-de\/wp-json\/wp\/v2\/types\/product"}],"replies":[{"embeddable":true,"href":"https:\/\/fayshing.com\/de-de\/wp-json\/wp\/v2\/comments?post=3193"}],"wp:featuredmedia":[{"embeddable":true,"href":"https:\/\/fayshing.com\/de-de\/wp-json\/wp\/v2\/media\/5262"}],"wp:attachment":[{"href":"https:\/\/fayshing.com\/de-de\/wp-json\/wp\/v2\/media?parent=3193"}],"wp:term":[{"taxonomy":"product_brand","embeddable":true,"href":"https:\/\/fayshing.com\/de-de\/wp-json\/wp\/v2\/product_brand?post=3193"},{"taxonomy":"product_cat","embeddable":true,"href":"https:\/\/fayshing.com\/de-de\/wp-json\/wp\/v2\/product_cat?post=3193"},{"taxonomy":"product_tag","embeddable":true,"href":"https:\/\/fayshing.com\/de-de\/wp-json\/wp\/v2\/product_tag?post=3193"}],"curies":[{"name":"wp","href":"https:\/\/api.w.org\/{rel}","templated":true}]}}