{"id":2966,"date":"2022-05-11T15:39:14","date_gmt":"2022-05-11T07:39:14","guid":{"rendered":"https:\/\/fayshing.com\/?post_type=product&#038;p=2966"},"modified":"2025-08-08T14:35:52","modified_gmt":"2025-08-08T06:35:52","slug":"fayshing-chrome-plating-lift-off-hinge-door-hinges-chrome-fs-5086","status":"publish","type":"product","link":"https:\/\/fayshing.com\/de-de\/product\/fayshing-chrome-plating-lift-off-hinge-door-hinges-chrome-fs-5086\/","title":{"rendered":"Fayshing Verchromung Lift Off Scharnier T\u00fcrscharniere FS-5030"},"content":{"rendered":"<p><strong>Fayshing Verchromung Lift Off Scharnier T\u00fcrscharniere Chrom FS-5086<\/strong><\/p>\n<p>Breite Anwendung: In der Regel in Schr\u00e4nken, T\u00fcren, Werkzeugk\u00e4sten, Flightcases, Kosmetikkoffern usw. verwendet.<\/p>\n<hr \/>\n<p><strong>Beschreibung :<\/strong><\/p>\n<ul>\n<li>Hergestellt aus hochwertigem Edelstahl mit galvanischer Beschichtung, langlebig, rostfrei und korrosionsbest\u00e4ndig.<\/li>\n<li>Wirkt wie ein Scharnier, erm\u00f6glicht aber ein schnelles Entfernen der vorderen und hinteren Abdeckungen oder Deckel einer Anwendung.<\/li>\n<\/ul>\n<hr \/>\n<p><strong>Notiz :<\/strong><\/p>\n<ul>\n<li>Aufgrund manueller Messung ist eine Abweichung von 1-2 mm m\u00f6glich. Unterschiedliche Aufnahmelichtverh\u00e4ltnisse und unterschiedliche Monitore k\u00f6nnen dazu f\u00fchren, dass die Farbe des Produkts auf dem Bild leicht vom tats\u00e4chlichen Produkt abweicht.<\/li>\n<li>Bitte kontaktieren Sie uns, \u00fcberpr\u00fcfen Sie unsere Produktgr\u00f6\u00dfe sorgf\u00e4ltig und lesen Sie die Produktgr\u00f6\u00dfenbeschreibungen vor dem Kauf, um m\u00f6gliche unangenehme Einkaufserlebnisse zu vermeiden.<\/li>\n<\/ul>","protected":false},"excerpt":{"rendered":"<p>Hochwertige abhebbare Scharniere, geeignet f\u00fcr Schrankt\u00fcren, Schrankt\u00fcren, Kisten usw.<\/p>","protected":false},"featured_media":3413,"comment_status":"open","ping_status":"closed","template":"","meta":{"_acf_changed":false},"product_brand":[],"product_cat":[114,133],"product_tag":[],"class_list":{"0":"post-2966","1":"product","2":"type-product","3":"status-publish","4":"has-post-thumbnail","6":"product_cat-hinges-lid-stays","7":"product_cat-lift-off-hinges","8":"pa_application-cabinet-door-toolbox-flight-case","9":"pa_delivery-time-please-contact-sales-staff","10":"pa_material-cold-plate","11":"pa_surface-treatment-chrome-golden-black","12":"description-off","14":"first","15":"instock","16":"shipping-taxable","17":"product-type-simple"},"acf":[],"_links":{"self":[{"href":"https:\/\/fayshing.com\/de-de\/wp-json\/wp\/v2\/product\/2966","targetHints":{"allow":["GET"]}}],"collection":[{"href":"https:\/\/fayshing.com\/de-de\/wp-json\/wp\/v2\/product"}],"about":[{"href":"https:\/\/fayshing.com\/de-de\/wp-json\/wp\/v2\/types\/product"}],"replies":[{"embeddable":true,"href":"https:\/\/fayshing.com\/de-de\/wp-json\/wp\/v2\/comments?post=2966"}],"wp:featuredmedia":[{"embeddable":true,"href":"https:\/\/fayshing.com\/de-de\/wp-json\/wp\/v2\/media\/3413"}],"wp:attachment":[{"href":"https:\/\/fayshing.com\/de-de\/wp-json\/wp\/v2\/media?parent=2966"}],"wp:term":[{"taxonomy":"product_brand","embeddable":true,"href":"https:\/\/fayshing.com\/de-de\/wp-json\/wp\/v2\/product_brand?post=2966"},{"taxonomy":"product_cat","embeddable":true,"href":"https:\/\/fayshing.com\/de-de\/wp-json\/wp\/v2\/product_cat?post=2966"},{"taxonomy":"product_tag","embeddable":true,"href":"https:\/\/fayshing.com\/de-de\/wp-json\/wp\/v2\/product_tag?post=2966"}],"curies":[{"name":"wp","href":"https:\/\/api.w.org\/{rel}","templated":true}]}}