{"id":2958,"date":"2022-05-11T15:01:38","date_gmt":"2022-05-11T07:01:38","guid":{"rendered":"https:\/\/fayshing.com\/?post_type=product&#038;p=2958"},"modified":"2025-08-08T14:29:54","modified_gmt":"2025-08-08T06:29:54","slug":"fayshing-right-detachable-slip-joint-flag-hinges-fs-5031","status":"publish","type":"product","link":"https:\/\/fayshing.com\/de-de\/product\/fayshing-right-detachable-slip-joint-flag-hinges-fs-5031\/","title":{"rendered":"Fayshing Rechts abnehmbare Gleitgelenk-Flaggenscharniere FS-5031"},"content":{"rendered":"<p><strong>Fayshing Rechts abnehmbare Gleitgelenk-Flaggenscharniere FS-5031<\/strong><\/p>\n<p>Breite Anwendung: Weit verbreitet in verschiedenen Arten von Schrankt\u00fcren, Schrankt\u00fcren, Spindt\u00fcren, K\u00e4sten, Kleiderschr\u00e4nken usw.<\/p>\n<hr \/>\n<p><strong>Beschreibung :<\/strong><\/p>\n<ul>\n<li>Hergestellt aus hochwertigem Edelstahl mit galvanischer Beschichtung, langlebig, rostfrei und korrosionsbest\u00e4ndig.<\/li>\n<li>Die Scharnierstifte sind durch ein Schmiermittel gesch\u00fctzt, sie sitzen fest und klappern nicht, so dass eine ger\u00e4uschlose und reibungslose Anwendung m\u00f6glich ist.<\/li>\n<\/ul>\n<hr \/>\n<p><strong>Notiz :<\/strong><\/p>\n<ul>\n<li>Aufgrund manueller Messung ist eine Abweichung von 1-2 mm m\u00f6glich. Unterschiedliche Aufnahmelichtverh\u00e4ltnisse und unterschiedliche Monitore k\u00f6nnen dazu f\u00fchren, dass die Farbe des Produkts auf dem Bild leicht vom tats\u00e4chlichen Produkt abweicht.<\/li>\n<li>Bitte kontaktieren Sie uns, \u00fcberpr\u00fcfen Sie unsere Produktgr\u00f6\u00dfe sorgf\u00e4ltig und lesen Sie die Produktgr\u00f6\u00dfenbeschreibungen vor dem Kauf, um m\u00f6glicherweise unangenehme Einkaufserlebnisse zu vermeiden.<\/li>\n<\/ul>","protected":false},"excerpt":{"rendered":"<p>Hochwertige abhebbare Scharniere, geeignet f\u00fcr Schrankt\u00fcren, Schrankt\u00fcren, Kisten usw.<\/p>","protected":false},"featured_media":0,"comment_status":"open","ping_status":"closed","template":"","meta":{"_acf_changed":false},"product_brand":[],"product_cat":[114,133],"product_tag":[],"class_list":{"0":"post-2958","1":"product","2":"type-product","3":"status-publish","5":"product_cat-hinges-lid-stays","6":"product_cat-lift-off-hinges","7":"pa_application-cabinet-door-closet-door-box","8":"pa_delivery-time-please-contact-sales-staff","9":"pa_material-cold-plate","10":"pa_surface-treatment-chrome-golden-black","11":"description-off","13":"first","14":"instock","15":"shipping-taxable","16":"product-type-simple"},"acf":[],"_links":{"self":[{"href":"https:\/\/fayshing.com\/de-de\/wp-json\/wp\/v2\/product\/2958","targetHints":{"allow":["GET"]}}],"collection":[{"href":"https:\/\/fayshing.com\/de-de\/wp-json\/wp\/v2\/product"}],"about":[{"href":"https:\/\/fayshing.com\/de-de\/wp-json\/wp\/v2\/types\/product"}],"replies":[{"embeddable":true,"href":"https:\/\/fayshing.com\/de-de\/wp-json\/wp\/v2\/comments?post=2958"}],"wp:attachment":[{"href":"https:\/\/fayshing.com\/de-de\/wp-json\/wp\/v2\/media?parent=2958"}],"wp:term":[{"taxonomy":"product_brand","embeddable":true,"href":"https:\/\/fayshing.com\/de-de\/wp-json\/wp\/v2\/product_brand?post=2958"},{"taxonomy":"product_cat","embeddable":true,"href":"https:\/\/fayshing.com\/de-de\/wp-json\/wp\/v2\/product_cat?post=2958"},{"taxonomy":"product_tag","embeddable":true,"href":"https:\/\/fayshing.com\/de-de\/wp-json\/wp\/v2\/product_tag?post=2958"}],"curies":[{"name":"wp","href":"https:\/\/api.w.org\/{rel}","templated":true}]}}