{"id":2957,"date":"2022-05-11T14:29:51","date_gmt":"2022-05-11T06:29:51","guid":{"rendered":"https:\/\/fayshing.com\/?post_type=product&#038;p=2957"},"modified":"2025-04-07T16:58:22","modified_gmt":"2025-04-07T08:58:22","slug":"fayshing-decorative-wooden-box-hinges-jewelry-box-butterfly-hinges-fs-5075","status":"publish","type":"product","link":"https:\/\/fayshing.com\/de-de\/product\/fayshing-decorative-wooden-box-hinges-jewelry-box-butterfly-hinges-fs-5075\/","title":{"rendered":"Fayshing 90 Grad dekorative h\u00f6lzerne Box Scharniere Schmuck Box Schmetterling Scharniere FS-5075"},"content":{"rendered":"<p><strong>Fayshing 90 Grad dekorative h\u00f6lzerne Box Scharniere Schmuck Box Schmetterling Scharniere FS-5075<\/strong><\/p>\n<p>Breite Anwendung: Erh\u00e4ltlich f\u00fcr kleine Bastelprojekte, Schmuckk\u00e4stchen, Geschenkboxen, kleine Schr\u00e4nke, Schubladen, Truhen und andere kleinere Gegenst\u00e4nde.<\/p>\n<hr \/>\n<p><strong>Beschreibung :<\/strong><\/p>\n<ul>\n<li>Aufgrund des antiken Aussehens, der hervorragenden Verarbeitung und der exzellenten Qualit\u00e4t handelt es sich um eine Mischung aus Vintage und Moderne.<\/li>\n<li>Hergestellt aus hochwertigem Eisenmaterial, exquisite Verarbeitung, robust und langlebig, und kann f\u00fcr eine lange Zeit verwendet werden.<\/li>\n<\/ul>\n<hr \/>\n<p><strong>Notiz :<\/strong><\/p>\n<ul>\n<li>Aufgrund manueller Messung ist eine Abweichung von 1-2 mm m\u00f6glich. Unterschiedliche Aufnahmelichtverh\u00e4ltnisse und unterschiedliche Monitore k\u00f6nnen dazu f\u00fchren, dass die Farbe des Produkts auf dem Bild leicht vom tats\u00e4chlichen Produkt abweicht.<\/li>\n<li>Bitte kontaktieren Sie uns, \u00fcberpr\u00fcfen Sie unsere Produktgr\u00f6\u00dfe sorgf\u00e4ltig und lesen Sie die Produktgr\u00f6\u00dfenbeschreibungen vor dem Kauf, um m\u00f6glicherweise unangenehme Einkaufserlebnisse zu vermeiden.<\/li>\n<\/ul>","protected":false},"excerpt":{"rendered":"<ul>\n<li>Kleine 90-Grad-Scharniere<\/li>\n<li>Scharniere mit Versatz<\/li>\n<li>Kleine Schmetterlingsscharniere<\/li>\n<li>Material : Eisen<\/li>\n<li>Fertiggestellt: Chrom \/ Golden \/ Schwarz \/ Andere<\/li>\n<li>Die Dicke betr\u00e4gt 1,2 mm<\/li>\n<li>31\u00d727mm<\/li>\n<\/ul>","protected":false},"featured_media":3415,"comment_status":"open","ping_status":"closed","template":"","meta":{"_acf_changed":false},"product_brand":[],"product_cat":[114,130],"product_tag":[],"class_list":{"0":"post-2957","1":"product","2":"type-product","3":"status-publish","4":"has-post-thumbnail","6":"product_cat-hinges-lid-stays","7":"product_cat-plum-shaped-hinges","8":"pa_application-jewelry-box-gift-box","9":"pa_delivery-time-please-contact-sales-staff","10":"pa_material-cold-plate","11":"pa_surface-treatment-chrome-golden-black","12":"description-off","14":"first","15":"instock","16":"shipping-taxable","17":"product-type-simple"},"acf":[],"_links":{"self":[{"href":"https:\/\/fayshing.com\/de-de\/wp-json\/wp\/v2\/product\/2957","targetHints":{"allow":["GET"]}}],"collection":[{"href":"https:\/\/fayshing.com\/de-de\/wp-json\/wp\/v2\/product"}],"about":[{"href":"https:\/\/fayshing.com\/de-de\/wp-json\/wp\/v2\/types\/product"}],"replies":[{"embeddable":true,"href":"https:\/\/fayshing.com\/de-de\/wp-json\/wp\/v2\/comments?post=2957"}],"wp:featuredmedia":[{"embeddable":true,"href":"https:\/\/fayshing.com\/de-de\/wp-json\/wp\/v2\/media\/3415"}],"wp:attachment":[{"href":"https:\/\/fayshing.com\/de-de\/wp-json\/wp\/v2\/media?parent=2957"}],"wp:term":[{"taxonomy":"product_brand","embeddable":true,"href":"https:\/\/fayshing.com\/de-de\/wp-json\/wp\/v2\/product_brand?post=2957"},{"taxonomy":"product_cat","embeddable":true,"href":"https:\/\/fayshing.com\/de-de\/wp-json\/wp\/v2\/product_cat?post=2957"},{"taxonomy":"product_tag","embeddable":true,"href":"https:\/\/fayshing.com\/de-de\/wp-json\/wp\/v2\/product_tag?post=2957"}],"curies":[{"name":"wp","href":"https:\/\/api.w.org\/{rel}","templated":true}]}}