{"id":2577,"date":"2022-05-10T10:09:28","date_gmt":"2022-05-10T02:09:28","guid":{"rendered":"https:\/\/fayshing.com\/?post_type=product&#038;p=2577"},"modified":"2025-08-08T09:33:34","modified_gmt":"2025-08-08T01:33:34","slug":"fayshing-large-size-surface-mounted-chest-ring-pull-handle-fs-2060","status":"publish","type":"product","link":"https:\/\/fayshing.com\/de-de\/product\/fayshing-large-size-surface-mounted-chest-ring-pull-handle-fs-2060\/","title":{"rendered":"Fayshing Gro\u00dfe Gr\u00f6\u00dfe Aufputz-Brustkorb Ring ziehen Griff FS-2060"},"content":{"rendered":"<p><strong>Fayshing Gro\u00dfe Gr\u00f6\u00dfe Aufputz-Brustkorb Ring ziehen Griff FS-2060<\/strong><\/p>\n<p>Breite Anwendung: Weit verbreitet f\u00fcr Wohnm\u00f6bel, wie Schrank, Schrankt\u00fcr, Kommode, Schublade, Truhe, Kasten, Koffer usw.<\/p>\n<hr \/>\n<p><strong>Beschreibung :<\/strong><\/p>\n<ul>\n<li>Hergestellt aus hochwertigem Edelstahl mit Spritzlackierung, glatt ohne Grate, langlebig f\u00fcr den langfristigen Einsatz.<\/li>\n<li>Moderne Zuggriffe, sehr geeignet f\u00fcr die Installation an der Seite oder an der Oberseite des Kastens f\u00fcr einfache Bewegung oder Bedienung.<\/li>\n<\/ul>\n<hr \/>\n<p><strong>Notiz :<\/strong><\/p>\n<ul>\n<li>Aufgrund manueller Messung ist eine Abweichung von 1 \u2013 3 mm m\u00f6glich. Die Farbe kann aufgrund unterschiedlicher Anzeigeeinstellungen unterschiedlich sein. Bitte haben Sie Verst\u00e4ndnis.<\/li>\n<li>Wenn das von Ihnen erhaltene Produkt ein Problem aufweist, machen Sie sich bitte keine Sorgen. Kontaktieren Sie uns einfach und wir bieten Ihnen eine zufriedenstellende L\u00f6sung. Bei Fragen k\u00f6nnen Sie sich jederzeit an uns wenden. Wir sind jederzeit f\u00fcr Sie da.<\/li>\n<\/ul>","protected":false},"excerpt":{"rendered":"<p>Perfekt zum St\u00fctzen von Schr\u00e4nken, Kisten, Truhen usw.<\/p>","protected":false},"featured_media":2913,"comment_status":"open","ping_status":"closed","template":"","meta":{"_acf_changed":false},"product_brand":[],"product_cat":[108,122],"product_tag":[],"class_list":{"0":"post-2577","1":"product","2":"type-product","3":"status-publish","4":"has-post-thumbnail","6":"product_cat-handles","7":"product_cat-chest-handles","8":"pa_application-cabinet-closet-door-dresser-drawer","9":"pa_delivery-time-please-contact-sales-staff","10":"pa_material-cold-plate-iron-wire","11":"pa_surface-treatment-chrome","12":"description-off","14":"first","15":"instock","16":"shipping-taxable","17":"product-type-simple"},"acf":[],"_links":{"self":[{"href":"https:\/\/fayshing.com\/de-de\/wp-json\/wp\/v2\/product\/2577","targetHints":{"allow":["GET"]}}],"collection":[{"href":"https:\/\/fayshing.com\/de-de\/wp-json\/wp\/v2\/product"}],"about":[{"href":"https:\/\/fayshing.com\/de-de\/wp-json\/wp\/v2\/types\/product"}],"replies":[{"embeddable":true,"href":"https:\/\/fayshing.com\/de-de\/wp-json\/wp\/v2\/comments?post=2577"}],"wp:featuredmedia":[{"embeddable":true,"href":"https:\/\/fayshing.com\/de-de\/wp-json\/wp\/v2\/media\/2913"}],"wp:attachment":[{"href":"https:\/\/fayshing.com\/de-de\/wp-json\/wp\/v2\/media?parent=2577"}],"wp:term":[{"taxonomy":"product_brand","embeddable":true,"href":"https:\/\/fayshing.com\/de-de\/wp-json\/wp\/v2\/product_brand?post=2577"},{"taxonomy":"product_cat","embeddable":true,"href":"https:\/\/fayshing.com\/de-de\/wp-json\/wp\/v2\/product_cat?post=2577"},{"taxonomy":"product_tag","embeddable":true,"href":"https:\/\/fayshing.com\/de-de\/wp-json\/wp\/v2\/product_tag?post=2577"}],"curies":[{"name":"wp","href":"https:\/\/api.w.org\/{rel}","templated":true}]}}