{"id":2576,"date":"2022-05-09T17:47:41","date_gmt":"2022-05-09T09:47:41","guid":{"rendered":"https:\/\/fayshing.com\/?post_type=product&#038;p=2576"},"modified":"2025-01-14T11:02:15","modified_gmt":"2025-01-14T03:02:15","slug":"fayshing-external-telescoping-luggage-handle-fs-th-015","status":"publish","type":"product","link":"https:\/\/fayshing.com\/de-de\/product\/fayshing-external-telescoping-luggage-handle-fs-th-015\/","title":{"rendered":"Fayshing Externer Teleskop-Gep\u00e4ckgriff FS-D002"},"content":{"rendered":"<p><strong>Fayshing Externer Teleskop-Gep\u00e4ckgriff FS-D002<\/strong><\/p>\n<p>Breite Anwendung: Vielf\u00e4ltig einsetzbar in Gep\u00e4ck, Koffern, Holzkisten usw.<\/p>\n<hr \/>\n<p><strong>Beschreibung :<\/strong><\/p>\n<ul>\n<li>Hergestellt aus hochwertigem Metall, sehr robust und gut konstruiert.<\/li>\n<li>Verschlei\u00dffest, geeignet f\u00fcr die Verwendung von gew\u00f6hnlichen Gep\u00e4ckbox, und m\u00fcssen Sie eine starke F\u00e4higkeit in DIY haben.<\/li>\n<\/ul>\n<hr \/>\n<p><strong>Notiz :<\/strong><\/p>\n<ul>\n<li>Aufgrund manueller Messung ist eine Abweichung von 1 \u2013 3 mm m\u00f6glich. Die Farbe kann aufgrund unterschiedlicher Anzeigeeinstellungen unterschiedlich sein. Bitte haben Sie Verst\u00e4ndnis.<\/li>\n<li>Wenn das von Ihnen erhaltene Produkt ein Problem aufweist, machen Sie sich bitte keine Sorgen. Kontaktieren Sie uns einfach und wir bieten Ihnen eine zufriedenstellende L\u00f6sung. Bei Fragen k\u00f6nnen Sie sich jederzeit an uns wenden. Wir sind jederzeit f\u00fcr Sie da.<\/li>\n<\/ul>","protected":false},"excerpt":{"rendered":"<p>Funktioniert perfekt als Ersatz f\u00fcr die ausziehbare Griffstange Ihres Gep\u00e4cks.<\/p>","protected":false},"featured_media":3627,"comment_status":"closed","ping_status":"closed","template":"","meta":{"_acf_changed":false},"product_brand":[],"product_cat":[108,125],"product_tag":[],"class_list":{"0":"post-2576","1":"product","2":"type-product","3":"status-publish","4":"has-post-thumbnail","6":"product_cat-handles","7":"product_cat-pull-out-handles","8":"pa_application-luggage-suitcase-wooden-case","9":"pa_delivery-time-please-contact-sales-staff","10":"pa_material-cold-plate-iron-wire","11":"pa_surface-treatment-golden","12":"description-off","14":"first","15":"instock","16":"shipping-taxable","17":"product-type-simple"},"acf":[],"_links":{"self":[{"href":"https:\/\/fayshing.com\/de-de\/wp-json\/wp\/v2\/product\/2576","targetHints":{"allow":["GET"]}}],"collection":[{"href":"https:\/\/fayshing.com\/de-de\/wp-json\/wp\/v2\/product"}],"about":[{"href":"https:\/\/fayshing.com\/de-de\/wp-json\/wp\/v2\/types\/product"}],"replies":[{"embeddable":true,"href":"https:\/\/fayshing.com\/de-de\/wp-json\/wp\/v2\/comments?post=2576"}],"wp:featuredmedia":[{"embeddable":true,"href":"https:\/\/fayshing.com\/de-de\/wp-json\/wp\/v2\/media\/3627"}],"wp:attachment":[{"href":"https:\/\/fayshing.com\/de-de\/wp-json\/wp\/v2\/media?parent=2576"}],"wp:term":[{"taxonomy":"product_brand","embeddable":true,"href":"https:\/\/fayshing.com\/de-de\/wp-json\/wp\/v2\/product_brand?post=2576"},{"taxonomy":"product_cat","embeddable":true,"href":"https:\/\/fayshing.com\/de-de\/wp-json\/wp\/v2\/product_cat?post=2576"},{"taxonomy":"product_tag","embeddable":true,"href":"https:\/\/fayshing.com\/de-de\/wp-json\/wp\/v2\/product_tag?post=2576"}],"curies":[{"name":"wp","href":"https:\/\/api.w.org\/{rel}","templated":true}]}}