{"id":2574,"date":"2022-05-09T17:24:57","date_gmt":"2022-05-09T09:24:57","guid":{"rendered":"https:\/\/fayshing.com\/?post_type=product&#038;p=2574"},"modified":"2025-08-08T14:26:17","modified_gmt":"2025-08-08T06:26:17","slug":"fayshing-travel-suitcase-telescopic-handle-spare-parts-suitcase-pull-drag-rod-fs-th-002","status":"publish","type":"product","link":"https:\/\/fayshing.com\/de-de\/product\/fayshing-travel-suitcase-telescopic-handle-spare-parts-suitcase-pull-drag-rod-fs-th-002\/","title":{"rendered":"Fayshing Travel Suitcase Telescopic Handle Ersatzteile Suitcase Pull Drag Rod FS-D003"},"content":{"rendered":"<p><strong>Fayshing Reisekoffer Teleskopgriff Ersatzteile Kofferzug Zugstange FS-FS-D003<\/strong><\/p>\n<p>Breite Anwendung: Vielf\u00e4ltig einsetzbar in Gep\u00e4ck, Koffern, Holzkisten usw.<\/p>\n<hr \/>\n<p><strong>Beschreibung :<\/strong><\/p>\n<ul>\n<li>Sie k\u00f6nnen den Teleskopstiel in der K\u00fchlbox einfach austauschen. Die hohe Kompatibilit\u00e4t dieser Teile erm\u00f6glicht es Ihnen, sie schnell zu verwenden und schnell zu installieren, ohne umst\u00e4ndliche Eink\u00e4ufe, und Sie k\u00f6nnen sie als Ersatzteile behalten.<\/li>\n<li>Ziemlich einfach zu schnappen in Platz. Perfekte \u00dcbereinstimmung und gute Wahl f\u00fcr den direkten Ersatz von Originalteilen und behebt die folgenden Symptome: Griff stecken geblieben, gebrochene Teleskopgriff. Qualit\u00e4t \u00fcbertrifft OEM-Anforderungen.<\/li>\n<\/ul>\n<hr \/>\n<p><strong>Notiz :<\/strong><\/p>\n<ul>\n<li>Aufgrund manueller Messung ist eine Abweichung von 1 \u2013 3 mm m\u00f6glich. Die Farbe kann aufgrund unterschiedlicher Anzeigeeinstellungen unterschiedlich sein. Bitte haben Sie Verst\u00e4ndnis.<\/li>\n<li>Wenn das von Ihnen erhaltene Produkt ein Problem aufweist, machen Sie sich bitte keine Sorgen. Kontaktieren Sie uns einfach und wir bieten Ihnen eine zufriedenstellende L\u00f6sung. Bei Fragen k\u00f6nnen Sie sich jederzeit an uns wenden. Wir sind jederzeit f\u00fcr Sie da.<\/li>\n<\/ul>","protected":false},"excerpt":{"rendered":"<p>Funktioniert perfekt als Ersatz f\u00fcr die ausziehbare Griffstange Ihres Gep\u00e4cks.<\/p>","protected":false},"featured_media":3632,"comment_status":"closed","ping_status":"closed","template":"","meta":{"_acf_changed":false},"product_brand":[],"product_cat":[108,125],"product_tag":[],"class_list":{"0":"post-2574","1":"product","2":"type-product","3":"status-publish","4":"has-post-thumbnail","6":"product_cat-handles","7":"product_cat-pull-out-handles","8":"pa_application-luggage-suitcase-wooden-case","9":"pa_delivery-time-please-contact-sales-staff","10":"pa_material-cold-plate-iron-wire","11":"pa_surface-treatment-golden","12":"description-off","14":"first","15":"instock","16":"shipping-taxable","17":"product-type-simple"},"acf":[],"_links":{"self":[{"href":"https:\/\/fayshing.com\/de-de\/wp-json\/wp\/v2\/product\/2574","targetHints":{"allow":["GET"]}}],"collection":[{"href":"https:\/\/fayshing.com\/de-de\/wp-json\/wp\/v2\/product"}],"about":[{"href":"https:\/\/fayshing.com\/de-de\/wp-json\/wp\/v2\/types\/product"}],"replies":[{"embeddable":true,"href":"https:\/\/fayshing.com\/de-de\/wp-json\/wp\/v2\/comments?post=2574"}],"wp:featuredmedia":[{"embeddable":true,"href":"https:\/\/fayshing.com\/de-de\/wp-json\/wp\/v2\/media\/3632"}],"wp:attachment":[{"href":"https:\/\/fayshing.com\/de-de\/wp-json\/wp\/v2\/media?parent=2574"}],"wp:term":[{"taxonomy":"product_brand","embeddable":true,"href":"https:\/\/fayshing.com\/de-de\/wp-json\/wp\/v2\/product_brand?post=2574"},{"taxonomy":"product_cat","embeddable":true,"href":"https:\/\/fayshing.com\/de-de\/wp-json\/wp\/v2\/product_cat?post=2574"},{"taxonomy":"product_tag","embeddable":true,"href":"https:\/\/fayshing.com\/de-de\/wp-json\/wp\/v2\/product_tag?post=2574"}],"curies":[{"name":"wp","href":"https:\/\/api.w.org\/{rel}","templated":true}]}}