{"id":2572,"date":"2022-05-09T16:42:30","date_gmt":"2022-05-09T08:42:30","guid":{"rendered":"https:\/\/fayshing.com\/?post_type=product&#038;p=2572"},"modified":"2025-08-07T17:10:09","modified_gmt":"2025-08-07T09:10:09","slug":"72x68mm-new-design-lock-head-surface-mount-butterfly-twist-latch-and-keeper-fs-1131","status":"publish","type":"product","link":"https:\/\/fayshing.com\/de-de\/product\/72x68mm-new-design-lock-head-surface-mount-butterfly-twist-latch-and-keeper-fs-1131\/","title":{"rendered":"Butterfly-Verschluss mittel ohne Schale ohne Halter FS-1131"},"content":{"rendered":"<p data-start=\"123\" data-end=\"444\">Der <strong data-start=\"127\" data-end=\"154\">FS-1131 Schmetterlingsverriegelung<\/strong> bietet eine saubere und effiziente L\u00f6sung f\u00fcr die Sicherung von Paneelen, Deckeln oder Zugangspunkten in Geh\u00e4usen und Schr\u00e4nken. Als <strong data-start=\"267\" data-end=\"314\">mittelgro\u00dfe Schmetterlings-Drehverschl\u00fcsse<\/strong> Er eignet sich ideal f\u00fcr Anwendungen, bei denen eine b\u00fcndige Schale oder ein Halter nicht erforderlich ist - so bleibt das Design minimal und funktional.<\/p>\n<p data-start=\"446\" data-end=\"757\">Gefertigt aus <strong data-start=\"463\" data-end=\"489\">langlebiger Stahl und Eisen<\/strong>und beendet in <strong data-start=\"507\" data-end=\"517\">Chrom<\/strong>Dieser Riegel bietet sowohl Korrosionsbest\u00e4ndigkeit als auch ein professionelles Aussehen. Die <strong data-start=\"598\" data-end=\"614\">nicht abschlie\u00dfbar<\/strong> Das Design gew\u00e4hrleistet einen schnellen und einfachen Zugriff und eignet sich daher perfekt f\u00fcr tragbare Ger\u00e4tekoffer, Lautsprecherboxen, Werkzeugk\u00e4sten oder speziell angefertigte Container.<\/p>\n<p data-start=\"759\" data-end=\"776\"><strong data-start=\"759\" data-end=\"776\">Wesentliche Merkmale:<\/strong><\/p>\n<ul data-start=\"777\" data-end=\"1041\">\n<li data-start=\"777\" data-end=\"802\">\n<p data-start=\"779\" data-end=\"802\">Produkt-Code: FS-1131<\/p>\n<\/li>\n<li data-start=\"803\" data-end=\"851\">\n<p data-start=\"805\" data-end=\"851\">Produkttyp: Verschl\u00fcsse \/ Drehverschl\u00fcsse Hardware<\/p>\n<\/li>\n<li data-start=\"852\" data-end=\"898\">\n<p data-start=\"854\" data-end=\"898\">Typ: Schmetterlingsverschluss (keine Schale, keine Halterung)<\/p>\n<\/li>\n<li data-start=\"899\" data-end=\"925\">\n<p data-start=\"901\" data-end=\"925\">Material: Stahl und Eisen<\/p>\n<\/li>\n<li data-start=\"926\" data-end=\"959\">\n<p data-start=\"928\" data-end=\"959\">Oberfl\u00e4che: Verchromt<\/p>\n<\/li>\n<li data-start=\"960\" data-end=\"1004\">\n<p data-start=\"962\" data-end=\"1004\">Abschlie\u00dfbar: Nein - schneller Zugang ohne Schl\u00fcssel<\/p>\n<\/li>\n<li data-start=\"1005\" data-end=\"1041\">\n<p data-start=\"1007\" data-end=\"1041\">Mittlere Gr\u00f6\u00dfe - kompakt und doch stark<\/p>\n<\/li>\n<\/ul>\n<p data-start=\"1043\" data-end=\"1220\">Ganz gleich, ob Sie ein Flightcase entwerfen oder eine fahrbereite Aufbewahrungseinheit bauen wollen, die <strong data-start=\"1125\" data-end=\"1167\">FS-1131 Schmetterlings-Drehverschluss-Beschlag<\/strong> bietet zuverl\u00e4ssige Leistung und einfache Installation.<\/p>","protected":false},"excerpt":{"rendered":"<ul>\n<li><strong>Produktart:\u00a0 <\/strong>F\u00e4ngt;<\/li>\n<li><strong>Typ:<\/strong>Butterfly-Verschl\u00fcsse;<\/li>\n<li><strong>Material:<\/strong>Stahl Eisen;<\/li>\n<li><strong>Oberfl\u00e4che:\u00a0 <\/strong>Chrom;<\/li>\n<li><strong>Abschlie\u00dfbar: <\/strong>NEIN;<\/li>\n<\/ul>","protected":false},"featured_media":2916,"comment_status":"closed","ping_status":"closed","template":"","meta":{"_acf_changed":false},"product_brand":[],"product_cat":[117],"product_tag":[],"class_list":{"0":"post-2572","1":"product","2":"type-product","3":"status-publish","4":"has-post-thumbnail","6":"product_cat-surface-mount-twist-latches","7":"pa_material-steel","8":"pa_surface-treatment-black","9":"pa_surface-treatment-blue-zinc","10":"pa_surface-treatment-chrome","11":"description-off","13":"first","14":"instock","15":"shipping-taxable","16":"product-type-simple"},"acf":[],"_links":{"self":[{"href":"https:\/\/fayshing.com\/de-de\/wp-json\/wp\/v2\/product\/2572","targetHints":{"allow":["GET"]}}],"collection":[{"href":"https:\/\/fayshing.com\/de-de\/wp-json\/wp\/v2\/product"}],"about":[{"href":"https:\/\/fayshing.com\/de-de\/wp-json\/wp\/v2\/types\/product"}],"replies":[{"embeddable":true,"href":"https:\/\/fayshing.com\/de-de\/wp-json\/wp\/v2\/comments?post=2572"}],"wp:featuredmedia":[{"embeddable":true,"href":"https:\/\/fayshing.com\/de-de\/wp-json\/wp\/v2\/media\/2916"}],"wp:attachment":[{"href":"https:\/\/fayshing.com\/de-de\/wp-json\/wp\/v2\/media?parent=2572"}],"wp:term":[{"taxonomy":"product_brand","embeddable":true,"href":"https:\/\/fayshing.com\/de-de\/wp-json\/wp\/v2\/product_brand?post=2572"},{"taxonomy":"product_cat","embeddable":true,"href":"https:\/\/fayshing.com\/de-de\/wp-json\/wp\/v2\/product_cat?post=2572"},{"taxonomy":"product_tag","embeddable":true,"href":"https:\/\/fayshing.com\/de-de\/wp-json\/wp\/v2\/product_tag?post=2572"}],"curies":[{"name":"wp","href":"https:\/\/api.w.org\/{rel}","templated":true}]}}