{"id":2567,"date":"2022-05-09T16:20:09","date_gmt":"2022-05-09T08:20:09","guid":{"rendered":"https:\/\/fayshing.com\/?post_type=product&#038;p=2567"},"modified":"2025-04-28T09:00:57","modified_gmt":"2025-04-28T01:00:57","slug":"56x39mm-stainless-steel-padlockable-surface-mount-butterfly-twist-latch-and-keeper-fs-1130","status":"publish","type":"product","link":"https:\/\/fayshing.com\/de-de\/product\/56x39mm-stainless-steel-padlockable-surface-mount-butterfly-twist-latch-and-keeper-fs-1130\/","title":{"rendered":"Mit Vorh\u00e4ngeschloss abschlie\u00dfbarer Butterfly-Drehverschluss und Halter aus Edelstahl f\u00fcr Oberfl\u00e4chenmontage FS1130"},"content":{"rendered":"<p>\u3010Dimension\u3011: 56 \u00d7 39 \u00d7 17mm (L \u00d7 B \u00d7 H)<br \/>\n\u3010Hohe Qualit\u00e4t\u3011: Hergestellt aus Edelstahl 304, ist es langlebig, stabil und rostbest\u00e4ndig.<br \/>\n\u3010Breite Anwendung\u3011: Es kann vielseitig in Flightcases, Multifunktionskoffern, Holzkisten usw. verwendet werden.<br \/>\n\u3010Einfache Verwendung\u3011: Der Riegel l\u00e4sst sich sehr leicht drehen. Legen Sie die verriegelten Befestigungselemente einfach flach auf das Geh\u00e4use und verriegeln Sie den Fl\u00fcgel.<br \/>\n\u3010Eigenschaften\u3011: Der Riegel weist die Eigenschaften einer gro\u00dfen Zugkraft, einer hohen Arbeitslast, einer einfachen Handhabung, Schlagfestigkeit usw. auf, wodurch ein fester Halt ohne Abrutschen gew\u00e4hrleistet werden kann.<\/p>","protected":false},"excerpt":{"rendered":"<ul>\n<li><strong>Produktart:\u00a0<\/strong>F\u00e4ngt;<\/li>\n<li><strong>Typ:<\/strong>Butterfly-Verschl\u00fcsse;<\/li>\n<li><strong>Material:<\/strong>Rostfreier Stahl\uff1b<\/li>\n<li><strong>Oberfl\u00e4che:\u00a0<\/strong>Chrom;<\/li>\n<li><strong>Abschlie\u00dfbar:<\/strong>Ja;<\/li>\n<\/ul>","protected":false},"featured_media":2920,"comment_status":"closed","ping_status":"closed","template":"","meta":{"_acf_changed":false},"product_brand":[],"product_cat":[117],"product_tag":[],"class_list":{"0":"post-2567","1":"product","2":"type-product","3":"status-publish","4":"has-post-thumbnail","6":"product_cat-surface-mount-twist-latches","7":"pa_material-steel","8":"pa_surface-treatment-black","9":"pa_surface-treatment-blue-zinc","10":"pa_surface-treatment-chrome","11":"description-off","13":"first","14":"instock","15":"shipping-taxable","16":"product-type-simple"},"acf":[],"_links":{"self":[{"href":"https:\/\/fayshing.com\/de-de\/wp-json\/wp\/v2\/product\/2567","targetHints":{"allow":["GET"]}}],"collection":[{"href":"https:\/\/fayshing.com\/de-de\/wp-json\/wp\/v2\/product"}],"about":[{"href":"https:\/\/fayshing.com\/de-de\/wp-json\/wp\/v2\/types\/product"}],"replies":[{"embeddable":true,"href":"https:\/\/fayshing.com\/de-de\/wp-json\/wp\/v2\/comments?post=2567"}],"wp:featuredmedia":[{"embeddable":true,"href":"https:\/\/fayshing.com\/de-de\/wp-json\/wp\/v2\/media\/2920"}],"wp:attachment":[{"href":"https:\/\/fayshing.com\/de-de\/wp-json\/wp\/v2\/media?parent=2567"}],"wp:term":[{"taxonomy":"product_brand","embeddable":true,"href":"https:\/\/fayshing.com\/de-de\/wp-json\/wp\/v2\/product_brand?post=2567"},{"taxonomy":"product_cat","embeddable":true,"href":"https:\/\/fayshing.com\/de-de\/wp-json\/wp\/v2\/product_cat?post=2567"},{"taxonomy":"product_tag","embeddable":true,"href":"https:\/\/fayshing.com\/de-de\/wp-json\/wp\/v2\/product_tag?post=2567"}],"curies":[{"name":"wp","href":"https:\/\/api.w.org\/{rel}","templated":true}]}}