{"id":2564,"date":"2022-05-09T16:09:18","date_gmt":"2022-05-09T08:09:18","guid":{"rendered":"https:\/\/fayshing.com\/?post_type=product&#038;p=2564"},"modified":"2025-08-07T16:59:54","modified_gmt":"2025-08-07T08:59:54","slug":"110x83mm-spring-loaded-surface-mount-twist-latch-and-keeper-with-captive-body-fs-1128","status":"publish","type":"product","link":"https:\/\/fayshing.com\/de-de\/product\/110x83mm-spring-loaded-surface-mount-twist-latch-and-keeper-with-captive-body-fs-1128\/","title":{"rendered":"Federbelasteter, oberfl\u00e4chenmontierter Drehriegel und Halter mit unverlierbarem K\u00f6rper FS1128"},"content":{"rendered":"<p>\u3010Abmessungen\u3011: 110 \u00d7 83 \u00d7 20 mm (L \u00d7 B \u00d7 H)<br \/>\n\u3010Hohe Qualit\u00e4t\u3011: Hergestellt aus Eisen, mit hoher H\u00e4rte und Verschlei\u00dffestigkeit, wodurch es langlebiger, korrosions- und oxidationsbest\u00e4ndig ist.<br \/>\n\u3010Breite Anwendung\u3011: Es kann vielseitig verwendet werden in Flightcases, Multifunktionskoffern, Holzkisten, Ger\u00e4tekisten usw.<br \/>\n\u3010Einfache Verwendung\u3011: Der Riegel l\u00e4sst sich sehr leicht drehen. Legen Sie die verriegelten Befestigungselemente einfach flach auf das Geh\u00e4use und verriegeln Sie den Fl\u00fcgel.<br \/>\n\u3010Eigenschaften\u3011: Der Riegel weist die Eigenschaften einer gro\u00dfen Zugkraft, einer hohen Arbeitslast, einer einfachen Handhabung, Schlagfestigkeit usw. auf, wodurch ein fester Halt ohne Abrutschen gew\u00e4hrleistet werden kann.<\/p>","protected":false},"excerpt":{"rendered":"<ul>\n<li><strong>Produktart:\u00a0<\/strong>F\u00e4ngt;<\/li>\n<li><strong>Typ:<\/strong>Butterfly-Verschl\u00fcsse;<\/li>\n<li><strong>Material:<\/strong>Stahl Eisen;<\/li>\n<li><strong>Oberfl\u00e4che:\u00a0<\/strong>Chrom;<\/li>\n<li><strong>Abschlie\u00dfbar:<\/strong>NEIN;<\/li>\n<\/ul>","protected":false},"featured_media":2924,"comment_status":"closed","ping_status":"closed","template":"","meta":{"_acf_changed":false},"product_brand":[],"product_cat":[23,117],"product_tag":[],"class_list":{"0":"post-2564","1":"product","2":"type-product","3":"status-publish","4":"has-post-thumbnail","6":"product_cat-latches","7":"product_cat-surface-mount-twist-latches","8":"pa_material-steel","9":"pa_surface-treatment-black","10":"pa_surface-treatment-blue-zinc","11":"pa_surface-treatment-chrome","12":"description-off","14":"first","15":"instock","16":"shipping-taxable","17":"product-type-simple"},"acf":[],"_links":{"self":[{"href":"https:\/\/fayshing.com\/de-de\/wp-json\/wp\/v2\/product\/2564","targetHints":{"allow":["GET"]}}],"collection":[{"href":"https:\/\/fayshing.com\/de-de\/wp-json\/wp\/v2\/product"}],"about":[{"href":"https:\/\/fayshing.com\/de-de\/wp-json\/wp\/v2\/types\/product"}],"replies":[{"embeddable":true,"href":"https:\/\/fayshing.com\/de-de\/wp-json\/wp\/v2\/comments?post=2564"}],"wp:featuredmedia":[{"embeddable":true,"href":"https:\/\/fayshing.com\/de-de\/wp-json\/wp\/v2\/media\/2924"}],"wp:attachment":[{"href":"https:\/\/fayshing.com\/de-de\/wp-json\/wp\/v2\/media?parent=2564"}],"wp:term":[{"taxonomy":"product_brand","embeddable":true,"href":"https:\/\/fayshing.com\/de-de\/wp-json\/wp\/v2\/product_brand?post=2564"},{"taxonomy":"product_cat","embeddable":true,"href":"https:\/\/fayshing.com\/de-de\/wp-json\/wp\/v2\/product_cat?post=2564"},{"taxonomy":"product_tag","embeddable":true,"href":"https:\/\/fayshing.com\/de-de\/wp-json\/wp\/v2\/product_tag?post=2564"}],"curies":[{"name":"wp","href":"https:\/\/api.w.org\/{rel}","templated":true}]}}