{"id":2563,"date":"2022-05-09T16:03:42","date_gmt":"2022-05-09T08:03:42","guid":{"rendered":"https:\/\/fayshing.com\/?post_type=product&#038;p=2563"},"modified":"2025-08-05T11:52:41","modified_gmt":"2025-08-05T03:52:41","slug":"118x83mm-large-spring-loaded-surface-mount-butterfly-twist-latch-and-keeper-fs-1127","status":"publish","type":"product","link":"https:\/\/fayshing.com\/de-de\/product\/118x83mm-large-spring-loaded-surface-mount-butterfly-twist-latch-and-keeper-fs-1127\/","title":{"rendered":"Gro\u00dfer, gefederter Butterfly-Drehverschluss mit Halter f\u00fcr Oberfl\u00e4chenmontage FS1127"},"content":{"rendered":"<p data-start=\"159\" data-end=\"464\">Erweitern Sie Ihr Geh\u00e4use oder Ihren Schrank mit dem <strong data-start=\"199\" data-end=\"262\">FS1127 Gro\u00dfer federbelasteter Schmetterlings-Drehverschluss und Halterung<\/strong>eine zuverl\u00e4ssige L\u00f6sung in hoher Qualit\u00e4t <strong data-start=\"300\" data-end=\"324\">Drehverriegelung<\/strong>. Dieser auf Haltbarkeit und Benutzerfreundlichkeit ausgelegte Verschluss f\u00fcr die Oberfl\u00e4chenmontage ist ideal f\u00fcr Flightcases, Roadcases und kundenspezifische Industriegeh\u00e4use.<\/p>\n<p data-start=\"466\" data-end=\"829\">Gefertigt aus <strong data-start=\"479\" data-end=\"504\">robuster Stahl und Eisen<\/strong>Der FS1127 ist in glattem Chrom gehalten und kombiniert St\u00e4rke mit Korrosionsbest\u00e4ndigkeit f\u00fcr langfristige Leistung. Die <strong data-start=\"622\" data-end=\"649\">Federmechanismus<\/strong> sorgt f\u00fcr reibungslosen Betrieb und sicheren Verschluss, w\u00e4hrend die <strong data-start=\"705\" data-end=\"736\">Drehverschluss in Schmetterlingsform<\/strong> bietet schnellen Zugang ohne Schl\u00fcssel - ideal, wenn die Abschlie\u00dfbarkeit nicht erforderlich ist.<\/p>\n<p data-start=\"831\" data-end=\"848\"><strong data-start=\"831\" data-end=\"848\">Wesentliche Merkmale:<\/strong><\/p>\n<ul data-start=\"849\" data-end=\"1077\">\n<li data-start=\"849\" data-end=\"897\">\n<p data-start=\"851\" data-end=\"897\">Produkttyp: Verschl\u00fcsse \/ Drehverschl\u00fcsse Hardware<\/p>\n<\/li>\n<li data-start=\"898\" data-end=\"923\">\n<p data-start=\"900\" data-end=\"923\">Typ: Schmetterlingsverriegelung<\/p>\n<\/li>\n<li data-start=\"924\" data-end=\"949\">\n<p data-start=\"926\" data-end=\"949\">Material: Stahl, Eisen<\/p>\n<\/li>\n<li data-start=\"950\" data-end=\"1008\">\n<p data-start=\"952\" data-end=\"1008\">Oberfl\u00e4che: Verchromt f\u00fcr Korrosionsbest\u00e4ndigkeit<\/p>\n<\/li>\n<li data-start=\"1009\" data-end=\"1060\">\n<p data-start=\"1011\" data-end=\"1060\">Montageart: Aufputzmontage - einfach zu installieren<\/p>\n<\/li>\n<li data-start=\"1061\" data-end=\"1077\">\n<p data-start=\"1063\" data-end=\"1077\">Abschlie\u00dfbar: Nein<\/p>\n<\/li>\n<\/ul>\n<p data-start=\"1079\" data-end=\"1258\">Egal, ob Sie einen Tourenkoffer ausstatten oder eine ma\u00dfgeschneiderte Aufbewahrungsl\u00f6sung bauen wollen, diese <strong data-start=\"1174\" data-end=\"1198\">Drehverriegelung<\/strong> bietet sowohl Funktionalit\u00e4t als auch Zuverl\u00e4ssigkeit in Industriequalit\u00e4t.<\/p>","protected":false},"excerpt":{"rendered":"<ul>\n<li><strong>Produktart:\u00a0<\/strong>F\u00e4ngt;<\/li>\n<li><strong>Typ:<\/strong>Butterfly-Verschl\u00fcsse;<\/li>\n<li><strong>Material:<\/strong>Stahl Eisen;<\/li>\n<li><strong>Oberfl\u00e4che:\u00a0<\/strong>Chrom;<\/li>\n<li><strong>Abschlie\u00dfbar:<\/strong>NEIN;<\/li>\n<\/ul>","protected":false},"featured_media":2926,"comment_status":"closed","ping_status":"closed","template":"","meta":{"_acf_changed":false},"product_brand":[],"product_cat":[23,117],"product_tag":[],"class_list":{"0":"post-2563","1":"product","2":"type-product","3":"status-publish","4":"has-post-thumbnail","6":"product_cat-latches","7":"product_cat-surface-mount-twist-latches","8":"pa_material-steel","9":"pa_surface-treatment-black","10":"pa_surface-treatment-blue-zinc","11":"pa_surface-treatment-chrome","12":"description-off","14":"first","15":"instock","16":"shipping-taxable","17":"product-type-simple"},"acf":[],"_links":{"self":[{"href":"https:\/\/fayshing.com\/de-de\/wp-json\/wp\/v2\/product\/2563","targetHints":{"allow":["GET"]}}],"collection":[{"href":"https:\/\/fayshing.com\/de-de\/wp-json\/wp\/v2\/product"}],"about":[{"href":"https:\/\/fayshing.com\/de-de\/wp-json\/wp\/v2\/types\/product"}],"replies":[{"embeddable":true,"href":"https:\/\/fayshing.com\/de-de\/wp-json\/wp\/v2\/comments?post=2563"}],"wp:featuredmedia":[{"embeddable":true,"href":"https:\/\/fayshing.com\/de-de\/wp-json\/wp\/v2\/media\/2926"}],"wp:attachment":[{"href":"https:\/\/fayshing.com\/de-de\/wp-json\/wp\/v2\/media?parent=2563"}],"wp:term":[{"taxonomy":"product_brand","embeddable":true,"href":"https:\/\/fayshing.com\/de-de\/wp-json\/wp\/v2\/product_brand?post=2563"},{"taxonomy":"product_cat","embeddable":true,"href":"https:\/\/fayshing.com\/de-de\/wp-json\/wp\/v2\/product_cat?post=2563"},{"taxonomy":"product_tag","embeddable":true,"href":"https:\/\/fayshing.com\/de-de\/wp-json\/wp\/v2\/product_tag?post=2563"}],"curies":[{"name":"wp","href":"https:\/\/api.w.org\/{rel}","templated":true}]}}