{"id":2562,"date":"2022-05-09T15:54:35","date_gmt":"2022-05-09T07:54:35","guid":{"rendered":"https:\/\/fayshing.com\/?post_type=product&#038;p=2562"},"modified":"2025-04-28T09:13:24","modified_gmt":"2025-04-28T01:13:24","slug":"72x68mm-padlockable-medium-spring-loaded-surface-mount-butterfly-twist-latch-and-keeper-fs-1126","status":"publish","type":"product","link":"https:\/\/fayshing.com\/de-de\/product\/72x68mm-padlockable-medium-spring-loaded-surface-mount-butterfly-twist-latch-and-keeper-fs-1126\/","title":{"rendered":"Abschlie\u00dfbarer mittelgro\u00dfer Butterfly-Drehverschluss mit Federmechanismus und Halter FS1126 f\u00fcr Oberfl\u00e4chenmontage"},"content":{"rendered":"<p>\u3010Abmessungen\u3011: 72 \u00d7 68 \u00d7 20 mm (L \u00d7 B \u00d7 H)<br \/>\n\u3010Gute Qualit\u00e4t\u3011: Hergestellt aus hochwertigem Eisen und die Oberfl\u00e4che ist verchromt, mit hervorragenden Korrosionsschutzeigenschaften, robust und langlebig f\u00fcr den Langzeitgebrauch.<br \/>\n\u3010Vielseitig einsetzbar\u3011: Kann vielseitig verwendet werden in Roadcases, Aluminium-Werkzeugkoffern, Fotoausr\u00fcstungsboxen usw.<br \/>\n\u3010Einfache Bedienung\u3011: Bet\u00e4tigung durch Fingerdruck auf den Fl\u00fcgel \u2013 eine 180-Grad-Drehung ver- und entriegelt die Einheit.<br \/>\n\u3010Eigenschaften\u3011: Hohe Spannung, hohe Arbeitslasten, einfache Handhabung, einfach die verriegelten Befestigungselemente flach auf das Geh\u00e4use legen und den Fl\u00fcgel verriegeln.<\/p>","protected":false},"excerpt":{"rendered":"<ul>\n<li><strong>Produktart:\u00a0<\/strong>F\u00e4ngt;<\/li>\n<li><strong>Typ:<\/strong>Butterfly-Verschl\u00fcsse;<\/li>\n<li><strong>Material:<\/strong>Stahl Eisen;<\/li>\n<li><strong>Oberfl\u00e4che:\u00a0<\/strong>Chrom;<\/li>\n<li><strong>Abschlie\u00dfbar:<\/strong>Ja;<\/li>\n<\/ul>","protected":false},"featured_media":2928,"comment_status":"closed","ping_status":"closed","template":"","meta":{"_acf_changed":false},"product_brand":[],"product_cat":[117],"product_tag":[],"class_list":{"0":"post-2562","1":"product","2":"type-product","3":"status-publish","4":"has-post-thumbnail","6":"product_cat-surface-mount-twist-latches","7":"pa_material-steel","8":"pa_surface-treatment-black","9":"pa_surface-treatment-blue-zinc","10":"pa_surface-treatment-chrome","11":"description-off","13":"first","14":"instock","15":"shipping-taxable","16":"product-type-simple"},"acf":[],"_links":{"self":[{"href":"https:\/\/fayshing.com\/de-de\/wp-json\/wp\/v2\/product\/2562","targetHints":{"allow":["GET"]}}],"collection":[{"href":"https:\/\/fayshing.com\/de-de\/wp-json\/wp\/v2\/product"}],"about":[{"href":"https:\/\/fayshing.com\/de-de\/wp-json\/wp\/v2\/types\/product"}],"replies":[{"embeddable":true,"href":"https:\/\/fayshing.com\/de-de\/wp-json\/wp\/v2\/comments?post=2562"}],"wp:featuredmedia":[{"embeddable":true,"href":"https:\/\/fayshing.com\/de-de\/wp-json\/wp\/v2\/media\/2928"}],"wp:attachment":[{"href":"https:\/\/fayshing.com\/de-de\/wp-json\/wp\/v2\/media?parent=2562"}],"wp:term":[{"taxonomy":"product_brand","embeddable":true,"href":"https:\/\/fayshing.com\/de-de\/wp-json\/wp\/v2\/product_brand?post=2562"},{"taxonomy":"product_cat","embeddable":true,"href":"https:\/\/fayshing.com\/de-de\/wp-json\/wp\/v2\/product_cat?post=2562"},{"taxonomy":"product_tag","embeddable":true,"href":"https:\/\/fayshing.com\/de-de\/wp-json\/wp\/v2\/product_tag?post=2562"}],"curies":[{"name":"wp","href":"https:\/\/api.w.org\/{rel}","templated":true}]}}