{"id":2550,"date":"2022-05-09T15:20:07","date_gmt":"2022-05-09T07:20:07","guid":{"rendered":"https:\/\/fayshing.com\/?post_type=product&#038;p=2550"},"modified":"2025-08-08T09:33:51","modified_gmt":"2025-08-08T01:33:51","slug":"fayshing-pull-ring-handle-toolbox-lifting-door-case-chest-pull-handles-fs-2058","status":"publish","type":"product","link":"https:\/\/fayshing.com\/de-de\/product\/fayshing-pull-ring-handle-toolbox-lifting-door-case-chest-pull-handles-fs-2058\/","title":{"rendered":"Fayshing Pull Ring Handle Toolbox Heben T\u00fcr Fall Chest Pull Griffe FS-2058"},"content":{"rendered":"<p><strong>Fayshing Pull Ring Handle Toolbox Heben T\u00fcr Fall Chest Pull Griffe FS-2058<\/strong><\/p>\n<p>Breite Anwendung: Verwendet in den verschiedenen Arten von Verpackungsbox, Aluminium-Box, Werkzeugkasten, etc.<\/p>\n<hr \/>\n<p><strong>Beschreibung :<\/strong><\/p>\n<ul>\n<li>Chest Handle ist aus hochwertigem Stahl gefertigt, verchromt, robuste Konstruktion f\u00fcr zus\u00e4tzliche Haltbarkeit und Stil, und langlebigen Einsatz.<\/li>\n<li>Ideal f\u00fcr Truhen, Kisten, Aufbewahrungsboxen, T\u00fcren, Schr\u00e4nke, Schubladen, Schr\u00e4nke, etc. Alle Arten von M\u00f6belbeschl\u00e4gen.<\/li>\n<\/ul>\n<hr \/>\n<p><strong>Notiz :<\/strong><\/p>\n<ul>\n<li>Aufgrund manueller Messung ist eine Abweichung von 1 \u2013 3 mm m\u00f6glich. Die Farbe kann aufgrund unterschiedlicher Anzeigeeinstellungen unterschiedlich sein. Bitte haben Sie Verst\u00e4ndnis.<\/li>\n<li>Wenn das von Ihnen erhaltene Produkt ein Problem aufweist, machen Sie sich bitte keine Sorgen. Kontaktieren Sie uns einfach und wir bieten Ihnen eine zufriedenstellende L\u00f6sung. Bei Fragen k\u00f6nnen Sie sich jederzeit an uns wenden. Wir sind jederzeit f\u00fcr Sie da.<\/li>\n<\/ul>","protected":false},"excerpt":{"rendered":"<p>Perfekt zum St\u00fctzen von Schr\u00e4nken, Kisten, Truhen usw.<\/p>","protected":false},"featured_media":2938,"comment_status":"open","ping_status":"closed","template":"","meta":{"_acf_changed":false},"product_brand":[],"product_cat":[108,122],"product_tag":[],"class_list":{"0":"post-2550","1":"product","2":"type-product","3":"status-publish","4":"has-post-thumbnail","6":"product_cat-handles","7":"product_cat-chest-handles","8":"pa_application-packing-box-aluminum-box-toolbox","9":"pa_delivery-time-please-contact-sales-staff","10":"pa_material-cold-plate-iron-wire","11":"pa_surface-treatment-chrome","12":"description-off","14":"first","15":"instock","16":"shipping-taxable","17":"product-type-simple"},"acf":[],"_links":{"self":[{"href":"https:\/\/fayshing.com\/de-de\/wp-json\/wp\/v2\/product\/2550","targetHints":{"allow":["GET"]}}],"collection":[{"href":"https:\/\/fayshing.com\/de-de\/wp-json\/wp\/v2\/product"}],"about":[{"href":"https:\/\/fayshing.com\/de-de\/wp-json\/wp\/v2\/types\/product"}],"replies":[{"embeddable":true,"href":"https:\/\/fayshing.com\/de-de\/wp-json\/wp\/v2\/comments?post=2550"}],"wp:featuredmedia":[{"embeddable":true,"href":"https:\/\/fayshing.com\/de-de\/wp-json\/wp\/v2\/media\/2938"}],"wp:attachment":[{"href":"https:\/\/fayshing.com\/de-de\/wp-json\/wp\/v2\/media?parent=2550"}],"wp:term":[{"taxonomy":"product_brand","embeddable":true,"href":"https:\/\/fayshing.com\/de-de\/wp-json\/wp\/v2\/product_brand?post=2550"},{"taxonomy":"product_cat","embeddable":true,"href":"https:\/\/fayshing.com\/de-de\/wp-json\/wp\/v2\/product_cat?post=2550"},{"taxonomy":"product_tag","embeddable":true,"href":"https:\/\/fayshing.com\/de-de\/wp-json\/wp\/v2\/product_tag?post=2550"}],"curies":[{"name":"wp","href":"https:\/\/api.w.org\/{rel}","templated":true}]}}