{"id":2515,"date":"2022-05-09T11:38:53","date_gmt":"2022-05-09T03:38:53","guid":{"rendered":"https:\/\/fayshing.com\/?post_type=product&#038;p=2515"},"modified":"2025-02-12T11:04:53","modified_gmt":"2025-02-12T03:04:53","slug":"fayshing-100x54mm-rack-lid-latch-in-narrow-and-very-shallow-plain-dish-fs-1165","status":"publish","type":"product","link":"https:\/\/fayshing.com\/de-de\/product\/fayshing-100x54mm-rack-lid-latch-in-narrow-and-very-shallow-plain-dish-fs-1165\/","title":{"rendered":"100x54mm Rack-Deckelverschluss in schmaler und sehr flacher einfacher Schale FS-1213"},"content":{"rendered":"<p>[ SPEZIFIKATIONEN ] Gr\u00f6\u00dfe: 100x54mm; 7 Befestigungsl\u00f6cher; Lochdurchmesser: 5,2mm.<br \/>\n(MATERIAL) Hergestellt aus Metall, nach der Galvanisierung, wird es stark, haltbar und langlebig.<br \/>\n[HOHE FUNKTION] Ein federbelasteter, versenkter Riegel kann wirksam verhindern, dass der Riegel herunterf\u00e4llt.<br \/>\n[ANWENDUNG ] Geeignet f\u00fcr Flightcase, Werkzeugkasten, Aluminiumkoffer, Fahrgestell, Gep\u00e4ck usw.<br \/>\n[HINWEIS] Aufgrund der manuellen Messung kann es zu kleinen Abweichungen kommen. Die Farbe kann unterschiedlich sein, da die Differenzanzeige, bitte verstehen.<\/p>\n<p><iframe title=\"FAYSHING | Flight Case Versenkter Butterfly-Verschluss\" width=\"1200\" height=\"675\" src=\"https:\/\/www.youtube.com\/embed\/aTp86AjsHpU?feature=oembed\" frameborder=\"0\" allow=\"accelerometer; autoplay; clipboard-write; encrypted-media; gyroscope; picture-in-picture; web-share\" referrerpolicy=\"strict-origin-when-cross-origin\" allowfullscreen><\/iframe><\/p>\n<p>&nbsp;<\/p>","protected":false},"excerpt":{"rendered":"<ul>\n<li>2U Einbaurack-Deckelverriegelung in schmaler und sehr flacher Dose<\/li>\n<li>Material: Stahl<\/li>\n<li>Ausf\u00fchrung: Chrom \/ Schwarz \/ Zink<\/li>\n<\/ul>","protected":false},"featured_media":2941,"comment_status":"closed","ping_status":"closed","template":"","meta":{"_acf_changed":false},"product_brand":[],"product_cat":[116],"product_tag":[],"class_list":{"0":"post-2515","1":"product","2":"type-product","3":"status-publish","4":"has-post-thumbnail","6":"product_cat-recessed-twist-latches","7":"description-off","9":"first","10":"instock","11":"shipping-taxable","12":"product-type-simple"},"acf":[],"_links":{"self":[{"href":"https:\/\/fayshing.com\/de-de\/wp-json\/wp\/v2\/product\/2515","targetHints":{"allow":["GET"]}}],"collection":[{"href":"https:\/\/fayshing.com\/de-de\/wp-json\/wp\/v2\/product"}],"about":[{"href":"https:\/\/fayshing.com\/de-de\/wp-json\/wp\/v2\/types\/product"}],"replies":[{"embeddable":true,"href":"https:\/\/fayshing.com\/de-de\/wp-json\/wp\/v2\/comments?post=2515"}],"wp:featuredmedia":[{"embeddable":true,"href":"https:\/\/fayshing.com\/de-de\/wp-json\/wp\/v2\/media\/2941"}],"wp:attachment":[{"href":"https:\/\/fayshing.com\/de-de\/wp-json\/wp\/v2\/media?parent=2515"}],"wp:term":[{"taxonomy":"product_brand","embeddable":true,"href":"https:\/\/fayshing.com\/de-de\/wp-json\/wp\/v2\/product_brand?post=2515"},{"taxonomy":"product_cat","embeddable":true,"href":"https:\/\/fayshing.com\/de-de\/wp-json\/wp\/v2\/product_cat?post=2515"},{"taxonomy":"product_tag","embeddable":true,"href":"https:\/\/fayshing.com\/de-de\/wp-json\/wp\/v2\/product_tag?post=2515"}],"curies":[{"name":"wp","href":"https:\/\/api.w.org\/{rel}","templated":true}]}}