{"id":2510,"date":"2022-05-09T11:03:28","date_gmt":"2022-05-09T03:03:28","guid":{"rendered":"https:\/\/fayshing.com\/?post_type=product&#038;p=2510"},"modified":"2025-01-07T14:27:32","modified_gmt":"2025-01-07T06:27:32","slug":"fayshing-172x127mm-large-lid-stay-in-dish-with-hinge-fs-1117","status":"publish","type":"product","link":"https:\/\/fayshing.com\/de-de\/product\/fayshing-172x127mm-large-lid-stay-in-dish-with-hinge-fs-1117\/","title":{"rendered":"Fayshing 172x127mm Gro\u00dfer Deckelhalter mit Scharnier FS-1117"},"content":{"rendered":"<p>&nbsp;<\/p>\n<p>\u3010Dimension\u3011: Gesamtgr\u00f6\u00dfe: 172x 127mm; 14 Befestigungsl\u00f6cher; Lochdurchmesser: 5mm.<br \/>\n\u3010Solides und n\u00fctzliches Design\u3011: Die Struktur ist robust und langlebig, die Oberfl\u00e4che ist verchromt, nicht leicht zu rosten.<br \/>\n\u3010Easy to Use\u3011: Nach der Installation wird das Scharnier Ihren Deckel perfekt unterst\u00fctzen und niemals abfallen, um Ihre Sicherheit zu gew\u00e4hrleisten.<br \/>\n\u3010Weite Anwendung\u3011: Geeignet f\u00fcr Flightcases, Werkzeugkoffer, Holzkoffer, Aluminiumkoffer, Chassis, Gep\u00e4ckkoffer, etc.<br \/>\n\u3010Lagerung Methode\u3011: An einem trockenen Ort lagern, nicht an einem feuchten, k\u00fchlen Ort stapeln, um Rost oder Oxidation des Produkts zu vermeiden.<\/p>\n<p>&nbsp;<\/p>","protected":false},"excerpt":{"rendered":"<p>Egal, ob Sie ein komplettes Flightcase ersetzen oder ein komplett neues Flightcase installieren, Sie brauchen die richtigen Scharniere, um sicherzustellen, dass sie sich jedes Mal reibungslos und effizient \u00f6ffnen. Aus diesem Grund hat Fayshing hochwertige Deckelscharniere entwickelt, die sicherstellen, dass sie \u00fcber viele Jahre hinweg in der richtigen Position bleiben.<\/p>","protected":false},"featured_media":4694,"comment_status":"open","ping_status":"closed","template":"","meta":{"_acf_changed":false},"product_brand":[],"product_cat":[134],"product_tag":[],"class_list":{"0":"post-2510","1":"product","2":"type-product","3":"status-publish","4":"has-post-thumbnail","6":"product_cat-lid-stays","7":"description-off","9":"first","10":"instock","11":"shipping-taxable","12":"product-type-simple"},"acf":[],"_links":{"self":[{"href":"https:\/\/fayshing.com\/de-de\/wp-json\/wp\/v2\/product\/2510","targetHints":{"allow":["GET"]}}],"collection":[{"href":"https:\/\/fayshing.com\/de-de\/wp-json\/wp\/v2\/product"}],"about":[{"href":"https:\/\/fayshing.com\/de-de\/wp-json\/wp\/v2\/types\/product"}],"replies":[{"embeddable":true,"href":"https:\/\/fayshing.com\/de-de\/wp-json\/wp\/v2\/comments?post=2510"}],"wp:featuredmedia":[{"embeddable":true,"href":"https:\/\/fayshing.com\/de-de\/wp-json\/wp\/v2\/media\/4694"}],"wp:attachment":[{"href":"https:\/\/fayshing.com\/de-de\/wp-json\/wp\/v2\/media?parent=2510"}],"wp:term":[{"taxonomy":"product_brand","embeddable":true,"href":"https:\/\/fayshing.com\/de-de\/wp-json\/wp\/v2\/product_brand?post=2510"},{"taxonomy":"product_cat","embeddable":true,"href":"https:\/\/fayshing.com\/de-de\/wp-json\/wp\/v2\/product_cat?post=2510"},{"taxonomy":"product_tag","embeddable":true,"href":"https:\/\/fayshing.com\/de-de\/wp-json\/wp\/v2\/product_tag?post=2510"}],"curies":[{"name":"wp","href":"https:\/\/api.w.org\/{rel}","templated":true}]}}