{"id":2509,"date":"2022-05-09T11:26:02","date_gmt":"2022-05-09T03:26:02","guid":{"rendered":"https:\/\/fayshing.com\/?post_type=product&#038;p=2509"},"modified":"2025-08-08T09:38:19","modified_gmt":"2025-08-08T01:38:19","slug":"fayshing-strap-handle-with-steel-foil-fs-2096","status":"publish","type":"product","link":"https:\/\/fayshing.com\/de-de\/product\/fayshing-strap-handle-with-steel-foil-fs-2096\/","title":{"rendered":"Fayshing Riemengriff mit Stahlfolie FS-2096"},"content":{"rendered":"<p><strong>Fayshing Riemengriff mit Stahlfolie FS-2096<\/strong><\/p>\n<p>Breite Anwendung: Geeignet f\u00fcr Schubladen, Koffer, Schr\u00e4nke, Garderoben, Aluminiumboxen usw.<\/p>\n<hr \/>\n<p><strong>Beschreibung :<\/strong><\/p>\n<ul>\n<li>Hergestellt aus hochwertigem Metall und Kunststoff, langlebig, verschlei\u00dffest und langlebig.<\/li>\n<li>Es eignet sich sehr gut f\u00fcr modernes Box-Design, passt aber auch perfekt zu traditionellen Schr\u00e4nken.<\/li>\n<\/ul>\n<hr \/>\n<p><strong>Notiz :<\/strong><\/p>\n<ul>\n<li>Aufgrund manueller Messung ist eine Abweichung von 1 \u2013 3 mm m\u00f6glich. Die Farbe kann aufgrund unterschiedlicher Anzeigeeinstellungen unterschiedlich sein. Bitte haben Sie Verst\u00e4ndnis.<\/li>\n<li>Bitte kontaktieren Sie uns, \u00fcberpr\u00fcfen Sie unsere Produktgr\u00f6\u00dfe sorgf\u00e4ltig und lesen Sie die Produktgr\u00f6\u00dfenbeschreibungen vor dem Kauf, um m\u00f6glicherweise unangenehme Einkaufserlebnisse zu vermeiden.<\/li>\n<\/ul>","protected":false},"excerpt":{"rendered":"<p>Geh\u00e4useloser Metall- und Kunststoffgriff, ideal zum Einlegen in kleine Kisten, wie z.B. Alukisten und Werkzeugk\u00e4sten.<\/p>","protected":false},"featured_media":2945,"comment_status":"open","ping_status":"closed","template":"","meta":{"_acf_changed":false},"product_brand":[],"product_cat":[108,124],"product_tag":[],"class_list":{"0":"post-2509","1":"product","2":"type-product","3":"status-publish","4":"has-post-thumbnail","6":"product_cat-handles","7":"product_cat-strap-handles","8":"pa_application-aluminum-box-equipment-box-toolbox","9":"pa_delivery-time-please-contact-sales-staff","10":"pa_material-cold-plate-plastic","11":"pa_surface-treatment-chrome-black-golden-gray","12":"description-off","14":"first","15":"instock","16":"shipping-taxable","17":"product-type-simple"},"acf":[],"_links":{"self":[{"href":"https:\/\/fayshing.com\/de-de\/wp-json\/wp\/v2\/product\/2509","targetHints":{"allow":["GET"]}}],"collection":[{"href":"https:\/\/fayshing.com\/de-de\/wp-json\/wp\/v2\/product"}],"about":[{"href":"https:\/\/fayshing.com\/de-de\/wp-json\/wp\/v2\/types\/product"}],"replies":[{"embeddable":true,"href":"https:\/\/fayshing.com\/de-de\/wp-json\/wp\/v2\/comments?post=2509"}],"wp:featuredmedia":[{"embeddable":true,"href":"https:\/\/fayshing.com\/de-de\/wp-json\/wp\/v2\/media\/2945"}],"wp:attachment":[{"href":"https:\/\/fayshing.com\/de-de\/wp-json\/wp\/v2\/media?parent=2509"}],"wp:term":[{"taxonomy":"product_brand","embeddable":true,"href":"https:\/\/fayshing.com\/de-de\/wp-json\/wp\/v2\/product_brand?post=2509"},{"taxonomy":"product_cat","embeddable":true,"href":"https:\/\/fayshing.com\/de-de\/wp-json\/wp\/v2\/product_cat?post=2509"},{"taxonomy":"product_tag","embeddable":true,"href":"https:\/\/fayshing.com\/de-de\/wp-json\/wp\/v2\/product_tag?post=2509"}],"curies":[{"name":"wp","href":"https:\/\/api.w.org\/{rel}","templated":true}]}}