{"id":2500,"date":"2022-05-09T09:58:17","date_gmt":"2022-05-09T01:58:17","guid":{"rendered":"https:\/\/fayshing.com\/?post_type=product&#038;p=2500"},"modified":"2025-09-25T09:34:53","modified_gmt":"2025-09-25T01:34:53","slug":"157x127mm-large-recessed-butterfly-twist-latch-in-offset-dish-fs-1114","status":"publish","type":"product","link":"https:\/\/fayshing.com\/de-de\/product\/157x127mm-large-recessed-butterfly-twist-latch-in-offset-dish-fs-1114\/","title":{"rendered":"157x127mm gro\u00dfer versenkter Butterfly-Drehverschluss in versetzter Schale FS-1114"},"content":{"rendered":"<ul>\n<li>Gro\u00dfer versenkter Butterfly-Drehverschluss<\/li>\n<li>Material: Stahl<\/li>\n<li>Ausf\u00fchrung: Chrom \/ Schwarz \/ Zink<\/li>\n<\/ul>\n<p>[ SPEZIFIKATIONEN ] Gr\u00f6\u00dfe: 157x127mm; 14 Befestigungsl\u00f6cher; Lochdurchmesser: 5mm.<br \/>\n(MATERIAL) Hergestellt aus Metall, nach der Galvanisierung, wird es stark, haltbar und langlebig.<br \/>\n[HOHE FUNKTION] Ein federbelasteter, versenkter Riegel kann wirksam verhindern, dass der Riegel herunterf\u00e4llt.<br \/>\n[ANWENDUNG ] Geeignet f\u00fcr Flightcase, Werkzeugkasten, Aluminiumkoffer, Fahrgestell, Gep\u00e4ck usw.<br \/>\n[HINWEIS] Aufgrund der manuellen Messung kann es zu kleinen Abweichungen kommen. Die Farbe kann unterschiedlich sein, da die Differenzanzeige, bitte verstehen.<\/p>\n<h2 id=\"tablepress-3-name\" class=\"tablepress-table-name tablepress-table-name-id-3\">Gro\u00dfer versenkter Riegel<\/h2>\n\n<table id=\"tablepress-3\" class=\"tablepress tablepress-id-3\" aria-labelledby=\"tablepress-3-name\">\n<thead>\n<tr class=\"row-1\">\n\t<th class=\"column-1\"><strong>Teil Nummer<\/strong><\/th><th class=\"column-2\"><strong>Zeichnung<\/strong><\/th><th class=\"column-3\"><strong>Oberfl\u00e4che<\/strong><\/th><th class=\"column-4\"><strong>Abschlie\u00dfbar<\/strong><\/th><th class=\"column-5\"><strong>Versetzt<\/strong><\/th>\n<\/tr>\n<\/thead>\n<tbody class=\"row-striping row-hover\">\n<tr class=\"row-2\">\n\t<td class=\"column-1\"><a href=\"https:\/\/fayshing.com\/de-de\/product\/fs1211-groser-versenkter-schmetterlings-drehverschluss-mit-offset\/\">FS1211<\/a><\/td><td class=\"column-2\"><a href=\"https:\/\/fayshing.com\/wp-content\/uploads\/FS1211-Large-Recessed-Butterfly-Twist-Latch-with-Offset-Size.jpg\"><img decoding=\"async\" src=\"https:\/\/fayshing.com\/wp-content\/uploads\/FS1211-Large-Recessed-Butterfly-Twist-Latch-with-Offset-Size-300x300.jpg\" alt=\"FS1211 Gro\u00dfer versenkter Butterfly-Drehverschluss mit Offset-Gr\u00f6\u00dfe\" width=\"60\" height=\"60\" class=\"alignnone size-medium wp-image-6215\" title=\"\" srcset=\"https:\/\/fayshing.com\/wp-content\/uploads\/FS1211-Large-Recessed-Butterfly-Twist-Latch-with-Offset-Size-300x300.jpg 300w, https:\/\/fayshing.com\/wp-content\/uploads\/FS1211-Large-Recessed-Butterfly-Twist-Latch-with-Offset-Size-150x150.jpg 150w, https:\/\/fayshing.com\/wp-content\/uploads\/FS1211-Large-Recessed-Butterfly-Twist-Latch-with-Offset-Size-768x768.jpg 768w, https:\/\/fayshing.com\/wp-content\/uploads\/FS1211-Large-Recessed-Butterfly-Twist-Latch-with-Offset-Size-12x12.jpg 12w, https:\/\/fayshing.com\/wp-content\/uploads\/FS1211-Large-Recessed-Butterfly-Twist-Latch-with-Offset-Size-600x600.jpg 600w, https:\/\/fayshing.com\/wp-content\/uploads\/FS1211-Large-Recessed-Butterfly-Twist-Latch-with-Offset-Size-200x200.jpg 200w, https:\/\/fayshing.com\/wp-content\/uploads\/FS1211-Large-Recessed-Butterfly-Twist-Latch-with-Offset-Size.jpg 1000w\" sizes=\"(max-width: 60px) 100vw, 60px\" \/><\/a><\/td><td class=\"column-3\"><\/td><td class=\"column-4\">Vorh\u00e4ngeschloss<\/td><td class=\"column-5\">Ja<\/td>\n<\/tr>\n<tr class=\"row-3\">\n\t<td class=\"column-1\"><a href=\"https:\/\/fayshing.com\/de-de\/product\/157x127mm-large-recessed-butterfly-twist-latch-in-offset-dish-with-padlock-ring-fs-1113\/\">FS1113<\/a><\/td><td class=\"column-2\"><a href=\"https:\/\/fayshing.com\/wp-content\/uploads\/Large-Recessed-Butterfly-Twist-Latch-in-Offset-Dish-with-Padlock-Ring-FS-1113.jpg\"><img decoding=\"async\" src=\"https:\/\/fayshing.com\/wp-content\/uploads\/Large-Recessed-Butterfly-Twist-Latch-in-Offset-Dish-with-Padlock-Ring-FS-1113-300x300.jpg\" alt=\"Gro\u00dfer versenkter Butterfly-Drehverschluss in versetzter Schale mit Vorh\u00e4ngeschlossring\" width=\"60\" height=\"60\" class=\"alignnone size-medium wp-image-6218\" title=\"\" srcset=\"https:\/\/fayshing.com\/wp-content\/uploads\/Large-Recessed-Butterfly-Twist-Latch-in-Offset-Dish-with-Padlock-Ring-FS-1113-300x300.jpg 300w, https:\/\/fayshing.com\/wp-content\/uploads\/Large-Recessed-Butterfly-Twist-Latch-in-Offset-Dish-with-Padlock-Ring-FS-1113-150x150.jpg 150w, https:\/\/fayshing.com\/wp-content\/uploads\/Large-Recessed-Butterfly-Twist-Latch-in-Offset-Dish-with-Padlock-Ring-FS-1113-768x768.jpg 768w, https:\/\/fayshing.com\/wp-content\/uploads\/Large-Recessed-Butterfly-Twist-Latch-in-Offset-Dish-with-Padlock-Ring-FS-1113-12x12.jpg 12w, https:\/\/fayshing.com\/wp-content\/uploads\/Large-Recessed-Butterfly-Twist-Latch-in-Offset-Dish-with-Padlock-Ring-FS-1113-600x600.jpg 600w, https:\/\/fayshing.com\/wp-content\/uploads\/Large-Recessed-Butterfly-Twist-Latch-in-Offset-Dish-with-Padlock-Ring-FS-1113-200x200.jpg 200w, https:\/\/fayshing.com\/wp-content\/uploads\/Large-Recessed-Butterfly-Twist-Latch-in-Offset-Dish-with-Padlock-Ring-FS-1113.jpg 1000w\" sizes=\"(max-width: 60px) 100vw, 60px\" \/><\/a><\/td><td class=\"column-3\">Chrom<\/td><td class=\"column-4\">Vorh\u00e4ngeschloss<\/td><td class=\"column-5\">Ja<\/td>\n<\/tr>\n<tr class=\"row-4\">\n\t<td class=\"column-1\"><a href=\"https:\/\/fayshing.com\/de-de\/product\/157x127mm-large-recessed-butterfly-twist-latch-in-offset-dish-fs-1114\/\">FS1114<\/a><\/td><td class=\"column-2\"><a href=\"https:\/\/fayshing.com\/wp-content\/uploads\/2022\/05\/FS1114-5.jpg\"><img decoding=\"async\" src=\"https:\/\/fayshing.com\/wp-content\/uploads\/2022\/05\/FS1114-5-300x300.jpg\" alt=\"Gro\u00dfer versenkter Butterfly-Drehverschluss in versetzter Schale\" width=\"60\" height=\"60\" class=\"alignnone size-medium wp-image-2952\" title=\"\" srcset=\"https:\/\/fayshing.com\/wp-content\/uploads\/2022\/05\/FS1114-5-300x300.jpg 300w, https:\/\/fayshing.com\/wp-content\/uploads\/2022\/05\/FS1114-5-200x200.jpg 200w, https:\/\/fayshing.com\/wp-content\/uploads\/2022\/05\/FS1114-5-600x600.jpg 600w, https:\/\/fayshing.com\/wp-content\/uploads\/2022\/05\/FS1114-5-64x64.jpg 64w, https:\/\/fayshing.com\/wp-content\/uploads\/2022\/05\/FS1114-5-150x150.jpg 150w, https:\/\/fayshing.com\/wp-content\/uploads\/2022\/05\/FS1114-5-768x768.jpg 768w, https:\/\/fayshing.com\/wp-content\/uploads\/2022\/05\/FS1114-5-100x100.jpg 100w, https:\/\/fayshing.com\/wp-content\/uploads\/2022\/05\/FS1114-5.jpg 800w\" sizes=\"(max-width: 60px) 100vw, 60px\" \/><\/a><\/td><td class=\"column-3\">Chrom<\/td><td class=\"column-4\">NO<\/td><td class=\"column-5\">Ja<\/td>\n<\/tr>\n<tr class=\"row-5\">\n\t<td class=\"column-1\"><a href=\"https:\/\/fayshing.com\/de-de\/product\/157x127mm-large-recessed-butterfly-twist-latch-in-offset-dish-with-padlock-feature-fs-1115\/\">FS1115<\/a><\/td><td class=\"column-2\"><a href=\"https:\/\/fayshing.com\/wp-content\/uploads\/2022\/05\/FS1115-6.jpg\"><img loading=\"lazy\" decoding=\"async\" src=\"https:\/\/fayshing.com\/wp-content\/uploads\/2022\/05\/FS1115-6-300x300.jpg\" alt=\"Gro\u00dfer versenkter Butterfly-Drehverschluss mit versetzter Schale und Vorh\u00e4ngeschlossfunktion\" width=\"60\" height=\"60\" class=\"alignnone size-medium wp-image-2950\" title=\"\" srcset=\"https:\/\/fayshing.com\/wp-content\/uploads\/2022\/05\/FS1115-6-300x300.jpg 300w, https:\/\/fayshing.com\/wp-content\/uploads\/2022\/05\/FS1115-6-200x200.jpg 200w, https:\/\/fayshing.com\/wp-content\/uploads\/2022\/05\/FS1115-6-600x600.jpg 600w, https:\/\/fayshing.com\/wp-content\/uploads\/2022\/05\/FS1115-6-64x64.jpg 64w, https:\/\/fayshing.com\/wp-content\/uploads\/2022\/05\/FS1115-6-150x150.jpg 150w, https:\/\/fayshing.com\/wp-content\/uploads\/2022\/05\/FS1115-6-768x768.jpg 768w, https:\/\/fayshing.com\/wp-content\/uploads\/2022\/05\/FS1115-6-100x100.jpg 100w, https:\/\/fayshing.com\/wp-content\/uploads\/2022\/05\/FS1115-6.jpg 800w\" sizes=\"(max-width: 60px) 100vw, 60px\" \/><\/a><\/td><td class=\"column-3\">Chrom<\/td><td class=\"column-4\">Vorh\u00e4ngeschloss<\/td><td class=\"column-5\">Ja<\/td>\n<\/tr>\n<tr class=\"row-6\">\n\t<td class=\"column-1\"><a href=\"https:\/\/fayshing.com\/de-de\/product\/fs1212-large-recessed-butterfly-twist-latch\/\">FS1212<\/a><\/td><td class=\"column-2\"><\/td><td class=\"column-3\">Chrom<\/td><td class=\"column-4\">NO<\/td><td class=\"column-5\">NO<\/td>\n<\/tr>\n<\/tbody>\n<\/table>\n\n<p><iframe title=\"FAYSHING | Flight Case Versenkter Butterfly-Verschluss\" width=\"1200\" height=\"675\" src=\"https:\/\/www.youtube.com\/embed\/aTp86AjsHpU?feature=oembed&#038;enablejsapi=1&#038;origin=https:\/\/fayshing.com\" frameborder=\"0\" allow=\"accelerometer; autoplay; clipboard-write; encrypted-media; gyroscope; picture-in-picture; web-share\" referrerpolicy=\"strict-origin-when-cross-origin\" allowfullscreen><\/iframe><\/p>\n<p>&nbsp;<\/p>","protected":false},"excerpt":{"rendered":"<ul>\n<li>Gro\u00dfer versenkter Riegel mit Versatz<\/li>\n<li>Material: Stahl<\/li>\n<li>Ausf\u00fchrung: Chrom \/ Schwarz \/ Zink<\/li>\n<\/ul>","protected":false},"featured_media":2951,"comment_status":"open","ping_status":"closed","template":"","meta":{"_acf_changed":false},"product_brand":[],"product_cat":[116],"product_tag":[],"class_list":{"0":"post-2500","1":"product","2":"type-product","3":"status-publish","4":"has-post-thumbnail","6":"product_cat-recessed-twist-latches","7":"pa_material-steel","8":"pa_surface-treatment-black","9":"pa_surface-treatment-blue-zinc","10":"pa_surface-treatment-chrome","11":"description-off","13":"first","14":"instock","15":"shipping-taxable","16":"product-type-simple"},"acf":[],"_links":{"self":[{"href":"https:\/\/fayshing.com\/de-de\/wp-json\/wp\/v2\/product\/2500","targetHints":{"allow":["GET"]}}],"collection":[{"href":"https:\/\/fayshing.com\/de-de\/wp-json\/wp\/v2\/product"}],"about":[{"href":"https:\/\/fayshing.com\/de-de\/wp-json\/wp\/v2\/types\/product"}],"replies":[{"embeddable":true,"href":"https:\/\/fayshing.com\/de-de\/wp-json\/wp\/v2\/comments?post=2500"}],"wp:featuredmedia":[{"embeddable":true,"href":"https:\/\/fayshing.com\/de-de\/wp-json\/wp\/v2\/media\/2951"}],"wp:attachment":[{"href":"https:\/\/fayshing.com\/de-de\/wp-json\/wp\/v2\/media?parent=2500"}],"wp:term":[{"taxonomy":"product_brand","embeddable":true,"href":"https:\/\/fayshing.com\/de-de\/wp-json\/wp\/v2\/product_brand?post=2500"},{"taxonomy":"product_cat","embeddable":true,"href":"https:\/\/fayshing.com\/de-de\/wp-json\/wp\/v2\/product_cat?post=2500"},{"taxonomy":"product_tag","embeddable":true,"href":"https:\/\/fayshing.com\/de-de\/wp-json\/wp\/v2\/product_tag?post=2500"}],"curies":[{"name":"wp","href":"https:\/\/api.w.org\/{rel}","templated":true}]}}