{"id":2484,"date":"2022-05-06T14:25:23","date_gmt":"2022-05-06T06:25:23","guid":{"rendered":"https:\/\/fayshing.com\/?post_type=product&#038;p=2484"},"modified":"2025-06-03T10:02:07","modified_gmt":"2025-06-03T02:02:07","slug":"124x122mm-medium-double-bulge-shaped-butterfly-twist-latch-with-padlock-function-fs-1107","status":"publish","type":"product","link":"https:\/\/fayshing.com\/de-de\/product\/124x122mm-medium-double-bulge-shaped-butterfly-twist-latch-with-padlock-function-fs-1107\/","title":{"rendered":"124x122 mm Doppelte Bulge Schmetterlingsverschluss mit Vorh\u00e4ngeschloss \u2013 FS-1107"},"content":{"rendered":"<ul>\n<li>Mittelgro\u00dfer Double-Bulge-Butterfly-Drehverschluss mit Vorh\u00e4ngeschloss<\/li>\n<li>Material: Stahl<\/li>\n<li>Ausf\u00fchrung: Chrom \/ Schwarz \/ Zink<\/li>\n<li>Mit Vorh\u00e4ngeschloss abschlie\u00dfbar<\/li>\n<\/ul>\n<p>\u3010Dimension\u3011: Gesamtgr\u00f6\u00dfe: 124 x 122 mm; der Riegel hat 14 Befestigungsl\u00f6cher; Lochdurchmesser: 5mm.<br \/>\n\u3010Solides und n\u00fctzliches Design\u3011: Die Struktur ist solide und langlebig. Es hat eine Vorh\u00e4ngeschlossfunktion, um zu verhindern, dass sich der Riegel \u00f6ffnet.<br \/>\n\u3010Easy to Use\u3011: Schmetterlingsf\u00f6rmiger Griff, federbelastet, sanfte Torsionsbewegung, drehbar zum \u00d6ffnen oder Schlie\u00dfen des Riegels.<br \/>\n\u3010Weite Anwendung\u3011: Geeignet f\u00fcr Flightcases, Werkzeugkoffer, Holzkoffer, Aluminiumkoffer, Chassis, Gep\u00e4ckkoffer, etc.<br \/>\n\u3010Lagerung Methode\u3011: An einem trockenen Ort lagern, nicht an einem feuchten, k\u00fchlen Ort stapeln, um Rost oder Oxidation des Produkts zu vermeiden.<\/p>\n<h3>FS1107 Detaillierte CAD-Zeichnungen<\/h3>\n<p><a href=\"https:\/\/fayshing.com\/wp-content\/uploads\/FS1107-Detailed-CAD-Drawings.png\"><img fetchpriority=\"high\" decoding=\"async\" class=\"alignnone wp-image-5627\" src=\"https:\/\/fayshing.com\/wp-content\/uploads\/FS1107-Detailed-CAD-Drawings-300x139.png\" alt=\"FS1107 Detaillierte CAD-Zeichnungen\" width=\"464\" height=\"215\" title=\"\" srcset=\"https:\/\/fayshing.com\/wp-content\/uploads\/FS1107-Detailed-CAD-Drawings-300x139.png 300w, https:\/\/fayshing.com\/wp-content\/uploads\/FS1107-Detailed-CAD-Drawings-600x277.png 600w, https:\/\/fayshing.com\/wp-content\/uploads\/FS1107-Detailed-CAD-Drawings-64x30.png 64w, https:\/\/fayshing.com\/wp-content\/uploads\/FS1107-Detailed-CAD-Drawings-768x355.png 768w, https:\/\/fayshing.com\/wp-content\/uploads\/FS1107-Detailed-CAD-Drawings-18x8.png 18w, https:\/\/fayshing.com\/wp-content\/uploads\/FS1107-Detailed-CAD-Drawings.png 792w\" sizes=\"(max-width: 464px) 100vw, 464px\" \/><\/a><\/p>","protected":false},"excerpt":{"rendered":"<ul>\n<li>Mittelgro\u00dfer abschlie\u00dfbarer Riegel in Aufputzsch\u00fcssel<\/li>\n<li>Material: Stahl<\/li>\n<li>Ausf\u00fchrung: Chrom \/ Schwarz \/ Zink<\/li>\n<li>Mit Vorh\u00e4ngeschloss abschlie\u00dfbar<\/li>\n<\/ul>","protected":false},"featured_media":3050,"comment_status":"open","ping_status":"closed","template":"","meta":{"_acf_changed":false},"product_brand":[],"product_cat":[23,117],"product_tag":[],"class_list":{"0":"post-2484","1":"product","2":"type-product","3":"status-publish","4":"has-post-thumbnail","6":"product_cat-latches","7":"product_cat-surface-mount-twist-latches","8":"pa_material-steel","9":"pa_surface-treatment-black","10":"pa_surface-treatment-blue-zinc","11":"pa_surface-treatment-chrome","12":"description-off","14":"first","15":"instock","16":"shipping-taxable","17":"product-type-simple"},"acf":[],"_links":{"self":[{"href":"https:\/\/fayshing.com\/de-de\/wp-json\/wp\/v2\/product\/2484","targetHints":{"allow":["GET"]}}],"collection":[{"href":"https:\/\/fayshing.com\/de-de\/wp-json\/wp\/v2\/product"}],"about":[{"href":"https:\/\/fayshing.com\/de-de\/wp-json\/wp\/v2\/types\/product"}],"replies":[{"embeddable":true,"href":"https:\/\/fayshing.com\/de-de\/wp-json\/wp\/v2\/comments?post=2484"}],"wp:featuredmedia":[{"embeddable":true,"href":"https:\/\/fayshing.com\/de-de\/wp-json\/wp\/v2\/media\/3050"}],"wp:attachment":[{"href":"https:\/\/fayshing.com\/de-de\/wp-json\/wp\/v2\/media?parent=2484"}],"wp:term":[{"taxonomy":"product_brand","embeddable":true,"href":"https:\/\/fayshing.com\/de-de\/wp-json\/wp\/v2\/product_brand?post=2484"},{"taxonomy":"product_cat","embeddable":true,"href":"https:\/\/fayshing.com\/de-de\/wp-json\/wp\/v2\/product_cat?post=2484"},{"taxonomy":"product_tag","embeddable":true,"href":"https:\/\/fayshing.com\/de-de\/wp-json\/wp\/v2\/product_tag?post=2484"}],"curies":[{"name":"wp","href":"https:\/\/api.w.org\/{rel}","templated":true}]}}