{"id":2475,"date":"2022-05-06T10:26:14","date_gmt":"2022-05-06T02:26:14","guid":{"rendered":"https:\/\/fayshing.com\/?post_type=product&#038;p=2475"},"modified":"2025-01-10T15:14:50","modified_gmt":"2025-01-10T07:14:50","slug":"fayshing-black-plastic-360-degree-swivel-caster-wheel-fs-7036","status":"publish","type":"product","link":"https:\/\/fayshing.com\/de-de\/product\/fayshing-black-plastic-360-degree-swivel-caster-wheel-fs-7036\/","title":{"rendered":"Fayshing Schwarzer Kunststoff 360-Grad-Lenkrad FS-7060"},"content":{"rendered":"<p>Integrierte Rollen: Die integrierten Kipprollen sind aus Polyurethan gefertigt, daher entstehen keine Ger\u00e4usche im Betrieb und Sie m\u00fcssen sich keine Sorgen \u00fcber Knackger\u00e4usche machen.<br \/>\nDoppelte Lagerung: Das Design mit doppelter Lagerung macht es flexibler bei der Bewegung und Sie k\u00f6nnen es f\u00fcr eine lange Zeit verwenden.<br \/>\nTragf\u00e4higkeit: Es ist zu beachten, dass die Tragf\u00e4higkeit der 4 R\u00e4der nur als Summe der drei R\u00e4der berechnet werden kann, da bei unebener Fahrbahn die Kraft der 4 R\u00e4der ungleichm\u00e4\u00dfig ist.<br \/>\nAnwendung: Sie k\u00f6nnen es f\u00fcr Trolleys, Flightcases, Aufbewahrungsboxen, Kleiderschr\u00e4nke, Rollkoffer, Koffer, Reisekoffer und andere Gelegenheiten verwenden.<br \/>\nQualit\u00e4tsservice: Wenn Sie w\u00e4hrend des Kaufvorgangs Zweifel haben, k\u00f6nnen Sie uns kontaktieren und wir werden Ihnen eine zufriedenstellende Antwort geben.<\/p>","protected":false},"excerpt":{"rendered":"<p>Warum Sie sich f\u00fcr Fayshing-Rollen entscheiden sollten:<\/p>\n<p>\u2714 Hochwertige Materialien und absolute Langlebigkeit<\/p>\n<p>\u2714 Einfacher Aufbau und leichtes Man\u00f6vrieren.<\/p>\n<p>\u2714 Perfekt zum Bewegen von Kisten, Rollwagen, Werkb\u00e4nken, M\u00f6beln, Regalen und anderen Gegenst\u00e4nden, die h\u00e4ufig in Werkst\u00e4tten vorkommen.<\/p>\n<p>\u2714 Wir bieten unglaublich g\u00fcnstige Preise.<\/p>","protected":false},"featured_media":6001,"comment_status":"open","ping_status":"closed","template":"","meta":{"_acf_changed":false},"product_brand":[],"product_cat":[203],"product_tag":[],"class_list":{"0":"post-2475","1":"product","2":"type-product","3":"status-publish","4":"has-post-thumbnail","6":"product_cat-caseters-wheel","7":"description-off","9":"first","10":"instock","11":"shipping-taxable","12":"product-type-simple"},"acf":[],"_links":{"self":[{"href":"https:\/\/fayshing.com\/de-de\/wp-json\/wp\/v2\/product\/2475","targetHints":{"allow":["GET"]}}],"collection":[{"href":"https:\/\/fayshing.com\/de-de\/wp-json\/wp\/v2\/product"}],"about":[{"href":"https:\/\/fayshing.com\/de-de\/wp-json\/wp\/v2\/types\/product"}],"replies":[{"embeddable":true,"href":"https:\/\/fayshing.com\/de-de\/wp-json\/wp\/v2\/comments?post=2475"}],"wp:featuredmedia":[{"embeddable":true,"href":"https:\/\/fayshing.com\/de-de\/wp-json\/wp\/v2\/media\/6001"}],"wp:attachment":[{"href":"https:\/\/fayshing.com\/de-de\/wp-json\/wp\/v2\/media?parent=2475"}],"wp:term":[{"taxonomy":"product_brand","embeddable":true,"href":"https:\/\/fayshing.com\/de-de\/wp-json\/wp\/v2\/product_brand?post=2475"},{"taxonomy":"product_cat","embeddable":true,"href":"https:\/\/fayshing.com\/de-de\/wp-json\/wp\/v2\/product_cat?post=2475"},{"taxonomy":"product_tag","embeddable":true,"href":"https:\/\/fayshing.com\/de-de\/wp-json\/wp\/v2\/product_tag?post=2475"}],"curies":[{"name":"wp","href":"https:\/\/api.w.org\/{rel}","templated":true}]}}