{"id":2465,"date":"2022-05-06T09:26:12","date_gmt":"2022-05-06T01:26:12","guid":{"rendered":"https:\/\/fayshing.com\/?post_type=product&#038;p=2465"},"modified":"2025-01-07T14:31:50","modified_gmt":"2025-01-07T06:31:50","slug":"4-inch-built-in-tpr-caster-wheel-fs-7033-gray","status":"publish","type":"product","link":"https:\/\/fayshing.com\/de-de\/product\/4-inch-built-in-tpr-caster-wheel-fs-7033-gray\/","title":{"rendered":"Fayshing FS-7033 Integriertes TPR-Lenkrad, 3,9 Zoll, Grau"},"content":{"rendered":"<p>Thermoplastischer Kautschuk ist ein nicht markierendes und nicht scheuerndes Material.<\/p>\n<p>Mit einem Pr\u00e4zisionskugellager bieten die R\u00e4der mit Thermoplastgummilauffl\u00e4che und Polyolefinkern von Service Caster ein leises und leichtg\u00e4ngiges Abrollverhalten, das sich f\u00fcr eine Vielzahl verschiedener sauberer Umgebungen eignet.<\/p>\n<p>Und schlie\u00dflich sind unsere R\u00e4der \u00e4u\u00dferst best\u00e4ndig gegen \u00d6l, Fett, Wasser und die meisten L\u00f6sungsmittel. Mit so vielen gro\u00dfartigen Eigenschaften werden die R\u00e4der mit Thermoplastgummi-Lauffl\u00e4che und Polyolefin-Kern von Service Caster Sie immer weiter voranbringen.<\/p>","protected":false},"excerpt":{"rendered":"<p>Warum Sie sich f\u00fcr Fayshing-Rollen entscheiden sollten:<\/p>\n<p>\u2714 Hochwertige Materialien und absolute Langlebigkeit<\/p>\n<p>\u2714 Einfacher Aufbau und leichtes Man\u00f6vrieren.<\/p>\n<p>\u2714 Perfekt zum Bewegen von Kisten, Rollwagen, Werkb\u00e4nken, M\u00f6beln, Regalen und anderen Gegenst\u00e4nden, die h\u00e4ufig in Werkst\u00e4tten vorkommen.<\/p>\n<p>\u2714 Wir bieten unglaublich g\u00fcnstige Preise.<\/p>","protected":false},"featured_media":2467,"comment_status":"open","ping_status":"closed","template":"","meta":{"_acf_changed":false},"product_brand":[],"product_cat":[203],"product_tag":[],"class_list":{"0":"post-2465","1":"product","2":"type-product","3":"status-publish","4":"has-post-thumbnail","6":"product_cat-caseters-wheel","7":"description-off","9":"first","10":"instock","11":"shipping-taxable","12":"product-type-simple"},"acf":[],"_links":{"self":[{"href":"https:\/\/fayshing.com\/de-de\/wp-json\/wp\/v2\/product\/2465","targetHints":{"allow":["GET"]}}],"collection":[{"href":"https:\/\/fayshing.com\/de-de\/wp-json\/wp\/v2\/product"}],"about":[{"href":"https:\/\/fayshing.com\/de-de\/wp-json\/wp\/v2\/types\/product"}],"replies":[{"embeddable":true,"href":"https:\/\/fayshing.com\/de-de\/wp-json\/wp\/v2\/comments?post=2465"}],"wp:featuredmedia":[{"embeddable":true,"href":"https:\/\/fayshing.com\/de-de\/wp-json\/wp\/v2\/media\/2467"}],"wp:attachment":[{"href":"https:\/\/fayshing.com\/de-de\/wp-json\/wp\/v2\/media?parent=2465"}],"wp:term":[{"taxonomy":"product_brand","embeddable":true,"href":"https:\/\/fayshing.com\/de-de\/wp-json\/wp\/v2\/product_brand?post=2465"},{"taxonomy":"product_cat","embeddable":true,"href":"https:\/\/fayshing.com\/de-de\/wp-json\/wp\/v2\/product_cat?post=2465"},{"taxonomy":"product_tag","embeddable":true,"href":"https:\/\/fayshing.com\/de-de\/wp-json\/wp\/v2\/product_tag?post=2465"}],"curies":[{"name":"wp","href":"https:\/\/api.w.org\/{rel}","templated":true}]}}