{"id":2463,"date":"2022-05-06T09:11:57","date_gmt":"2022-05-06T01:11:57","guid":{"rendered":"https:\/\/fayshing.com\/?post_type=product&#038;p=2463"},"modified":"2025-01-07T15:23:32","modified_gmt":"2025-01-07T07:23:32","slug":"fayshing-4-inch-heavy-duty-360-degree-swivel-caster-with-brake-fs-7032","status":"publish","type":"product","link":"https:\/\/fayshing.com\/de-de\/product\/fayshing-4-inch-heavy-duty-360-degree-swivel-caster-with-brake-fs-7032\/","title":{"rendered":"Fayshing FS-7032, 4 Zoll, robuste 360-Grad-Lenkrolle mit Bremse"},"content":{"rendered":"<p>Hochwertige Materialien: Das Geh\u00e4use aus Stahl ist extrem widerstandsf\u00e4hig.<br \/>\nKonstruktion der Bremse: Die Bremse blockiert sowohl das Rad als auch das Drehlager gleichzeitig, was f\u00fcr die Sicherheit unerl\u00e4sslich ist.<br \/>\n360\u00b0-Drehung: Die um 360 Grad drehbare Oberplatte erm\u00f6glicht das Drehen des Gegenst\u00fccks und eignet sich f\u00fcr den leisen und sicheren Transport von leichten M\u00f6beln und Displays.<br \/>\nAnwendung: Perfekte Rollen f\u00fcr Ger\u00e4te und M\u00f6bel, einschlie\u00dflich Ottomane, Couchtisch, Sitz, Regal, Pflanzenst\u00e4nder, B\u00fccherregale, Schuhk\u00e4sten, Spielzeugk\u00e4sten, Einkaufswagen, Werkbank, Unterbett Lagerung oder andere schwere Dinge.<\/p>","protected":false},"excerpt":{"rendered":"<p>Unsere Vision, unser Auftrag und unsere Werte beruhen auf dem Vertrauen der Kunden.<\/p>\n<p>Wir setzen die neuesten Technologien und Innovationen ein, verbessern unsere Einrichtungen und nutzen verschiedene Arten von Pr\u00fcfger\u00e4ten, um R\u00e4der und Rollen auf dem neuesten Stand der Technik herzustellen.<\/p>\n<p>Wir genie\u00dfen einen guten Ruf bei unseren Kunden und sind stolz darauf, Qualit\u00e4tsprodukte mit unvergleichlicher Zuverl\u00e4ssigkeit anbieten zu k\u00f6nnen.<\/p>","protected":false},"featured_media":2470,"comment_status":"open","ping_status":"closed","template":"","meta":{"_acf_changed":false},"product_brand":[],"product_cat":[203],"product_tag":[],"class_list":{"0":"post-2463","1":"product","2":"type-product","3":"status-publish","4":"has-post-thumbnail","6":"product_cat-caseters-wheel","7":"description-off","9":"first","10":"instock","11":"shipping-taxable","12":"product-type-simple"},"acf":[],"_links":{"self":[{"href":"https:\/\/fayshing.com\/de-de\/wp-json\/wp\/v2\/product\/2463","targetHints":{"allow":["GET"]}}],"collection":[{"href":"https:\/\/fayshing.com\/de-de\/wp-json\/wp\/v2\/product"}],"about":[{"href":"https:\/\/fayshing.com\/de-de\/wp-json\/wp\/v2\/types\/product"}],"replies":[{"embeddable":true,"href":"https:\/\/fayshing.com\/de-de\/wp-json\/wp\/v2\/comments?post=2463"}],"wp:featuredmedia":[{"embeddable":true,"href":"https:\/\/fayshing.com\/de-de\/wp-json\/wp\/v2\/media\/2470"}],"wp:attachment":[{"href":"https:\/\/fayshing.com\/de-de\/wp-json\/wp\/v2\/media?parent=2463"}],"wp:term":[{"taxonomy":"product_brand","embeddable":true,"href":"https:\/\/fayshing.com\/de-de\/wp-json\/wp\/v2\/product_brand?post=2463"},{"taxonomy":"product_cat","embeddable":true,"href":"https:\/\/fayshing.com\/de-de\/wp-json\/wp\/v2\/product_cat?post=2463"},{"taxonomy":"product_tag","embeddable":true,"href":"https:\/\/fayshing.com\/de-de\/wp-json\/wp\/v2\/product_tag?post=2463"}],"curies":[{"name":"wp","href":"https:\/\/api.w.org\/{rel}","templated":true}]}}