{"id":2448,"date":"2022-05-05T16:21:39","date_gmt":"2022-05-05T08:21:39","guid":{"rendered":"https:\/\/fayshing.com\/?post_type=product&#038;p=2448"},"modified":"2025-01-07T15:09:14","modified_gmt":"2025-01-07T07:09:14","slug":"fayshing-4-inch-double-bearing-swivel-mobile-castor-fs-7014","status":"publish","type":"product","link":"https:\/\/fayshing.com\/de-de\/product\/fayshing-4-inch-double-bearing-swivel-mobile-castor-fs-7014\/","title":{"rendered":"Fayshing FS-7014 Lenkrolle mit Doppellager, 4 Zoll"},"content":{"rendered":"<p>KLEIN und STARK, SUPER-LASTST\u00c4RKEND: Die Lenkrollen bestehen aus dem beliebten Non-Marking-Polyurethan-Gummi-Typ, sehr leiser Lauf, absorbiert St\u00f6\u00dfe und Vibrationen. Sparen Sie Zeit und Arbeit. Diese leistungsstarken Lenkrollen k\u00f6nnen f\u00fcr eine Vielzahl von kleinen oder gro\u00dfen Projekten verwendet werden.<br \/>\nUM 360 GRAD DREHBARE LENKROLLEN: Verwandeln Sie die passende Ausr\u00fcstung auf die effizienteste und arbeitssparendste Weise in jede beliebige Richtung. Unsere Lenkrollen sind das beste Zubeh\u00f6r f\u00fcr schwere M\u00f6bel, Schreibtische, Tische, Schr\u00e4nke oder Rollwagen.<br \/>\nLEISE R\u00c4DER MIT GUMMIUNTERSEITE: Leises und ger\u00e4uschloses Rollen, sodass Sie beim Bewegen Ihrer Ger\u00e4te keine Angst haben m\u00fcssen, andere zu st\u00f6ren.<br \/>\nVIELSEITIG EINSETZBAR: K\u00f6nnen sowohl im industriellen als auch im privaten Bereich verwendet werden, f\u00fcr Couchtische, Pflanzenst\u00e4nder, B\u00fccherregale, Schuhkisten, Spielzeugkisten, Einkaufswagen, Werkb\u00e4nke, Lager- oder Supermarktregale. Sie k\u00f6nnen bei Bedarf an den meisten Ger\u00e4ten installiert werden.<\/p>","protected":false},"excerpt":{"rendered":"<p>Warum Sie sich f\u00fcr Fayshing-Rollen entscheiden sollten:<\/p>\n<p>\u2714 Hochwertige Materialien und absolute Langlebigkeit<\/p>\n<p>\u2714 Einfacher Aufbau und leichtes Man\u00f6vrieren.<\/p>\n<p>\u2714 Perfekt zum Bewegen von Kisten, Rollwagen, Werkb\u00e4nken, M\u00f6beln, Regalen und anderen Gegenst\u00e4nden, die h\u00e4ufig in Werkst\u00e4tten vorkommen.<\/p>\n<p>\u2714 Wir bieten unglaublich g\u00fcnstige Preise.<\/p>","protected":false},"featured_media":2480,"comment_status":"open","ping_status":"closed","template":"","meta":{"_acf_changed":false},"product_brand":[],"product_cat":[203],"product_tag":[],"class_list":{"0":"post-2448","1":"product","2":"type-product","3":"status-publish","4":"has-post-thumbnail","6":"product_cat-caseters-wheel","7":"description-off","9":"first","10":"instock","11":"shipping-taxable","12":"purchasable","13":"product-type-simple"},"acf":[],"_links":{"self":[{"href":"https:\/\/fayshing.com\/de-de\/wp-json\/wp\/v2\/product\/2448","targetHints":{"allow":["GET"]}}],"collection":[{"href":"https:\/\/fayshing.com\/de-de\/wp-json\/wp\/v2\/product"}],"about":[{"href":"https:\/\/fayshing.com\/de-de\/wp-json\/wp\/v2\/types\/product"}],"replies":[{"embeddable":true,"href":"https:\/\/fayshing.com\/de-de\/wp-json\/wp\/v2\/comments?post=2448"}],"wp:featuredmedia":[{"embeddable":true,"href":"https:\/\/fayshing.com\/de-de\/wp-json\/wp\/v2\/media\/2480"}],"wp:attachment":[{"href":"https:\/\/fayshing.com\/de-de\/wp-json\/wp\/v2\/media?parent=2448"}],"wp:term":[{"taxonomy":"product_brand","embeddable":true,"href":"https:\/\/fayshing.com\/de-de\/wp-json\/wp\/v2\/product_brand?post=2448"},{"taxonomy":"product_cat","embeddable":true,"href":"https:\/\/fayshing.com\/de-de\/wp-json\/wp\/v2\/product_cat?post=2448"},{"taxonomy":"product_tag","embeddable":true,"href":"https:\/\/fayshing.com\/de-de\/wp-json\/wp\/v2\/product_tag?post=2448"}],"curies":[{"name":"wp","href":"https:\/\/api.w.org\/{rel}","templated":true}]}}