{"id":2434,"date":"2022-05-05T14:46:29","date_gmt":"2022-05-05T06:46:29","guid":{"rendered":"https:\/\/fayshing.com\/?post_type=product&#038;p=2434"},"modified":"2025-08-08T14:18:14","modified_gmt":"2025-08-08T06:18:14","slug":"fayshing-mental-flat-caster-dish-fs-7004","status":"publish","type":"product","link":"https:\/\/fayshing.com\/de-de\/product\/fayshing-mental-flat-caster-dish-fs-7004\/","title":{"rendered":"Fayshing Mental Flache Gussform FS-7004"},"content":{"rendered":"<p>\u3010Gr\u00f6\u00dfe\u3011 Bitte beachten Sie, dass die Au\u00dfenma\u00dfe der Schale 115 x 105 x 13,8 mm betragen. \u00dcberpr\u00fcfen Sie vor der Bestellung Ihre Anforderungen.<\/p>\n<p>\u3010Hochwertiges Material\u3011 Diese Flightcase-Rollenschalen sind aus hochwertigem Metallmaterial gefertigt, verformen sich nicht leicht und besch\u00e4digen Ihren Boden nicht, sodass Ihr Case fest an seinem Platz bleibt.<\/p>\n<p>\u3010Funktioniert gut\u3011 Fixiert das Rad an seinem Platz und sch\u00fctzt gleichzeitig den Boden vor Einkerbungen und Besch\u00e4digungen.<\/p>\n<p>\u3010Praktisch\u3011 Attraktiv und fachm\u00e4nnisch gestaltete Rollschalen f\u00fcr ein H\u00f6chstma\u00df an Form und Funktionalit\u00e4t.<\/p>","protected":false},"excerpt":{"rendered":"<p>Die Lenkrollenschale von Fayshing dient dazu, Flightcase-R\u00e4der zu tragen und ein Wegrollen der R\u00e4der zu verhindern, sodass die Koffer dort bleiben, wo sie sind.<\/p>","protected":false},"featured_media":2530,"comment_status":"open","ping_status":"closed","template":"","meta":{"_acf_changed":false},"product_brand":[],"product_cat":[146],"product_tag":[],"class_list":{"0":"post-2434","1":"product","2":"type-product","3":"status-publish","4":"has-post-thumbnail","6":"product_cat-dish","7":"description-off","9":"first","10":"instock","11":"shipping-taxable","12":"purchasable","13":"product-type-simple"},"acf":[],"_links":{"self":[{"href":"https:\/\/fayshing.com\/de-de\/wp-json\/wp\/v2\/product\/2434","targetHints":{"allow":["GET"]}}],"collection":[{"href":"https:\/\/fayshing.com\/de-de\/wp-json\/wp\/v2\/product"}],"about":[{"href":"https:\/\/fayshing.com\/de-de\/wp-json\/wp\/v2\/types\/product"}],"replies":[{"embeddable":true,"href":"https:\/\/fayshing.com\/de-de\/wp-json\/wp\/v2\/comments?post=2434"}],"wp:featuredmedia":[{"embeddable":true,"href":"https:\/\/fayshing.com\/de-de\/wp-json\/wp\/v2\/media\/2530"}],"wp:attachment":[{"href":"https:\/\/fayshing.com\/de-de\/wp-json\/wp\/v2\/media?parent=2434"}],"wp:term":[{"taxonomy":"product_brand","embeddable":true,"href":"https:\/\/fayshing.com\/de-de\/wp-json\/wp\/v2\/product_brand?post=2434"},{"taxonomy":"product_cat","embeddable":true,"href":"https:\/\/fayshing.com\/de-de\/wp-json\/wp\/v2\/product_cat?post=2434"},{"taxonomy":"product_tag","embeddable":true,"href":"https:\/\/fayshing.com\/de-de\/wp-json\/wp\/v2\/product_tag?post=2434"}],"curies":[{"name":"wp","href":"https:\/\/api.w.org\/{rel}","templated":true}]}}