{"id":2433,"date":"2022-05-05T14:36:38","date_gmt":"2022-05-05T06:36:38","guid":{"rendered":"https:\/\/fayshing.com\/?post_type=product&#038;p=2433"},"modified":"2025-01-14T11:05:27","modified_gmt":"2025-01-14T03:05:27","slug":"fayshing-large-size-caster-wheel-dish-fs-7003","status":"publish","type":"product","link":"https:\/\/fayshing.com\/de-de\/product\/fayshing-large-size-caster-wheel-dish-fs-7003\/","title":{"rendered":"Fayshing Gro\u00dfe Lenkrollenschale FS-7003"},"content":{"rendered":"<p>Material und Gr\u00f6\u00dfe: Das Rollengeschirr besteht aus Kaltblech\/Eisendraht, die Gr\u00f6\u00dfe betr\u00e4gt 180*147*45mm.<\/p>\n<p>Die mentalen Untersetzer haben eine polierte Oberfl\u00e4che, um den Boden zu ber\u00fchren, so dass der Boden nicht zerkratzt oder besch\u00e4digt wird, unabh\u00e4ngig von Holz oder Fliesen, und der Boden h\u00e4lt hervorragend.<\/p>","protected":false},"excerpt":{"rendered":"<p>Die Lenkrollenschale von Fayshing dient dazu, Flightcase-R\u00e4der zu tragen und ein Wegrollen der R\u00e4der zu verhindern, sodass die Koffer dort bleiben, wo sie sind.<\/p>","protected":false},"featured_media":2531,"comment_status":"open","ping_status":"closed","template":"","meta":{"_acf_changed":false},"product_brand":[],"product_cat":[146],"product_tag":[],"class_list":{"0":"post-2433","1":"product","2":"type-product","3":"status-publish","4":"has-post-thumbnail","6":"product_cat-dish","7":"description-off","9":"first","10":"instock","11":"shipping-taxable","12":"purchasable","13":"product-type-simple"},"acf":[],"_links":{"self":[{"href":"https:\/\/fayshing.com\/de-de\/wp-json\/wp\/v2\/product\/2433","targetHints":{"allow":["GET"]}}],"collection":[{"href":"https:\/\/fayshing.com\/de-de\/wp-json\/wp\/v2\/product"}],"about":[{"href":"https:\/\/fayshing.com\/de-de\/wp-json\/wp\/v2\/types\/product"}],"replies":[{"embeddable":true,"href":"https:\/\/fayshing.com\/de-de\/wp-json\/wp\/v2\/comments?post=2433"}],"wp:featuredmedia":[{"embeddable":true,"href":"https:\/\/fayshing.com\/de-de\/wp-json\/wp\/v2\/media\/2531"}],"wp:attachment":[{"href":"https:\/\/fayshing.com\/de-de\/wp-json\/wp\/v2\/media?parent=2433"}],"wp:term":[{"taxonomy":"product_brand","embeddable":true,"href":"https:\/\/fayshing.com\/de-de\/wp-json\/wp\/v2\/product_brand?post=2433"},{"taxonomy":"product_cat","embeddable":true,"href":"https:\/\/fayshing.com\/de-de\/wp-json\/wp\/v2\/product_cat?post=2433"},{"taxonomy":"product_tag","embeddable":true,"href":"https:\/\/fayshing.com\/de-de\/wp-json\/wp\/v2\/product_tag?post=2433"}],"curies":[{"name":"wp","href":"https:\/\/api.w.org\/{rel}","templated":true}]}}