{"id":2411,"date":"2022-05-05T10:46:41","date_gmt":"2022-05-05T02:46:41","guid":{"rendered":"https:\/\/fayshing.com\/?post_type=product&#038;p=2411"},"modified":"2025-08-08T09:43:49","modified_gmt":"2025-08-08T01:43:49","slug":"fayshing-small-dish-for-3-inch-casters-fs-7001","status":"publish","type":"product","link":"https:\/\/fayshing.com\/de-de\/product\/fayshing-small-dish-for-3-inch-casters-fs-7001\/","title":{"rendered":"Fayshing Kleine Schale f\u00fcr 4-Zoll-Rollen FS-7001"},"content":{"rendered":"<p>Material &amp; Gr\u00f6\u00dfe: Die Rollenschalen bestehen aus Kaltblech\/Eisendraht, die Gr\u00f6\u00dfe ist 153*110*35mm in der \u00e4u\u00dferen Form, 4 Zoll tief im Inneren passen die meisten R\u00e4der.<\/p>\n<p>Die mentalen Untersetzer haben eine polierte Oberfl\u00e4che, um den Boden zu ber\u00fchren, so dass der Boden nicht zerkratzt oder besch\u00e4digt wird, unabh\u00e4ngig von Holz oder Fliesen, und der Boden h\u00e4lt hervorragend.<\/p>","protected":false},"excerpt":{"rendered":"<p>Die Lenkrollenschale von Fayshing dient dazu, Flightcase-R\u00e4der zu tragen und ein Wegrollen der R\u00e4der zu verhindern, sodass die Koffer dort bleiben, wo sie sind.<\/p>","protected":false},"featured_media":2536,"comment_status":"open","ping_status":"closed","template":"","meta":{"_acf_changed":false},"product_brand":[],"product_cat":[146],"product_tag":[],"class_list":{"0":"post-2411","1":"product","2":"type-product","3":"status-publish","4":"has-post-thumbnail","6":"product_cat-dish","7":"description-off","9":"first","10":"instock","11":"shipping-taxable","12":"purchasable","13":"product-type-simple"},"acf":[],"_links":{"self":[{"href":"https:\/\/fayshing.com\/de-de\/wp-json\/wp\/v2\/product\/2411","targetHints":{"allow":["GET"]}}],"collection":[{"href":"https:\/\/fayshing.com\/de-de\/wp-json\/wp\/v2\/product"}],"about":[{"href":"https:\/\/fayshing.com\/de-de\/wp-json\/wp\/v2\/types\/product"}],"replies":[{"embeddable":true,"href":"https:\/\/fayshing.com\/de-de\/wp-json\/wp\/v2\/comments?post=2411"}],"wp:featuredmedia":[{"embeddable":true,"href":"https:\/\/fayshing.com\/de-de\/wp-json\/wp\/v2\/media\/2536"}],"wp:attachment":[{"href":"https:\/\/fayshing.com\/de-de\/wp-json\/wp\/v2\/media?parent=2411"}],"wp:term":[{"taxonomy":"product_brand","embeddable":true,"href":"https:\/\/fayshing.com\/de-de\/wp-json\/wp\/v2\/product_brand?post=2411"},{"taxonomy":"product_cat","embeddable":true,"href":"https:\/\/fayshing.com\/de-de\/wp-json\/wp\/v2\/product_cat?post=2411"},{"taxonomy":"product_tag","embeddable":true,"href":"https:\/\/fayshing.com\/de-de\/wp-json\/wp\/v2\/product_tag?post=2411"}],"curies":[{"name":"wp","href":"https:\/\/api.w.org\/{rel}","templated":true}]}}