{"id":2324,"date":"2022-05-04T15:23:21","date_gmt":"2022-05-04T07:23:21","guid":{"rendered":"https:\/\/fayshing.com\/index.php\/product\/fayshing-brace-with-6-holes\/"},"modified":"2025-01-14T11:06:34","modified_gmt":"2025-01-14T03:06:34","slug":"fayshing-brace-with-6-holes","status":"publish","type":"product","link":"https:\/\/fayshing.com\/de-de\/product\/fayshing-brace-with-6-holes\/","title":{"rendered":"Fayshing-Strebe mit 6 L\u00f6chern 55,5 x 40 mm"},"content":{"rendered":"<p><strong><b>Professionelle Galvanotechnik<\/b><\/strong><strong><b>: <\/b><\/strong>17 Jahre Erfahrung in der Beschichtung machen unsere Produkte langlebig, rostfrei und korrosionsbest\u00e4ndig.<\/p>\n<p><strong><b>Kurze Lieferzeiten\uff1a <\/b><\/strong>Wir haben \u00fcber 200 Mitarbeiter, die Produkte schnell herstellen<\/p>\n<p><strong><b>OEM: <\/b><\/strong>Kundenspezifisch, wir k\u00f6nnen f\u00fcr Sie nach Ihren Zeichnungen und Mustern entwerfen<\/p>\n<p><strong><b>Verpackung: <\/b><\/strong>Verpackt mit weichem, wei\u00dfem Papier; in eine kleine Schachtel oder einen Karton gelegt, dann in einen gro\u00dfen Karton<\/p>\n<p><strong><b>Hinweis<\/b><\/strong>\u00a0:<\/p>\n<p>Aufgrund der manuellen Messung, erlauben Sie eine Abweichung von 1 - 3mm.<\/p>\n<p>Bitte kontaktieren Sie uns, um unsere Produktgr\u00f6\u00dfe sorgf\u00e4ltig zu \u00fcberpr\u00fcfen und lesen Sie die Produktgr\u00f6\u00dfenbeschreibungen vor dem Kauf, um eine m\u00f6gliche unangenehme Einkaufserfahrung zu vermeiden.<\/p>","protected":false},"excerpt":{"rendered":"<p>Fayshing Brace mit 6 L\u00f6chern ist ideal f\u00fcr die Montage an gro\u00dfen Koffern wie Road Cases und Cable Flight Cases<\/p>","protected":false},"featured_media":4247,"comment_status":"closed","ping_status":"closed","template":"","meta":{"_acf_changed":false},"product_brand":[],"product_cat":[113],"product_tag":[],"class_list":{"0":"post-2324","1":"product","2":"type-product","3":"status-publish","4":"has-post-thumbnail","6":"product_cat-braces","7":"description-off","9":"first","10":"instock","11":"shipping-taxable","12":"product-type-simple"},"acf":[],"_links":{"self":[{"href":"https:\/\/fayshing.com\/de-de\/wp-json\/wp\/v2\/product\/2324","targetHints":{"allow":["GET"]}}],"collection":[{"href":"https:\/\/fayshing.com\/de-de\/wp-json\/wp\/v2\/product"}],"about":[{"href":"https:\/\/fayshing.com\/de-de\/wp-json\/wp\/v2\/types\/product"}],"replies":[{"embeddable":true,"href":"https:\/\/fayshing.com\/de-de\/wp-json\/wp\/v2\/comments?post=2324"}],"wp:featuredmedia":[{"embeddable":true,"href":"https:\/\/fayshing.com\/de-de\/wp-json\/wp\/v2\/media\/4247"}],"wp:attachment":[{"href":"https:\/\/fayshing.com\/de-de\/wp-json\/wp\/v2\/media?parent=2324"}],"wp:term":[{"taxonomy":"product_brand","embeddable":true,"href":"https:\/\/fayshing.com\/de-de\/wp-json\/wp\/v2\/product_brand?post=2324"},{"taxonomy":"product_cat","embeddable":true,"href":"https:\/\/fayshing.com\/de-de\/wp-json\/wp\/v2\/product_cat?post=2324"},{"taxonomy":"product_tag","embeddable":true,"href":"https:\/\/fayshing.com\/de-de\/wp-json\/wp\/v2\/product_tag?post=2324"}],"curies":[{"name":"wp","href":"https:\/\/api.w.org\/{rel}","templated":true}]}}