{"id":2317,"date":"2022-05-03T17:40:22","date_gmt":"2022-05-03T09:40:22","guid":{"rendered":"https:\/\/fayshing.com\/index.php\/product\/fayshing-small-3-legs-flat-corner\/"},"modified":"2025-06-26T10:32:50","modified_gmt":"2025-06-26T02:32:50","slug":"fayshing-small-3-legs-flat-corner","status":"publish","type":"product","link":"https:\/\/fayshing.com\/de-de\/product\/fayshing-small-3-legs-flat-corner\/","title":{"rendered":"Fayshing klein 3 Beine flach Ecke FS3117"},"content":{"rendered":"<p><strong><b>Professionelle Galvanotechnik: <\/b><\/strong>17 Jahre Erfahrung in der Beschichtung machen unsere Produkte langlebig, rostfrei und korrosionsbest\u00e4ndig.<\/p>\n<p><strong><b>Kurze Lieferzeiten\uff1a <\/b><\/strong>Wir haben \u00fcber 200 Mitarbeiter, die Produkte schnell herstellen<\/p>\n<p><strong><b>OEM: <\/b><\/strong>Kundenspezifisch, wir k\u00f6nnen f\u00fcr Sie nach Ihren Zeichnungen und Mustern entwerfen<\/p>\n<p><strong><b>Verpackung: <\/b><\/strong>Verpackt mit weichem, wei\u00dfem Papier; in eine kleine Schachtel oder einen Karton gelegt, dann in einen gro\u00dfen Karton<\/p>\n<p><strong><b>Hinweis<\/b><\/strong>\u00a0:<\/p>\n<p>Aufgrund der manuellen Messung, erlauben Sie eine Abweichung von 1 - 3mm.<\/p>\n<p>Bitte kontaktieren Sie uns, um unsere Produktgr\u00f6\u00dfe sorgf\u00e4ltig zu \u00fcberpr\u00fcfen und lesen Sie die Produktgr\u00f6\u00dfenbeschreibungen vor dem Kauf, um eine m\u00f6gliche unangenehme Einkaufserfahrung zu vermeiden.<\/p>","protected":false},"excerpt":{"rendered":"<ul>\n<li>klein 3 Beine flach Ecke FS3117<\/li>\n<li>Stahl<\/li>\n<li>Chrom<\/li>\n<li>Kleines<\/li>\n<li>Flache Ecke<\/li>\n<\/ul>","protected":false},"featured_media":2643,"comment_status":"open","ping_status":"closed","template":"","meta":{"_acf_changed":false},"product_brand":[],"product_cat":[127],"product_tag":[],"class_list":{"0":"post-2317","1":"product","2":"type-product","3":"status-publish","4":"has-post-thumbnail","6":"product_cat-flat-corners","7":"pa_material-steel","8":"pa_surface-treatment-black","9":"pa_surface-treatment-chrome","10":"description-off","12":"first","13":"instock","14":"shipping-taxable","15":"product-type-simple"},"acf":[],"_links":{"self":[{"href":"https:\/\/fayshing.com\/de-de\/wp-json\/wp\/v2\/product\/2317","targetHints":{"allow":["GET"]}}],"collection":[{"href":"https:\/\/fayshing.com\/de-de\/wp-json\/wp\/v2\/product"}],"about":[{"href":"https:\/\/fayshing.com\/de-de\/wp-json\/wp\/v2\/types\/product"}],"replies":[{"embeddable":true,"href":"https:\/\/fayshing.com\/de-de\/wp-json\/wp\/v2\/comments?post=2317"}],"wp:featuredmedia":[{"embeddable":true,"href":"https:\/\/fayshing.com\/de-de\/wp-json\/wp\/v2\/media\/2643"}],"wp:attachment":[{"href":"https:\/\/fayshing.com\/de-de\/wp-json\/wp\/v2\/media?parent=2317"}],"wp:term":[{"taxonomy":"product_brand","embeddable":true,"href":"https:\/\/fayshing.com\/de-de\/wp-json\/wp\/v2\/product_brand?post=2317"},{"taxonomy":"product_cat","embeddable":true,"href":"https:\/\/fayshing.com\/de-de\/wp-json\/wp\/v2\/product_cat?post=2317"},{"taxonomy":"product_tag","embeddable":true,"href":"https:\/\/fayshing.com\/de-de\/wp-json\/wp\/v2\/product_tag?post=2317"}],"curies":[{"name":"wp","href":"https:\/\/api.w.org\/{rel}","templated":true}]}}