{"id":2240,"date":"2022-05-03T10:17:43","date_gmt":"2022-05-03T02:17:43","guid":{"rendered":"https:\/\/fayshing.com\/?post_type=product&#038;p=2240"},"modified":"2025-01-14T11:07:50","modified_gmt":"2025-01-14T03:07:50","slug":"fayshing-large-3-legs-flat-corner-with-6-holes","status":"publish","type":"product","link":"https:\/\/fayshing.com\/de-de\/product\/fayshing-large-3-legs-flat-corner-with-6-holes\/","title":{"rendered":"Fayshing gro\u00df 3 Beine flach Ecke mit 6 L\u00f6cher"},"content":{"rendered":"<p><strong>Fayshing gro\u00df 3 Beine flach Ecke mit 6 L\u00f6cher<\/strong><\/p>\n<p><strong>Breite Anwendung<\/strong>: Weit verbreitet in verschiedenen Arten von Werkzeugkoffern, Milit\u00e4rkoffern, Holzkoffern, usw.<\/p>\n<p>Flache Ecken sind aus dem kalten Blech, nicht leicht zu rosten, nachdem sie dem Regen ausgesetzt sind<\/p>\n<p>hohe H\u00e4rte, sind nicht leicht zu verformen und korrosionsbest\u00e4ndig<\/p>\n<p><strong>Hinweis<\/strong> :<\/p>\n<p>Aufgrund manueller Messung ist eine Abweichung von 1\u20132\u00a0mm m\u00f6glich.<\/p>\n<p>Bitte kontaktieren Sie uns, um unsere Produktgr\u00f6\u00dfe sorgf\u00e4ltig zu \u00fcberpr\u00fcfen und lesen Sie die Produktgr\u00f6\u00dfenbeschreibungen vor dem Kauf, um eine m\u00f6gliche unangenehme Einkaufserfahrung zu vermeiden.<\/p>","protected":false},"excerpt":{"rendered":"<p>Fayshing gro\u00dfe flache 3-Bein-Ecke mit 6 L\u00f6chern ist ideal f\u00fcr die Montage an gr\u00f6\u00dferen Koffern wie Road Cases und Cable Flight Cases<\/p>","protected":false},"featured_media":2241,"comment_status":"open","ping_status":"closed","template":"","meta":{"_acf_changed":false},"product_brand":[],"product_cat":[127],"product_tag":[],"class_list":{"0":"post-2240","1":"product","2":"type-product","3":"status-publish","4":"has-post-thumbnail","6":"product_cat-flat-corners","7":"description-off","9":"first","10":"instock","11":"shipping-taxable","12":"product-type-simple"},"acf":[],"_links":{"self":[{"href":"https:\/\/fayshing.com\/de-de\/wp-json\/wp\/v2\/product\/2240","targetHints":{"allow":["GET"]}}],"collection":[{"href":"https:\/\/fayshing.com\/de-de\/wp-json\/wp\/v2\/product"}],"about":[{"href":"https:\/\/fayshing.com\/de-de\/wp-json\/wp\/v2\/types\/product"}],"replies":[{"embeddable":true,"href":"https:\/\/fayshing.com\/de-de\/wp-json\/wp\/v2\/comments?post=2240"}],"wp:featuredmedia":[{"embeddable":true,"href":"https:\/\/fayshing.com\/de-de\/wp-json\/wp\/v2\/media\/2241"}],"wp:attachment":[{"href":"https:\/\/fayshing.com\/de-de\/wp-json\/wp\/v2\/media?parent=2240"}],"wp:term":[{"taxonomy":"product_brand","embeddable":true,"href":"https:\/\/fayshing.com\/de-de\/wp-json\/wp\/v2\/product_brand?post=2240"},{"taxonomy":"product_cat","embeddable":true,"href":"https:\/\/fayshing.com\/de-de\/wp-json\/wp\/v2\/product_cat?post=2240"},{"taxonomy":"product_tag","embeddable":true,"href":"https:\/\/fayshing.com\/de-de\/wp-json\/wp\/v2\/product_tag?post=2240"}],"curies":[{"name":"wp","href":"https:\/\/api.w.org\/{rel}","templated":true}]}}