{"id":2198,"date":"2022-04-22T15:32:33","date_gmt":"2022-04-22T07:32:33","guid":{"rendered":"http:\/\/fayshing.com\/index.php\/product\/fayshing-high-quality-110mm-black-plastic-handle-for-luggage-case-fs-2033\/"},"modified":"2025-06-13T15:39:10","modified_gmt":"2025-06-13T07:39:10","slug":"fayshing-high-quality-110mm-black-plastic-handle-for-luggage-case-fs-2033","status":"publish","type":"product","link":"https:\/\/fayshing.com\/de-de\/product\/fayshing-high-quality-110mm-black-plastic-handle-for-luggage-case-fs-2033\/","title":{"rendered":"Aktentasche Drehgriff mit schwarzen Beschl\u00e4gen FS2033"},"content":{"rendered":"<p><strong>Fayshing Hochwertiger 110mm Schwarzer Kunststoffgriff f\u00fcr Gep\u00e4ckkoffer FS-2033<\/strong><\/p>\n<p>Breite Anwendung: Weit verbreitet in verschiedenen Arten von Metallkoffern, Stra\u00dfenkoffern und Aluminiumkoffern, usw.<\/p>\n<hr \/>\n<p><strong>Beschreibung :<\/strong><\/p>\n<ul>\n<li>Die Griffe sind aus Kunststoff und K\u00fchlblech gefertigt, korrosionsbest\u00e4ndig, langlebig, wasserdicht und leicht.<\/li>\n<li>Diese Griffe sind perfekt f\u00fcr Ihre Metallkoffer, Stra\u00dfenkoffer und Aluminiumkoffer. Genie\u00dfen Sie den Spa\u00df mit DIY, um Ihre Koffer neu und modern aussehen zu lassen.<\/li>\n<\/ul>\n<hr \/>\n<p><strong>Notiz :<\/strong><\/p>\n<ul>\n<li>Aufgrund der manuellen Messung, erlauben Sie eine Abweichung von 1 - 3mm.<\/li>\n<li>Bitte kontaktieren Sie uns, \u00fcberpr\u00fcfen Sie unsere Produktgr\u00f6\u00dfe sorgf\u00e4ltig und lesen Sie die Produktgr\u00f6\u00dfenbeschreibungen vor dem Kauf, um m\u00f6glicherweise unangenehme Einkaufserlebnisse zu vermeiden.<\/li>\n<\/ul>","protected":false},"excerpt":{"rendered":"<ul>\n<li>Aktenkoffer-Drehgriff mit schwarzen Kunststoffbeschl\u00e4gen<\/li>\n<li>FS2033<\/li>\n<li>Schwarze Kunststoffbeschl\u00e4ge<\/li>\n<li>133 \u00d7 63 mm<\/li>\n<li>Schwarz<\/li>\n<\/ul>","protected":false},"featured_media":6319,"comment_status":"open","ping_status":"closed","template":"","meta":{"_acf_changed":false},"product_brand":[],"product_cat":[108,123],"product_tag":[],"class_list":{"0":"post-2198","1":"product","2":"type-product","3":"status-publish","4":"has-post-thumbnail","6":"product_cat-handles","7":"product_cat-briefcase-handles","8":"description-off","10":"first","11":"instock","12":"shipping-taxable","13":"product-type-simple"},"acf":[],"_links":{"self":[{"href":"https:\/\/fayshing.com\/de-de\/wp-json\/wp\/v2\/product\/2198","targetHints":{"allow":["GET"]}}],"collection":[{"href":"https:\/\/fayshing.com\/de-de\/wp-json\/wp\/v2\/product"}],"about":[{"href":"https:\/\/fayshing.com\/de-de\/wp-json\/wp\/v2\/types\/product"}],"replies":[{"embeddable":true,"href":"https:\/\/fayshing.com\/de-de\/wp-json\/wp\/v2\/comments?post=2198"}],"wp:featuredmedia":[{"embeddable":true,"href":"https:\/\/fayshing.com\/de-de\/wp-json\/wp\/v2\/media\/6319"}],"wp:attachment":[{"href":"https:\/\/fayshing.com\/de-de\/wp-json\/wp\/v2\/media?parent=2198"}],"wp:term":[{"taxonomy":"product_brand","embeddable":true,"href":"https:\/\/fayshing.com\/de-de\/wp-json\/wp\/v2\/product_brand?post=2198"},{"taxonomy":"product_cat","embeddable":true,"href":"https:\/\/fayshing.com\/de-de\/wp-json\/wp\/v2\/product_cat?post=2198"},{"taxonomy":"product_tag","embeddable":true,"href":"https:\/\/fayshing.com\/de-de\/wp-json\/wp\/v2\/product_tag?post=2198"}],"curies":[{"name":"wp","href":"https:\/\/api.w.org\/{rel}","templated":true}]}}